{"id":967,"date":"2017-09-12T16:36:19","date_gmt":"2017-09-12T14:36:19","guid":{"rendered":"http:\/\/www.hanfcooking.at\/blog\/?page_id=967"},"modified":"2026-03-24T09:38:33","modified_gmt":"2026-03-24T08:38:33","slug":"hanf-spaghetti-auf-die-schnelle","status":"publish","type":"page","link":"https:\/\/www.hanfcooking.at\/?page_id=967","title":{"rendered":"Hanf \u2013 Spaghetti auf die Schnelle"},"content":{"rendered":"\t\t<div data-elementor-type=\"wp-post\" data-elementor-id=\"967\" class=\"elementor elementor-967\">\n\t\t\t\t\t\t<section class=\"elementor-section elementor-top-section elementor-element elementor-element-d1374aa elementor-section-boxed elementor-section-height-default elementor-section-height-default\" data-id=\"d1374aa\" data-element_type=\"section\" data-e-type=\"section\">\n\t\t\t\t\t\t<div class=\"elementor-container elementor-column-gap-default\">\n\t\t\t\t\t<div class=\"elementor-column elementor-col-100 elementor-top-column elementor-element elementor-element-fc73ff3\" data-id=\"fc73ff3\" data-element_type=\"column\" data-e-type=\"column\">\n\t\t\t<div class=\"elementor-widget-wrap elementor-element-populated\">\n\t\t\t\t\t\t<div class=\"elementor-element elementor-element-b1b48d2 elementor-widget elementor-widget-text-editor\" data-id=\"b1b48d2\" data-element_type=\"widget\" data-e-type=\"widget\" data-widget_type=\"text-editor.default\">\n\t\t\t\t<div class=\"elementor-widget-container\">\n\t\t\t\t\t\t\t\t\t<h1>Hanfspaghetti auf die schnelle<\/h1>\t\t\t\t\t\t\t\t<\/div>\n\t\t\t\t<\/div>\n\t\t\t\t\t<\/div>\n\t\t<\/div>\n\t\t\t\t\t<\/div>\n\t\t<\/section>\n\t\t\t\t<section class=\"elementor-section elementor-top-section elementor-element elementor-element-tyjakil elementor-section-boxed elementor-section-height-default elementor-section-height-default\" data-id=\"tyjakil\" data-element_type=\"section\" data-e-type=\"section\">\n\t\t\t\t\t\t<div class=\"elementor-container elementor-column-gap-default\">\n\t\t\t\t\t<div class=\"elementor-column elementor-col-33 elementor-top-column elementor-element elementor-element-b3r840x\" data-id=\"b3r840x\" data-element_type=\"column\" data-e-type=\"column\">\n\t\t\t<div class=\"elementor-widget-wrap elementor-element-populated\">\n\t\t\t\t\t\t<div class=\"elementor-element elementor-element-foo7x62 elementor-widget elementor-widget-image\" data-id=\"foo7x62\" data-element_type=\"widget\" data-e-type=\"widget\" data-widget_type=\"image.default\">\n\t\t\t\t<div class=\"elementor-widget-container\">\n\t\t\t\t\t\t\t\t\t\t\t\t\t\t\t\t<a href=\"http:\/\/www.hanfcooking.at\/blog\/wp-content\/uploads\/2017\/09\/Spaghetti.jpg\" data-elementor-open-lightbox=\"yes\" data-elementor-lightbox-title=\"Spaghetti\" data-e-action-hash=\"#elementor-action%3Aaction%3Dlightbox%26settings%3DeyJpZCI6OTY5LCJ1cmwiOiJodHRwczpcL1wvd3d3LmhhbmZjb29raW5nLmF0XC93cC1jb250ZW50XC91cGxvYWRzXC8yMDE3XC8wOVwvU3BhZ2hldHRpLmpwZyJ9\">\n\t\t\t\t\t\t\t<img fetchpriority=\"high\" decoding=\"async\" width=\"750\" height=\"519\" src=\"https:\/\/www.hanfcooking.at\/wp-content\/uploads\/2017\/09\/Spaghetti-1024x708.jpg\" class=\"attachment-large size-large wp-image-969\" alt=\"\" srcset=\"https:\/\/www.hanfcooking.at\/wp-content\/uploads\/2017\/09\/Spaghetti-1024x708.jpg 1024w, https:\/\/www.hanfcooking.at\/wp-content\/uploads\/2017\/09\/Spaghetti-300x208.jpg 300w, https:\/\/www.hanfcooking.at\/wp-content\/uploads\/2017\/09\/Spaghetti-768x531.jpg 768w, https:\/\/www.hanfcooking.at\/wp-content\/uploads\/2017\/09\/Spaghetti-830x574.jpg 830w, https:\/\/www.hanfcooking.at\/wp-content\/uploads\/2017\/09\/Spaghetti-230x159.jpg 230w, https:\/\/www.hanfcooking.at\/wp-content\/uploads\/2017\/09\/Spaghetti-350x242.jpg 350w, https:\/\/www.hanfcooking.at\/wp-content\/uploads\/2017\/09\/Spaghetti-480x332.jpg 480w\" sizes=\"(max-width: 750px) 100vw, 750px\" \/>\t\t\t\t\t\t\t\t<\/a>\n\t\t\t\t\t\t\t\t\t\t\t\t\t\t\t<\/div>\n\t\t\t\t<\/div>\n\t\t\t\t\t<\/div>\n\t\t<\/div>\n\t\t\t\t<div class=\"elementor-column elementor-col-33 elementor-top-column elementor-element elementor-element-cekcm0m\" data-id=\"cekcm0m\" data-element_type=\"column\" data-e-type=\"column\">\n\t\t\t<div class=\"elementor-widget-wrap elementor-element-populated\">\n\t\t\t\t\t\t<div class=\"elementor-element elementor-element-71gqtrd elementor-widget elementor-widget-text-editor\" data-id=\"71gqtrd\" data-element_type=\"widget\" data-e-type=\"widget\" data-widget_type=\"text-editor.default\">\n\t\t\t\t<div class=\"elementor-widget-container\">\n\t\t\t\t\t\t\t\t\t<p><strong>Zutaten: <\/strong><br \/> 400g \u00a0\u00a0\u00a0\u00a0 Hanfspaghetti<br \/> 1 \u00a0\u00a0\u00a0\u00a0\u00a0\u00a0\u00a0\u00a0\u00a0\u00a0\u00a0 Zucchino<br \/> 1\u00a0\u00a0\u00a0\u00a0\u00a0\u00a0\u00a0\u00a0\u00a0\u00a0\u00a0\u00a0 Paprika rot<br \/> 1 \u00a0\u00a0\u00a0\u00a0\u00a0\u00a0\u00a0\u00a0\u00a0\u00a0\u00a0 Tomate<br \/> 1 \u00a0\u00a0\u00a0\u00a0\u00a0\u00a0\u00a0\u00a0\u00a0\u00a0\u00a0 Zwiebel<br \/> 2\u00a0\u00a0\u00a0\u00a0\u00a0\u00a0\u00a0\u00a0\u00a0\u00a0\u00a0\u00a0 Knoblauchzehen<br \/> 2 \u00a0\u00a0\u00a0\u00a0\u00a0\u00a0\u00a0\u00a0\u00a0\u00a0\u00a0 EL gesch\u00e4lten Hanfsamen<br \/> 1\u00a0\u00a0\u00a0\u00a0\u00a0\u00a0\u00a0\u00a0\u00a0\u00a0\u00a0\u00a0 Thymianzweig<br \/> 1\u00a0\u00a0\u00a0\u00a0\u00a0\u00a0\u00a0\u00a0\u00a0\u00a0\u00a0\u00a0 Oreganozweig<br \/> 2 EL\u00a0\u00a0\u00a0\u00a0\u00a0\u00a0\u00a0 Oliven\u00f6l<br \/> Salz, Pfeffer, Parmesan<\/p>\t\t\t\t\t\t\t\t<\/div>\n\t\t\t\t<\/div>\n\t\t\t\t\t<\/div>\n\t\t<\/div>\n\t\t\t\t<div class=\"elementor-column elementor-col-33 elementor-top-column elementor-element elementor-element-gfhsteq\" data-id=\"gfhsteq\" data-element_type=\"column\" data-e-type=\"column\">\n\t\t\t<div class=\"elementor-widget-wrap\">\n\t\t\t\t\t\t\t<\/div>\n\t\t<\/div>\n\t\t\t\t\t<\/div>\n\t\t<\/section>\n\t\t\t\t<section class=\"elementor-section elementor-top-section elementor-element elementor-element-86eb773 elementor-section-boxed elementor-section-height-default elementor-section-height-default\" data-id=\"86eb773\" data-element_type=\"section\" data-e-type=\"section\">\n\t\t\t\t\t\t<div class=\"elementor-container elementor-column-gap-default\">\n\t\t\t\t\t<div class=\"elementor-column elementor-col-100 elementor-top-column elementor-element elementor-element-f23cdfa\" data-id=\"f23cdfa\" data-element_type=\"column\" data-e-type=\"column\">\n\t\t\t<div class=\"elementor-widget-wrap elementor-element-populated\">\n\t\t\t\t\t\t<div class=\"elementor-element elementor-element-5o55zd3 elementor-widget elementor-widget-text-editor\" data-id=\"5o55zd3\" data-element_type=\"widget\" data-e-type=\"widget\" data-widget_type=\"text-editor.default\">\n\t\t\t\t<div class=\"elementor-widget-container\">\n\t\t\t\t\t\t\t\t\t<p><strong>Zubereitung:<\/strong><br \/>Die Hanfspaghetti in einem gro\u00dfen Topf mit Salzwasser al dente kochen.<br \/>In der Zwischenzeit die Zwiebel sch\u00e4len und in Streifen schneiden. Den gewaschenen Zucchino entweder mit einem Zestenrei\u00dfer oder mit dem Sparsch\u00e4ler der L\u00e4nge nach in Streifen abziehen, die Paprika und die Tomate waschen, die Paprika in Streifen, die Tomate in W\u00fcrfel schneiden. Die Knoblauchzehen abziehen und grob schneiden. Die Hanfspaghetti abseihen, in einer Gro\u00dfen Pfanne erst die gesch\u00e4lten Hanfsamen trocken anr\u00f6sten, das \u00d6l erhitzen und das Gem\u00fcse darin anschwitzen und mit den Kr\u00e4utern, Salz und Pfeffer w\u00fcrzen die Hanfspaghetti dazugeben und durchschwenken.<br \/>Am Teller h\u00fcbsch anrichten und den Parmesan dar\u00fcber reiben.<\/p>\t\t\t\t\t\t\t\t<\/div>\n\t\t\t\t<\/div>\n\t\t\t\t\t<\/div>\n\t\t<\/div>\n\t\t\t\t\t<\/div>\n\t\t<\/section>\n\t\t\t\t<section class=\"elementor-section elementor-top-section elementor-element elementor-element-a74f811 elementor-section-boxed elementor-section-height-default elementor-section-height-default\" data-id=\"a74f811\" data-element_type=\"section\" data-e-type=\"section\">\n\t\t\t\t\t\t<div class=\"elementor-container elementor-column-gap-default\">\n\t\t\t\t\t<div class=\"elementor-column elementor-col-100 elementor-top-column elementor-element elementor-element-eff1409\" data-id=\"eff1409\" data-element_type=\"column\" data-e-type=\"column\">\n\t\t\t<div class=\"elementor-widget-wrap elementor-element-populated\">\n\t\t\t\t\t\t<div class=\"elementor-element elementor-element-70ddf3c elementor-widget elementor-widget-text-editor\" data-id=\"70ddf3c\" data-element_type=\"widget\" data-e-type=\"widget\" data-widget_type=\"text-editor.default\">\n\t\t\t\t<div class=\"elementor-widget-container\">\n\t\t\t\t\t\t\t\t\t<p><a href=\"https:\/\/www.hanfcooking.at\/?page_id=1508\">\u21d0 z<\/a><a href=\"https:\/\/www.hanfcooking.at\/?page_id=1508\">ur\u00fcck Hanfrezepte<\/a><\/p>\t\t\t\t\t\t\t\t<\/div>\n\t\t\t\t<\/div>\n\t\t\t\t\t<\/div>\n\t\t<\/div>\n\t\t\t\t\t<\/div>\n\t\t<\/section>\n\t\t\t\t<\/div>\n\t\t","protected":false},"excerpt":{"rendered":"<p>Hanfspaghetti auf die schnelle Zutaten: 400g \u00a0\u00a0\u00a0\u00a0 Hanfspaghetti 1 \u00a0\u00a0\u00a0\u00a0\u00a0\u00a0\u00a0\u00a0\u00a0\u00a0\u00a0 Zucchino 1\u00a0\u00a0\u00a0\u00a0\u00a0\u00a0\u00a0\u00a0\u00a0\u00a0\u00a0\u00a0 Paprika rot 1 \u00a0\u00a0\u00a0\u00a0\u00a0\u00a0\u00a0\u00a0\u00a0\u00a0\u00a0 Tomate 1 \u00a0\u00a0\u00a0\u00a0\u00a0\u00a0\u00a0\u00a0\u00a0\u00a0\u00a0 Zwiebel 2\u00a0\u00a0\u00a0\u00a0\u00a0\u00a0\u00a0\u00a0\u00a0\u00a0\u00a0\u00a0 Knoblauchzehen 2 \u00a0\u00a0\u00a0\u00a0\u00a0\u00a0\u00a0\u00a0\u00a0\u00a0\u00a0 EL gesch\u00e4lten Hanfsamen 1\u00a0\u00a0\u00a0\u00a0\u00a0\u00a0\u00a0\u00a0\u00a0\u00a0\u00a0\u00a0 Thymianzweig 1\u00a0\u00a0\u00a0\u00a0\u00a0\u00a0\u00a0\u00a0\u00a0\u00a0\u00a0\u00a0 Oreganozweig 2 EL\u00a0\u00a0\u00a0\u00a0\u00a0\u00a0\u00a0 Oliven\u00f6l Salz, Pfeffer, Parmesan Zubereitung:Die Hanfspaghetti in einem gro\u00dfen Topf mit Salzwasser al dente kochen.In der Zwischenzeit die Zwiebel sch\u00e4len und in [&hellip;]<\/p>\n","protected":false},"author":1,"featured_media":0,"parent":0,"menu_order":0,"comment_status":"closed","ping_status":"closed","template":"","meta":{"footnotes":""},"class_list":["post-967","page","type-page","status-publish","hentry"],"yoast_head":"<!-- This site is optimized with the Yoast SEO plugin v27.4 - https:\/\/yoast.com\/product\/yoast-seo-wordpress\/ -->\n<title>Hanf \u2013 Spaghetti auf die Schnelle - hanfcooking<\/title>\n<meta name=\"robots\" content=\"index, follow, max-snippet:-1, max-image-preview:large, max-video-preview:-1\" \/>\n<link rel=\"canonical\" href=\"https:\/\/www.hanfcooking.at\/?page_id=967\" \/>\n<meta property=\"og:locale\" content=\"de_DE\" \/>\n<meta property=\"og:type\" content=\"article\" \/>\n<meta property=\"og:title\" content=\"Hanf \u2013 Spaghetti auf die Schnelle - hanfcooking\" \/>\n<meta property=\"og:description\" content=\"Hanfspaghetti auf die schnelle Zutaten: 400g \u00a0\u00a0\u00a0\u00a0 Hanfspaghetti 1 \u00a0\u00a0\u00a0\u00a0\u00a0\u00a0\u00a0\u00a0\u00a0\u00a0\u00a0 Zucchino 1\u00a0\u00a0\u00a0\u00a0\u00a0\u00a0\u00a0\u00a0\u00a0\u00a0\u00a0\u00a0 Paprika rot 1 \u00a0\u00a0\u00a0\u00a0\u00a0\u00a0\u00a0\u00a0\u00a0\u00a0\u00a0 Tomate 1 \u00a0\u00a0\u00a0\u00a0\u00a0\u00a0\u00a0\u00a0\u00a0\u00a0\u00a0 Zwiebel 2\u00a0\u00a0\u00a0\u00a0\u00a0\u00a0\u00a0\u00a0\u00a0\u00a0\u00a0\u00a0 Knoblauchzehen 2 \u00a0\u00a0\u00a0\u00a0\u00a0\u00a0\u00a0\u00a0\u00a0\u00a0\u00a0 EL gesch\u00e4lten Hanfsamen 1\u00a0\u00a0\u00a0\u00a0\u00a0\u00a0\u00a0\u00a0\u00a0\u00a0\u00a0\u00a0 Thymianzweig 1\u00a0\u00a0\u00a0\u00a0\u00a0\u00a0\u00a0\u00a0\u00a0\u00a0\u00a0\u00a0 Oreganozweig 2 EL\u00a0\u00a0\u00a0\u00a0\u00a0\u00a0\u00a0 Oliven\u00f6l Salz, Pfeffer, Parmesan Zubereitung:Die Hanfspaghetti in einem gro\u00dfen Topf mit Salzwasser al dente kochen.In der Zwischenzeit die Zwiebel sch\u00e4len und in [&hellip;]\" \/>\n<meta property=\"og:url\" content=\"https:\/\/www.hanfcooking.at\/?page_id=967\" \/>\n<meta property=\"og:site_name\" content=\"hanfcooking\" \/>\n<meta property=\"article:publisher\" content=\"https:\/\/www.facebook.com\/hanfcooking\" \/>\n<meta property=\"article:modified_time\" content=\"2026-03-24T08:38:33+00:00\" \/>\n<meta property=\"og:image\" content=\"https:\/\/www.hanfcooking.at\/wp-content\/uploads\/2017\/09\/Spaghetti-1024x708.jpg\" \/>\n\t<meta property=\"og:image:width\" content=\"1024\" \/>\n\t<meta property=\"og:image:height\" content=\"708\" \/>\n\t<meta property=\"og:image:type\" content=\"image\/jpeg\" \/>\n<meta name=\"twitter:card\" content=\"summary_large_image\" \/>\n<meta name=\"twitter:label1\" content=\"Gesch\u00e4tzte Lesezeit\" \/>\n\t<meta name=\"twitter:data1\" content=\"1\u00a0Minute\" \/>\n<script type=\"application\/ld+json\" class=\"yoast-schema-graph\">{\"@context\":\"https:\\\/\\\/schema.org\",\"@graph\":[{\"@type\":\"WebPage\",\"@id\":\"https:\\\/\\\/www.hanfcooking.at\\\/?page_id=967\",\"url\":\"https:\\\/\\\/www.hanfcooking.at\\\/?page_id=967\",\"name\":\"Hanf \u2013 Spaghetti auf die Schnelle - hanfcooking\",\"isPartOf\":{\"@id\":\"https:\\\/\\\/www.hanfcooking.at\\\/#website\"},\"primaryImageOfPage\":{\"@id\":\"https:\\\/\\\/www.hanfcooking.at\\\/?page_id=967#primaryimage\"},\"image\":{\"@id\":\"https:\\\/\\\/www.hanfcooking.at\\\/?page_id=967#primaryimage\"},\"thumbnailUrl\":\"http:\\\/\\\/www.hanfcooking.at\\\/wp-content\\\/uploads\\\/2017\\\/09\\\/Spaghetti-1024x708.jpg\",\"datePublished\":\"2017-09-12T14:36:19+00:00\",\"dateModified\":\"2026-03-24T08:38:33+00:00\",\"breadcrumb\":{\"@id\":\"https:\\\/\\\/www.hanfcooking.at\\\/?page_id=967#breadcrumb\"},\"inLanguage\":\"de\",\"potentialAction\":[{\"@type\":\"ReadAction\",\"target\":[\"https:\\\/\\\/www.hanfcooking.at\\\/?page_id=967\"]}]},{\"@type\":\"ImageObject\",\"inLanguage\":\"de\",\"@id\":\"https:\\\/\\\/www.hanfcooking.at\\\/?page_id=967#primaryimage\",\"url\":\"https:\\\/\\\/www.hanfcooking.at\\\/wp-content\\\/uploads\\\/2017\\\/09\\\/Spaghetti.jpg\",\"contentUrl\":\"https:\\\/\\\/www.hanfcooking.at\\\/wp-content\\\/uploads\\\/2017\\\/09\\\/Spaghetti.jpg\",\"width\":3284,\"height\":2272},{\"@type\":\"BreadcrumbList\",\"@id\":\"https:\\\/\\\/www.hanfcooking.at\\\/?page_id=967#breadcrumb\",\"itemListElement\":[{\"@type\":\"ListItem\",\"position\":1,\"name\":\"Startseite\",\"item\":\"https:\\\/\\\/www.hanfcooking.at\\\/\"},{\"@type\":\"ListItem\",\"position\":2,\"name\":\"Hanf \u2013 Spaghetti auf die Schnelle\"}]},{\"@type\":\"WebSite\",\"@id\":\"https:\\\/\\\/www.hanfcooking.at\\\/#website\",\"url\":\"https:\\\/\\\/www.hanfcooking.at\\\/\",\"name\":\"www.hanfcooking.at\",\"description\":\"kochen mit Hanf\",\"publisher\":{\"@id\":\"https:\\\/\\\/www.hanfcooking.at\\\/#\\\/schema\\\/person\\\/da89f7747a1d1384549251d16488c1fc\"},\"alternateName\":\"Hanfkueche\",\"potentialAction\":[{\"@type\":\"SearchAction\",\"target\":{\"@type\":\"EntryPoint\",\"urlTemplate\":\"https:\\\/\\\/www.hanfcooking.at\\\/?s={search_term_string}\"},\"query-input\":{\"@type\":\"PropertyValueSpecification\",\"valueRequired\":true,\"valueName\":\"search_term_string\"}}],\"inLanguage\":\"de\"},{\"@type\":[\"Person\",\"Organization\"],\"@id\":\"https:\\\/\\\/www.hanfcooking.at\\\/#\\\/schema\\\/person\\\/da89f7747a1d1384549251d16488c1fc\",\"name\":\"Friedrich Pinteritsch\",\"image\":{\"@type\":\"ImageObject\",\"inLanguage\":\"de\",\"@id\":\"https:\\\/\\\/www.hanfcooking.at\\\/wp-content\\\/uploads\\\/2022\\\/10\\\/HP-logo-e1665761885673.jpg\",\"url\":\"https:\\\/\\\/www.hanfcooking.at\\\/wp-content\\\/uploads\\\/2022\\\/10\\\/HP-logo-e1665761885673.jpg\",\"contentUrl\":\"https:\\\/\\\/www.hanfcooking.at\\\/wp-content\\\/uploads\\\/2022\\\/10\\\/HP-logo-e1665761885673.jpg\",\"width\":300,\"height\":240,\"caption\":\"Friedrich Pinteritsch\"},\"logo\":{\"@id\":\"https:\\\/\\\/www.hanfcooking.at\\\/wp-content\\\/uploads\\\/2022\\\/10\\\/HP-logo-e1665761885673.jpg\"},\"sameAs\":[\"http:\\\/\\\/hanfcooking.at\",\"https:\\\/\\\/www.facebook.com\\\/hanfcooking\"]}]}<\/script>\n<!-- \/ Yoast SEO plugin. -->","yoast_head_json":{"title":"Hanf \u2013 Spaghetti auf die Schnelle - hanfcooking","robots":{"index":"index","follow":"follow","max-snippet":"max-snippet:-1","max-image-preview":"max-image-preview:large","max-video-preview":"max-video-preview:-1"},"canonical":"https:\/\/www.hanfcooking.at\/?page_id=967","og_locale":"de_DE","og_type":"article","og_title":"Hanf \u2013 Spaghetti auf die Schnelle - hanfcooking","og_description":"Hanfspaghetti auf die schnelle Zutaten: 400g \u00a0\u00a0\u00a0\u00a0 Hanfspaghetti 1 \u00a0\u00a0\u00a0\u00a0\u00a0\u00a0\u00a0\u00a0\u00a0\u00a0\u00a0 Zucchino 1\u00a0\u00a0\u00a0\u00a0\u00a0\u00a0\u00a0\u00a0\u00a0\u00a0\u00a0\u00a0 Paprika rot 1 \u00a0\u00a0\u00a0\u00a0\u00a0\u00a0\u00a0\u00a0\u00a0\u00a0\u00a0 Tomate 1 \u00a0\u00a0\u00a0\u00a0\u00a0\u00a0\u00a0\u00a0\u00a0\u00a0\u00a0 Zwiebel 2\u00a0\u00a0\u00a0\u00a0\u00a0\u00a0\u00a0\u00a0\u00a0\u00a0\u00a0\u00a0 Knoblauchzehen 2 \u00a0\u00a0\u00a0\u00a0\u00a0\u00a0\u00a0\u00a0\u00a0\u00a0\u00a0 EL gesch\u00e4lten Hanfsamen 1\u00a0\u00a0\u00a0\u00a0\u00a0\u00a0\u00a0\u00a0\u00a0\u00a0\u00a0\u00a0 Thymianzweig 1\u00a0\u00a0\u00a0\u00a0\u00a0\u00a0\u00a0\u00a0\u00a0\u00a0\u00a0\u00a0 Oreganozweig 2 EL\u00a0\u00a0\u00a0\u00a0\u00a0\u00a0\u00a0 Oliven\u00f6l Salz, Pfeffer, Parmesan Zubereitung:Die Hanfspaghetti in einem gro\u00dfen Topf mit Salzwasser al dente kochen.In der Zwischenzeit die Zwiebel sch\u00e4len und in [&hellip;]","og_url":"https:\/\/www.hanfcooking.at\/?page_id=967","og_site_name":"hanfcooking","article_publisher":"https:\/\/www.facebook.com\/hanfcooking","article_modified_time":"2026-03-24T08:38:33+00:00","og_image":[{"width":1024,"height":708,"url":"https:\/\/www.hanfcooking.at\/wp-content\/uploads\/2017\/09\/Spaghetti-1024x708.jpg","type":"image\/jpeg"}],"twitter_card":"summary_large_image","twitter_misc":{"Gesch\u00e4tzte Lesezeit":"1\u00a0Minute"},"schema":{"@context":"https:\/\/schema.org","@graph":[{"@type":"WebPage","@id":"https:\/\/www.hanfcooking.at\/?page_id=967","url":"https:\/\/www.hanfcooking.at\/?page_id=967","name":"Hanf \u2013 Spaghetti auf die Schnelle - hanfcooking","isPartOf":{"@id":"https:\/\/www.hanfcooking.at\/#website"},"primaryImageOfPage":{"@id":"https:\/\/www.hanfcooking.at\/?page_id=967#primaryimage"},"image":{"@id":"https:\/\/www.hanfcooking.at\/?page_id=967#primaryimage"},"thumbnailUrl":"http:\/\/www.hanfcooking.at\/wp-content\/uploads\/2017\/09\/Spaghetti-1024x708.jpg","datePublished":"2017-09-12T14:36:19+00:00","dateModified":"2026-03-24T08:38:33+00:00","breadcrumb":{"@id":"https:\/\/www.hanfcooking.at\/?page_id=967#breadcrumb"},"inLanguage":"de","potentialAction":[{"@type":"ReadAction","target":["https:\/\/www.hanfcooking.at\/?page_id=967"]}]},{"@type":"ImageObject","inLanguage":"de","@id":"https:\/\/www.hanfcooking.at\/?page_id=967#primaryimage","url":"https:\/\/www.hanfcooking.at\/wp-content\/uploads\/2017\/09\/Spaghetti.jpg","contentUrl":"https:\/\/www.hanfcooking.at\/wp-content\/uploads\/2017\/09\/Spaghetti.jpg","width":3284,"height":2272},{"@type":"BreadcrumbList","@id":"https:\/\/www.hanfcooking.at\/?page_id=967#breadcrumb","itemListElement":[{"@type":"ListItem","position":1,"name":"Startseite","item":"https:\/\/www.hanfcooking.at\/"},{"@type":"ListItem","position":2,"name":"Hanf \u2013 Spaghetti auf die Schnelle"}]},{"@type":"WebSite","@id":"https:\/\/www.hanfcooking.at\/#website","url":"https:\/\/www.hanfcooking.at\/","name":"www.hanfcooking.at","description":"kochen mit Hanf","publisher":{"@id":"https:\/\/www.hanfcooking.at\/#\/schema\/person\/da89f7747a1d1384549251d16488c1fc"},"alternateName":"Hanfkueche","potentialAction":[{"@type":"SearchAction","target":{"@type":"EntryPoint","urlTemplate":"https:\/\/www.hanfcooking.at\/?s={search_term_string}"},"query-input":{"@type":"PropertyValueSpecification","valueRequired":true,"valueName":"search_term_string"}}],"inLanguage":"de"},{"@type":["Person","Organization"],"@id":"https:\/\/www.hanfcooking.at\/#\/schema\/person\/da89f7747a1d1384549251d16488c1fc","name":"Friedrich Pinteritsch","image":{"@type":"ImageObject","inLanguage":"de","@id":"https:\/\/www.hanfcooking.at\/wp-content\/uploads\/2022\/10\/HP-logo-e1665761885673.jpg","url":"https:\/\/www.hanfcooking.at\/wp-content\/uploads\/2022\/10\/HP-logo-e1665761885673.jpg","contentUrl":"https:\/\/www.hanfcooking.at\/wp-content\/uploads\/2022\/10\/HP-logo-e1665761885673.jpg","width":300,"height":240,"caption":"Friedrich Pinteritsch"},"logo":{"@id":"https:\/\/www.hanfcooking.at\/wp-content\/uploads\/2022\/10\/HP-logo-e1665761885673.jpg"},"sameAs":["http:\/\/hanfcooking.at","https:\/\/www.facebook.com\/hanfcooking"]}]}},"_links":{"self":[{"href":"https:\/\/www.hanfcooking.at\/index.php?rest_route=\/wp\/v2\/pages\/967","targetHints":{"allow":["GET"]}}],"collection":[{"href":"https:\/\/www.hanfcooking.at\/index.php?rest_route=\/wp\/v2\/pages"}],"about":[{"href":"https:\/\/www.hanfcooking.at\/index.php?rest_route=\/wp\/v2\/types\/page"}],"author":[{"embeddable":true,"href":"https:\/\/www.hanfcooking.at\/index.php?rest_route=\/wp\/v2\/users\/1"}],"replies":[{"embeddable":true,"href":"https:\/\/www.hanfcooking.at\/index.php?rest_route=%2Fwp%2Fv2%2Fcomments&post=967"}],"version-history":[{"count":9,"href":"https:\/\/www.hanfcooking.at\/index.php?rest_route=\/wp\/v2\/pages\/967\/revisions"}],"predecessor-version":[{"id":5116,"href":"https:\/\/www.hanfcooking.at\/index.php?rest_route=\/wp\/v2\/pages\/967\/revisions\/5116"}],"wp:attachment":[{"href":"https:\/\/www.hanfcooking.at\/index.php?rest_route=%2Fwp%2Fv2%2Fmedia&parent=967"}],"curies":[{"name":"wp","href":"https:\/\/api.w.org\/{rel}","templated":true}]}}