{"id":910,"date":"2017-09-12T15:39:57","date_gmt":"2017-09-12T13:39:57","guid":{"rendered":"http:\/\/www.hanfcooking.at\/blog\/?page_id=910"},"modified":"2026-03-24T10:16:48","modified_gmt":"2026-03-24T09:16:48","slug":"hanf-schupfnudel","status":"publish","type":"page","link":"https:\/\/www.hanfcooking.at\/?page_id=910","title":{"rendered":"Hanf-Schupfnudel"},"content":{"rendered":"\t\t<div data-elementor-type=\"wp-post\" data-elementor-id=\"910\" class=\"elementor elementor-910\">\n\t\t\t\t\t\t<section class=\"elementor-section elementor-top-section elementor-element elementor-element-753fdac elementor-section-boxed elementor-section-height-default elementor-section-height-default\" data-id=\"753fdac\" data-element_type=\"section\" data-e-type=\"section\">\n\t\t\t\t\t\t<div class=\"elementor-container elementor-column-gap-default\">\n\t\t\t\t\t<div class=\"elementor-column elementor-col-100 elementor-top-column elementor-element elementor-element-a938eb0\" data-id=\"a938eb0\" data-element_type=\"column\" data-e-type=\"column\">\n\t\t\t<div class=\"elementor-widget-wrap elementor-element-populated\">\n\t\t\t\t\t\t<div class=\"elementor-element elementor-element-3c903c8 elementor-widget elementor-widget-text-editor\" data-id=\"3c903c8\" data-element_type=\"widget\" data-e-type=\"widget\" data-widget_type=\"text-editor.default\">\n\t\t\t\t<div class=\"elementor-widget-container\">\n\t\t\t\t\t\t\t\t\t<h1>Hanf-Schupfnudel<\/h1>\t\t\t\t\t\t\t\t<\/div>\n\t\t\t\t<\/div>\n\t\t\t\t\t<\/div>\n\t\t<\/div>\n\t\t\t\t\t<\/div>\n\t\t<\/section>\n\t\t\t\t<section class=\"elementor-section elementor-top-section elementor-element elementor-element-bod7b82 elementor-section-boxed elementor-section-height-default elementor-section-height-default\" data-id=\"bod7b82\" data-element_type=\"section\" data-e-type=\"section\">\n\t\t\t\t\t\t<div class=\"elementor-container elementor-column-gap-default\">\n\t\t\t\t\t<div class=\"elementor-column elementor-col-33 elementor-top-column elementor-element elementor-element-6hsnf99\" data-id=\"6hsnf99\" data-element_type=\"column\" data-e-type=\"column\">\n\t\t\t<div class=\"elementor-widget-wrap elementor-element-populated\">\n\t\t\t\t\t\t<div class=\"elementor-element elementor-element-luvx5we elementor-widget elementor-widget-image\" data-id=\"luvx5we\" data-element_type=\"widget\" data-e-type=\"widget\" data-widget_type=\"image.default\">\n\t\t\t\t<div class=\"elementor-widget-container\">\n\t\t\t\t\t\t\t\t\t\t\t\t\t\t\t\t<a href=\"http:\/\/www.hanfcooking.at\/blog\/wp-content\/uploads\/2017\/09\/050Schupfnudel3.jpg\" data-elementor-open-lightbox=\"yes\" data-elementor-lightbox-title=\"050Schupfnudel3\" data-e-action-hash=\"#elementor-action%3Aaction%3Dlightbox%26settings%3DeyJpZCI6NzYwLCJ1cmwiOiJodHRwczpcL1wvd3d3LmhhbmZjb29raW5nLmF0XC93cC1jb250ZW50XC91cGxvYWRzXC8yMDE3XC8wOVwvMDUwU2NodXBmbnVkZWwzLWUxNTQ5MjY2MTI2NDkwLmpwZyJ9\">\n\t\t\t\t\t\t\t<img fetchpriority=\"high\" decoding=\"async\" width=\"750\" height=\"497\" src=\"https:\/\/www.hanfcooking.at\/wp-content\/uploads\/2017\/09\/050Schupfnudel3-1024x678.jpg\" class=\"attachment-large size-large wp-image-760\" alt=\"\" srcset=\"https:\/\/www.hanfcooking.at\/wp-content\/uploads\/2017\/09\/050Schupfnudel3-1024x678.jpg 1024w, https:\/\/www.hanfcooking.at\/wp-content\/uploads\/2017\/09\/050Schupfnudel3-300x199.jpg 300w, https:\/\/www.hanfcooking.at\/wp-content\/uploads\/2017\/09\/050Schupfnudel3-768x509.jpg 768w, https:\/\/www.hanfcooking.at\/wp-content\/uploads\/2017\/09\/050Schupfnudel3-830x550.jpg 830w, https:\/\/www.hanfcooking.at\/wp-content\/uploads\/2017\/09\/050Schupfnudel3-230x152.jpg 230w, https:\/\/www.hanfcooking.at\/wp-content\/uploads\/2017\/09\/050Schupfnudel3-350x232.jpg 350w, https:\/\/www.hanfcooking.at\/wp-content\/uploads\/2017\/09\/050Schupfnudel3-480x318.jpg 480w, https:\/\/www.hanfcooking.at\/wp-content\/uploads\/2017\/09\/050Schupfnudel3-e1549266126490.jpg 800w\" sizes=\"(max-width: 750px) 100vw, 750px\" \/>\t\t\t\t\t\t\t\t<\/a>\n\t\t\t\t\t\t\t\t\t\t\t\t\t\t\t<\/div>\n\t\t\t\t<\/div>\n\t\t\t\t\t<\/div>\n\t\t<\/div>\n\t\t\t\t<div class=\"elementor-column elementor-col-33 elementor-top-column elementor-element elementor-element-gbqkvrp\" data-id=\"gbqkvrp\" data-element_type=\"column\" data-e-type=\"column\">\n\t\t\t<div class=\"elementor-widget-wrap elementor-element-populated\">\n\t\t\t\t\t\t<div class=\"elementor-element elementor-element-ckttvvu elementor-widget elementor-widget-text-editor\" data-id=\"ckttvvu\" data-element_type=\"widget\" data-e-type=\"widget\" data-widget_type=\"text-editor.default\">\n\t\t\t\t<div class=\"elementor-widget-container\">\n\t\t\t\t\t\t\t\t\t<p><strong>Zutaten:<\/strong><\/p><p>300g Kartoffel<br \/> 150g Dinkelmehl<br \/> 40g Gries<br \/> 60g ger\u00f6stete gesch\u00e4lte Hanfn\u00fcsse<br \/> 1 Ei<br \/> 50 g Butter<\/p>\t\t\t\t\t\t\t\t<\/div>\n\t\t\t\t<\/div>\n\t\t\t\t\t<\/div>\n\t\t<\/div>\n\t\t\t\t<div class=\"elementor-column elementor-col-33 elementor-top-column elementor-element elementor-element-x9js4g3\" data-id=\"x9js4g3\" data-element_type=\"column\" data-e-type=\"column\">\n\t\t\t<div class=\"elementor-widget-wrap\">\n\t\t\t\t\t\t\t<\/div>\n\t\t<\/div>\n\t\t\t\t\t<\/div>\n\t\t<\/section>\n\t\t\t\t<section class=\"elementor-section elementor-top-section elementor-element elementor-element-3e63f1b elementor-section-boxed elementor-section-height-default elementor-section-height-default\" data-id=\"3e63f1b\" data-element_type=\"section\" data-e-type=\"section\">\n\t\t\t\t\t\t<div class=\"elementor-container elementor-column-gap-default\">\n\t\t\t\t\t<div class=\"elementor-column elementor-col-100 elementor-top-column elementor-element elementor-element-3e58e0c\" data-id=\"3e58e0c\" data-element_type=\"column\" data-e-type=\"column\">\n\t\t\t<div class=\"elementor-widget-wrap elementor-element-populated\">\n\t\t\t\t\t\t<div class=\"elementor-element elementor-element-tswzpsf elementor-widget elementor-widget-text-editor\" data-id=\"tswzpsf\" data-element_type=\"widget\" data-e-type=\"widget\" data-widget_type=\"text-editor.default\">\n\t\t\t\t<div class=\"elementor-widget-container\">\n\t\t\t\t\t\t\t\t\t<p><strong>Zubereitung:<\/strong><\/p><p>F\u00fcr die Schupfnudeln die Kartoffeln kochen, sch\u00e4len und noch warm durch die<br \/>Kartoffelpresse dr\u00fccken.Dinkelmehl, Grie\u00df, Ei, Salz, Muskat und 40 g ger\u00f6stete gesch\u00e4lte Hanfn\u00fcsse dazugeben. Die Masse etwa fingerdick auf bemehltem Brett ausrollen und ca. 5 cm lange St\u00fccke schneiden mit den H\u00e4nden zu Schupfnudeln formen.<br \/>Die Schupfnudeln in kochendem Salzwasser ca. f\u00fcnf Minuten kochen, oder noch besser im Dampfgarer bei 95\u00b0C 8 Minuten d\u00e4mpfen,<br \/>herausnehmen, abschrecken und gut abtropfen lassen.<br \/>Die gesch\u00e4lten Hanfn\u00fcsse in einer Pfanne trocken anr\u00f6sten, danach die Butter erw\u00e4rmen<br \/>alles gut durchschwenken und anrichten.<\/p>\t\t\t\t\t\t\t\t<\/div>\n\t\t\t\t<\/div>\n\t\t\t\t\t<\/div>\n\t\t<\/div>\n\t\t\t\t\t<\/div>\n\t\t<\/section>\n\t\t\t\t<section class=\"elementor-section elementor-top-section elementor-element elementor-element-1a65734 elementor-section-boxed elementor-section-height-default elementor-section-height-default\" data-id=\"1a65734\" data-element_type=\"section\" data-e-type=\"section\">\n\t\t\t\t\t\t<div class=\"elementor-container elementor-column-gap-default\">\n\t\t\t\t\t<div class=\"elementor-column elementor-col-100 elementor-top-column elementor-element elementor-element-36385bd\" data-id=\"36385bd\" data-element_type=\"column\" data-e-type=\"column\">\n\t\t\t<div class=\"elementor-widget-wrap elementor-element-populated\">\n\t\t\t\t\t\t<div class=\"elementor-element elementor-element-e0ae6c4 elementor-widget elementor-widget-text-editor\" data-id=\"e0ae6c4\" data-element_type=\"widget\" data-e-type=\"widget\" data-widget_type=\"text-editor.default\">\n\t\t\t\t<div class=\"elementor-widget-container\">\n\t\t\t\t\t\t\t\t\t<p><a href=\"https:\/\/www.hanfcooking.at\/?page_id=1508\">\u21d0 z<\/a><a href=\"https:\/\/www.hanfcooking.at\/?page_id=1508\">ur\u00fcck Hanfrezepte<\/a><\/p>\t\t\t\t\t\t\t\t<\/div>\n\t\t\t\t<\/div>\n\t\t\t\t\t<\/div>\n\t\t<\/div>\n\t\t\t\t\t<\/div>\n\t\t<\/section>\n\t\t\t\t<\/div>\n\t\t","protected":false},"excerpt":{"rendered":"<p>Hanf-Schupfnudel Zutaten: 300g Kartoffel 150g Dinkelmehl 40g Gries 60g ger\u00f6stete gesch\u00e4lte Hanfn\u00fcsse 1 Ei 50 g Butter Zubereitung: F\u00fcr die Schupfnudeln die Kartoffeln kochen, sch\u00e4len und noch warm durch dieKartoffelpresse dr\u00fccken.Dinkelmehl, Grie\u00df, Ei, Salz, Muskat und 40 g ger\u00f6stete gesch\u00e4lte Hanfn\u00fcsse dazugeben. Die Masse etwa fingerdick auf bemehltem Brett ausrollen und ca. 5 cm lange [&hellip;]<\/p>\n","protected":false},"author":1,"featured_media":0,"parent":0,"menu_order":0,"comment_status":"closed","ping_status":"closed","template":"","meta":{"footnotes":""},"class_list":["post-910","page","type-page","status-publish","hentry"],"yoast_head":"<!-- This site is optimized with the Yoast SEO plugin v27.4 - https:\/\/yoast.com\/product\/yoast-seo-wordpress\/ -->\n<title>Hanf-Schupfnudel - hanfcooking<\/title>\n<meta name=\"robots\" content=\"index, follow, max-snippet:-1, max-image-preview:large, max-video-preview:-1\" \/>\n<link rel=\"canonical\" href=\"https:\/\/www.hanfcooking.at\/?page_id=910\" \/>\n<meta property=\"og:locale\" content=\"de_DE\" \/>\n<meta property=\"og:type\" content=\"article\" \/>\n<meta property=\"og:title\" content=\"Hanf-Schupfnudel - hanfcooking\" \/>\n<meta property=\"og:description\" content=\"Hanf-Schupfnudel Zutaten: 300g Kartoffel 150g Dinkelmehl 40g Gries 60g ger\u00f6stete gesch\u00e4lte Hanfn\u00fcsse 1 Ei 50 g Butter Zubereitung: F\u00fcr die Schupfnudeln die Kartoffeln kochen, sch\u00e4len und noch warm durch dieKartoffelpresse dr\u00fccken.Dinkelmehl, Grie\u00df, Ei, Salz, Muskat und 40 g ger\u00f6stete gesch\u00e4lte Hanfn\u00fcsse dazugeben. Die Masse etwa fingerdick auf bemehltem Brett ausrollen und ca. 5 cm lange [&hellip;]\" \/>\n<meta property=\"og:url\" content=\"https:\/\/www.hanfcooking.at\/?page_id=910\" \/>\n<meta property=\"og:site_name\" content=\"hanfcooking\" \/>\n<meta property=\"article:publisher\" content=\"https:\/\/www.facebook.com\/hanfcooking\" \/>\n<meta property=\"article:modified_time\" content=\"2026-03-24T09:16:48+00:00\" \/>\n<meta property=\"og:image\" content=\"https:\/\/www.hanfcooking.at\/wp-content\/uploads\/2017\/09\/050Schupfnudel3-e1549266126490.jpg\" \/>\n\t<meta property=\"og:image:width\" content=\"800\" \/>\n\t<meta property=\"og:image:height\" content=\"530\" \/>\n\t<meta property=\"og:image:type\" content=\"image\/jpeg\" \/>\n<meta name=\"twitter:card\" content=\"summary_large_image\" \/>\n<meta name=\"twitter:label1\" content=\"Gesch\u00e4tzte Lesezeit\" \/>\n\t<meta name=\"twitter:data1\" content=\"1\u00a0Minute\" \/>\n<script type=\"application\/ld+json\" class=\"yoast-schema-graph\">{\"@context\":\"https:\\\/\\\/schema.org\",\"@graph\":[{\"@type\":\"WebPage\",\"@id\":\"https:\\\/\\\/www.hanfcooking.at\\\/?page_id=910\",\"url\":\"https:\\\/\\\/www.hanfcooking.at\\\/?page_id=910\",\"name\":\"Hanf-Schupfnudel - hanfcooking\",\"isPartOf\":{\"@id\":\"https:\\\/\\\/www.hanfcooking.at\\\/#website\"},\"primaryImageOfPage\":{\"@id\":\"https:\\\/\\\/www.hanfcooking.at\\\/?page_id=910#primaryimage\"},\"image\":{\"@id\":\"https:\\\/\\\/www.hanfcooking.at\\\/?page_id=910#primaryimage\"},\"thumbnailUrl\":\"http:\\\/\\\/www.hanfcooking.at\\\/wp-content\\\/uploads\\\/2017\\\/09\\\/050Schupfnudel3-1024x678.jpg\",\"datePublished\":\"2017-09-12T13:39:57+00:00\",\"dateModified\":\"2026-03-24T09:16:48+00:00\",\"breadcrumb\":{\"@id\":\"https:\\\/\\\/www.hanfcooking.at\\\/?page_id=910#breadcrumb\"},\"inLanguage\":\"de\",\"potentialAction\":[{\"@type\":\"ReadAction\",\"target\":[\"https:\\\/\\\/www.hanfcooking.at\\\/?page_id=910\"]}]},{\"@type\":\"ImageObject\",\"inLanguage\":\"de\",\"@id\":\"https:\\\/\\\/www.hanfcooking.at\\\/?page_id=910#primaryimage\",\"url\":\"https:\\\/\\\/www.hanfcooking.at\\\/wp-content\\\/uploads\\\/2017\\\/09\\\/050Schupfnudel3-e1549266126490.jpg\",\"contentUrl\":\"https:\\\/\\\/www.hanfcooking.at\\\/wp-content\\\/uploads\\\/2017\\\/09\\\/050Schupfnudel3-e1549266126490.jpg\",\"width\":800,\"height\":530},{\"@type\":\"BreadcrumbList\",\"@id\":\"https:\\\/\\\/www.hanfcooking.at\\\/?page_id=910#breadcrumb\",\"itemListElement\":[{\"@type\":\"ListItem\",\"position\":1,\"name\":\"Startseite\",\"item\":\"https:\\\/\\\/www.hanfcooking.at\\\/\"},{\"@type\":\"ListItem\",\"position\":2,\"name\":\"Hanf-Schupfnudel\"}]},{\"@type\":\"WebSite\",\"@id\":\"https:\\\/\\\/www.hanfcooking.at\\\/#website\",\"url\":\"https:\\\/\\\/www.hanfcooking.at\\\/\",\"name\":\"www.hanfcooking.at\",\"description\":\"kochen mit Hanf\",\"publisher\":{\"@id\":\"https:\\\/\\\/www.hanfcooking.at\\\/#\\\/schema\\\/person\\\/da89f7747a1d1384549251d16488c1fc\"},\"alternateName\":\"Hanfkueche\",\"potentialAction\":[{\"@type\":\"SearchAction\",\"target\":{\"@type\":\"EntryPoint\",\"urlTemplate\":\"https:\\\/\\\/www.hanfcooking.at\\\/?s={search_term_string}\"},\"query-input\":{\"@type\":\"PropertyValueSpecification\",\"valueRequired\":true,\"valueName\":\"search_term_string\"}}],\"inLanguage\":\"de\"},{\"@type\":[\"Person\",\"Organization\"],\"@id\":\"https:\\\/\\\/www.hanfcooking.at\\\/#\\\/schema\\\/person\\\/da89f7747a1d1384549251d16488c1fc\",\"name\":\"Friedrich Pinteritsch\",\"image\":{\"@type\":\"ImageObject\",\"inLanguage\":\"de\",\"@id\":\"https:\\\/\\\/www.hanfcooking.at\\\/wp-content\\\/uploads\\\/2022\\\/10\\\/HP-logo-e1665761885673.jpg\",\"url\":\"https:\\\/\\\/www.hanfcooking.at\\\/wp-content\\\/uploads\\\/2022\\\/10\\\/HP-logo-e1665761885673.jpg\",\"contentUrl\":\"https:\\\/\\\/www.hanfcooking.at\\\/wp-content\\\/uploads\\\/2022\\\/10\\\/HP-logo-e1665761885673.jpg\",\"width\":300,\"height\":240,\"caption\":\"Friedrich Pinteritsch\"},\"logo\":{\"@id\":\"https:\\\/\\\/www.hanfcooking.at\\\/wp-content\\\/uploads\\\/2022\\\/10\\\/HP-logo-e1665761885673.jpg\"},\"sameAs\":[\"http:\\\/\\\/hanfcooking.at\",\"https:\\\/\\\/www.facebook.com\\\/hanfcooking\"]}]}<\/script>\n<!-- \/ Yoast SEO plugin. -->","yoast_head_json":{"title":"Hanf-Schupfnudel - hanfcooking","robots":{"index":"index","follow":"follow","max-snippet":"max-snippet:-1","max-image-preview":"max-image-preview:large","max-video-preview":"max-video-preview:-1"},"canonical":"https:\/\/www.hanfcooking.at\/?page_id=910","og_locale":"de_DE","og_type":"article","og_title":"Hanf-Schupfnudel - hanfcooking","og_description":"Hanf-Schupfnudel Zutaten: 300g Kartoffel 150g Dinkelmehl 40g Gries 60g ger\u00f6stete gesch\u00e4lte Hanfn\u00fcsse 1 Ei 50 g Butter Zubereitung: F\u00fcr die Schupfnudeln die Kartoffeln kochen, sch\u00e4len und noch warm durch dieKartoffelpresse dr\u00fccken.Dinkelmehl, Grie\u00df, Ei, Salz, Muskat und 40 g ger\u00f6stete gesch\u00e4lte Hanfn\u00fcsse dazugeben. Die Masse etwa fingerdick auf bemehltem Brett ausrollen und ca. 5 cm lange [&hellip;]","og_url":"https:\/\/www.hanfcooking.at\/?page_id=910","og_site_name":"hanfcooking","article_publisher":"https:\/\/www.facebook.com\/hanfcooking","article_modified_time":"2026-03-24T09:16:48+00:00","og_image":[{"width":800,"height":530,"url":"https:\/\/www.hanfcooking.at\/wp-content\/uploads\/2017\/09\/050Schupfnudel3-e1549266126490.jpg","type":"image\/jpeg"}],"twitter_card":"summary_large_image","twitter_misc":{"Gesch\u00e4tzte Lesezeit":"1\u00a0Minute"},"schema":{"@context":"https:\/\/schema.org","@graph":[{"@type":"WebPage","@id":"https:\/\/www.hanfcooking.at\/?page_id=910","url":"https:\/\/www.hanfcooking.at\/?page_id=910","name":"Hanf-Schupfnudel - hanfcooking","isPartOf":{"@id":"https:\/\/www.hanfcooking.at\/#website"},"primaryImageOfPage":{"@id":"https:\/\/www.hanfcooking.at\/?page_id=910#primaryimage"},"image":{"@id":"https:\/\/www.hanfcooking.at\/?page_id=910#primaryimage"},"thumbnailUrl":"http:\/\/www.hanfcooking.at\/wp-content\/uploads\/2017\/09\/050Schupfnudel3-1024x678.jpg","datePublished":"2017-09-12T13:39:57+00:00","dateModified":"2026-03-24T09:16:48+00:00","breadcrumb":{"@id":"https:\/\/www.hanfcooking.at\/?page_id=910#breadcrumb"},"inLanguage":"de","potentialAction":[{"@type":"ReadAction","target":["https:\/\/www.hanfcooking.at\/?page_id=910"]}]},{"@type":"ImageObject","inLanguage":"de","@id":"https:\/\/www.hanfcooking.at\/?page_id=910#primaryimage","url":"https:\/\/www.hanfcooking.at\/wp-content\/uploads\/2017\/09\/050Schupfnudel3-e1549266126490.jpg","contentUrl":"https:\/\/www.hanfcooking.at\/wp-content\/uploads\/2017\/09\/050Schupfnudel3-e1549266126490.jpg","width":800,"height":530},{"@type":"BreadcrumbList","@id":"https:\/\/www.hanfcooking.at\/?page_id=910#breadcrumb","itemListElement":[{"@type":"ListItem","position":1,"name":"Startseite","item":"https:\/\/www.hanfcooking.at\/"},{"@type":"ListItem","position":2,"name":"Hanf-Schupfnudel"}]},{"@type":"WebSite","@id":"https:\/\/www.hanfcooking.at\/#website","url":"https:\/\/www.hanfcooking.at\/","name":"www.hanfcooking.at","description":"kochen mit Hanf","publisher":{"@id":"https:\/\/www.hanfcooking.at\/#\/schema\/person\/da89f7747a1d1384549251d16488c1fc"},"alternateName":"Hanfkueche","potentialAction":[{"@type":"SearchAction","target":{"@type":"EntryPoint","urlTemplate":"https:\/\/www.hanfcooking.at\/?s={search_term_string}"},"query-input":{"@type":"PropertyValueSpecification","valueRequired":true,"valueName":"search_term_string"}}],"inLanguage":"de"},{"@type":["Person","Organization"],"@id":"https:\/\/www.hanfcooking.at\/#\/schema\/person\/da89f7747a1d1384549251d16488c1fc","name":"Friedrich Pinteritsch","image":{"@type":"ImageObject","inLanguage":"de","@id":"https:\/\/www.hanfcooking.at\/wp-content\/uploads\/2022\/10\/HP-logo-e1665761885673.jpg","url":"https:\/\/www.hanfcooking.at\/wp-content\/uploads\/2022\/10\/HP-logo-e1665761885673.jpg","contentUrl":"https:\/\/www.hanfcooking.at\/wp-content\/uploads\/2022\/10\/HP-logo-e1665761885673.jpg","width":300,"height":240,"caption":"Friedrich Pinteritsch"},"logo":{"@id":"https:\/\/www.hanfcooking.at\/wp-content\/uploads\/2022\/10\/HP-logo-e1665761885673.jpg"},"sameAs":["http:\/\/hanfcooking.at","https:\/\/www.facebook.com\/hanfcooking"]}]}},"_links":{"self":[{"href":"https:\/\/www.hanfcooking.at\/index.php?rest_route=\/wp\/v2\/pages\/910","targetHints":{"allow":["GET"]}}],"collection":[{"href":"https:\/\/www.hanfcooking.at\/index.php?rest_route=\/wp\/v2\/pages"}],"about":[{"href":"https:\/\/www.hanfcooking.at\/index.php?rest_route=\/wp\/v2\/types\/page"}],"author":[{"embeddable":true,"href":"https:\/\/www.hanfcooking.at\/index.php?rest_route=\/wp\/v2\/users\/1"}],"replies":[{"embeddable":true,"href":"https:\/\/www.hanfcooking.at\/index.php?rest_route=%2Fwp%2Fv2%2Fcomments&post=910"}],"version-history":[{"count":9,"href":"https:\/\/www.hanfcooking.at\/index.php?rest_route=\/wp\/v2\/pages\/910\/revisions"}],"predecessor-version":[{"id":5155,"href":"https:\/\/www.hanfcooking.at\/index.php?rest_route=\/wp\/v2\/pages\/910\/revisions\/5155"}],"wp:attachment":[{"href":"https:\/\/www.hanfcooking.at\/index.php?rest_route=%2Fwp%2Fv2%2Fmedia&parent=910"}],"curies":[{"name":"wp","href":"https:\/\/api.w.org\/{rel}","templated":true}]}}