{"id":832,"date":"2017-09-12T13:19:37","date_gmt":"2017-09-12T11:19:37","guid":{"rendered":"http:\/\/www.hanfcooking.at\/blog\/?page_id=832"},"modified":"2018-07-08T17:01:46","modified_gmt":"2018-07-08T15:01:46","slug":"schafskaese-in-hanfkruste","status":"publish","type":"page","link":"https:\/\/www.hanfcooking.at\/?page_id=832","title":{"rendered":"Schafsk\u00e4se in Hanfkruste"},"content":{"rendered":"\t\t<div data-elementor-type=\"wp-post\" data-elementor-id=\"832\" class=\"elementor elementor-832 elementor-bc-flex-widget\">\n\t\t\t\t\t\t<section class=\"elementor-section elementor-top-section elementor-element elementor-element-77izg22 elementor-section-boxed elementor-section-height-default elementor-section-height-default\" data-id=\"77izg22\" data-element_type=\"section\" data-e-type=\"section\">\n\t\t\t\t\t\t<div class=\"elementor-container elementor-column-gap-default\">\n\t\t\t\t\t<div class=\"elementor-column elementor-col-33 elementor-top-column elementor-element elementor-element-3hqpo7l\" data-id=\"3hqpo7l\" data-element_type=\"column\" data-e-type=\"column\">\n\t\t\t<div class=\"elementor-widget-wrap elementor-element-populated\">\n\t\t\t\t\t\t<div class=\"elementor-element elementor-element-8dcwny4 elementor-widget elementor-widget-image\" data-id=\"8dcwny4\" data-element_type=\"widget\" data-e-type=\"widget\" data-widget_type=\"image.default\">\n\t\t\t\t<div class=\"elementor-widget-container\">\n\t\t\t\t\t\t\t\t\t\t\t\t\t\t\t\t<a href=\"http:\/\/www.hanfcooking.at\/blog\/wp-content\/uploads\/2017\/09\/003Schafsk\u00e4se.jpg\" data-elementor-open-lightbox=\"yes\" data-elementor-lightbox-title=\"003Schafsk\u00e4se\" data-e-action-hash=\"#elementor-action%3Aaction%3Dlightbox%26settings%3DeyJpZCI6NzE5LCJ1cmwiOiJodHRwczpcL1wvd3d3LmhhbmZjb29raW5nLmF0XC93cC1jb250ZW50XC91cGxvYWRzXC8yMDE3XC8wOVwvMDAzU2NoYWZza1x1MDBlNHNlLWUxNTQ5MjY2NjI4NzkxLmpwZyJ9\">\n\t\t\t\t\t\t\t<img fetchpriority=\"high\" decoding=\"async\" width=\"750\" height=\"500\" src=\"https:\/\/www.hanfcooking.at\/wp-content\/uploads\/2017\/09\/003Schafsk\u00e4se-1024x683.jpg\" class=\"attachment-large size-large wp-image-719\" alt=\"\" srcset=\"https:\/\/www.hanfcooking.at\/wp-content\/uploads\/2017\/09\/003Schafsk\u00e4se-1024x683.jpg 1024w, https:\/\/www.hanfcooking.at\/wp-content\/uploads\/2017\/09\/003Schafsk\u00e4se-300x200.jpg 300w, https:\/\/www.hanfcooking.at\/wp-content\/uploads\/2017\/09\/003Schafsk\u00e4se-768x512.jpg 768w, https:\/\/www.hanfcooking.at\/wp-content\/uploads\/2017\/09\/003Schafsk\u00e4se-830x553.jpg 830w, https:\/\/www.hanfcooking.at\/wp-content\/uploads\/2017\/09\/003Schafsk\u00e4se-230x153.jpg 230w, https:\/\/www.hanfcooking.at\/wp-content\/uploads\/2017\/09\/003Schafsk\u00e4se-350x233.jpg 350w, https:\/\/www.hanfcooking.at\/wp-content\/uploads\/2017\/09\/003Schafsk\u00e4se-480x320.jpg 480w, https:\/\/www.hanfcooking.at\/wp-content\/uploads\/2017\/09\/003Schafsk\u00e4se-e1549266628791.jpg 800w\" sizes=\"(max-width: 750px) 100vw, 750px\" \/>\t\t\t\t\t\t\t\t<\/a>\n\t\t\t\t\t\t\t\t\t\t\t\t\t\t\t<\/div>\n\t\t\t\t<\/div>\n\t\t\t\t\t<\/div>\n\t\t<\/div>\n\t\t\t\t<div class=\"elementor-column elementor-col-33 elementor-top-column elementor-element elementor-element-ezole7h\" data-id=\"ezole7h\" data-element_type=\"column\" data-e-type=\"column\">\n\t\t\t<div class=\"elementor-widget-wrap elementor-element-populated\">\n\t\t\t\t\t\t<div class=\"elementor-element elementor-element-t270lbg elementor-widget elementor-widget-text-editor\" data-id=\"t270lbg\" data-element_type=\"widget\" data-e-type=\"widget\" data-widget_type=\"text-editor.default\">\n\t\t\t\t<div class=\"elementor-widget-container\">\n\t\t\t\t\t\t\t\t\t<p><strong>Zutaten<\/strong><br \/> 300 g Schafsk\u00e4se<br \/> 50 g gesch\u00e4lter Hanfsamen<br \/> 1TL Senf<br \/> 3EL Hanf\u00f6l,<br \/> 2EL Raps\u00f6l<br \/> Balsamico, Salz<br class=\"none\" \/>Batavia, H\u00e4uptelsalat Radicchio, Salat ihrer Wahl<\/p>\t\t\t\t\t\t\t\t<\/div>\n\t\t\t\t<\/div>\n\t\t\t\t\t<\/div>\n\t\t<\/div>\n\t\t\t\t<div class=\"elementor-column elementor-col-33 elementor-top-column elementor-element elementor-element-qx55e22\" data-id=\"qx55e22\" data-element_type=\"column\" data-e-type=\"column\">\n\t\t\t<div class=\"elementor-widget-wrap elementor-element-populated\">\n\t\t\t\t\t\t<div class=\"elementor-element elementor-element-ve9zdw0 elementor-widget elementor-widget-text-editor\" data-id=\"ve9zdw0\" data-element_type=\"widget\" data-e-type=\"widget\" data-widget_type=\"text-editor.default\">\n\t\t\t\t<div class=\"elementor-widget-container\">\n\t\t\t\t\t\t\t\t\t<p><strong>Zubereitung:<\/strong> <br class=\"none\" \/>Den Schafsk\u00e4se in gleichm\u00e4\u00dfige W\u00fcrfel schneiden, mit dem Senf einreiben und mit den gesch\u00e4lten Hanfsamen panieren.<br \/> Den Salat waschen, trocknen und am Teller dekorativ anrichten. In einer Pfanne etwas Raps\u00f6l sanft erhitzen und den Schafsk\u00e4se einlegen und langsam ca. 2 Minuten braten. Der Schafsk\u00e4se soll nur lauwarm sein.<br \/> Mit dem Hanf\u00f6l, Balsamico und Salz eine Marinade zubereiten und \u00fcber den Salat geben, den lauwarmen Schafsk\u00e4se in der Mitte drauflegen.<\/p>\t\t\t\t\t\t\t\t<\/div>\n\t\t\t\t<\/div>\n\t\t\t\t\t<\/div>\n\t\t<\/div>\n\t\t\t\t\t<\/div>\n\t\t<\/section>\n\t\t\t\t<\/div>\n\t\t","protected":false},"excerpt":{"rendered":"<p>Zutaten 300 g Schafsk\u00e4se 50 g gesch\u00e4lter Hanfsamen 1TL Senf 3EL Hanf\u00f6l, 2EL Raps\u00f6l Balsamico, SalzBatavia, H\u00e4uptelsalat Radicchio, Salat ihrer Wahl Zubereitung: Den Schafsk\u00e4se in gleichm\u00e4\u00dfige W\u00fcrfel schneiden, mit dem Senf einreiben und mit den gesch\u00e4lten Hanfsamen panieren. Den Salat waschen, trocknen und am Teller dekorativ anrichten. In einer Pfanne etwas Raps\u00f6l sanft erhitzen und [&hellip;]<\/p>\n","protected":false},"author":1,"featured_media":0,"parent":0,"menu_order":0,"comment_status":"closed","ping_status":"closed","template":"","meta":{"footnotes":""},"class_list":["post-832","page","type-page","status-publish","hentry"],"yoast_head":"<!-- This site is optimized with the Yoast SEO plugin v27.4 - https:\/\/yoast.com\/product\/yoast-seo-wordpress\/ -->\n<title>Schafsk\u00e4se in Hanfkruste - hanfcooking<\/title>\n<meta name=\"robots\" content=\"index, follow, max-snippet:-1, max-image-preview:large, max-video-preview:-1\" \/>\n<link rel=\"canonical\" href=\"https:\/\/www.hanfcooking.at\/?page_id=832\" \/>\n<meta property=\"og:locale\" content=\"de_DE\" \/>\n<meta property=\"og:type\" content=\"article\" \/>\n<meta property=\"og:title\" content=\"Schafsk\u00e4se in Hanfkruste - hanfcooking\" \/>\n<meta property=\"og:description\" content=\"Zutaten 300 g Schafsk\u00e4se 50 g gesch\u00e4lter Hanfsamen 1TL Senf 3EL Hanf\u00f6l, 2EL Raps\u00f6l Balsamico, SalzBatavia, H\u00e4uptelsalat Radicchio, Salat ihrer Wahl Zubereitung: Den Schafsk\u00e4se in gleichm\u00e4\u00dfige W\u00fcrfel schneiden, mit dem Senf einreiben und mit den gesch\u00e4lten Hanfsamen panieren. Den Salat waschen, trocknen und am Teller dekorativ anrichten. In einer Pfanne etwas Raps\u00f6l sanft erhitzen und [&hellip;]\" \/>\n<meta property=\"og:url\" content=\"https:\/\/www.hanfcooking.at\/?page_id=832\" \/>\n<meta property=\"og:site_name\" content=\"hanfcooking\" \/>\n<meta property=\"article:publisher\" content=\"https:\/\/www.facebook.com\/hanfcooking\" \/>\n<meta property=\"article:modified_time\" content=\"2018-07-08T15:01:46+00:00\" \/>\n<meta name=\"twitter:card\" content=\"summary_large_image\" \/>\n<meta name=\"twitter:label1\" content=\"Gesch\u00e4tzte Lesezeit\" \/>\n\t<meta name=\"twitter:data1\" content=\"1\u00a0Minute\" \/>\n<script type=\"application\/ld+json\" class=\"yoast-schema-graph\">{\"@context\":\"https:\\\/\\\/schema.org\",\"@graph\":[{\"@type\":\"WebPage\",\"@id\":\"https:\\\/\\\/www.hanfcooking.at\\\/?page_id=832\",\"url\":\"https:\\\/\\\/www.hanfcooking.at\\\/?page_id=832\",\"name\":\"Schafsk\u00e4se in Hanfkruste - hanfcooking\",\"isPartOf\":{\"@id\":\"https:\\\/\\\/www.hanfcooking.at\\\/#website\"},\"datePublished\":\"2017-09-12T11:19:37+00:00\",\"dateModified\":\"2018-07-08T15:01:46+00:00\",\"breadcrumb\":{\"@id\":\"https:\\\/\\\/www.hanfcooking.at\\\/?page_id=832#breadcrumb\"},\"inLanguage\":\"de\",\"potentialAction\":[{\"@type\":\"ReadAction\",\"target\":[\"https:\\\/\\\/www.hanfcooking.at\\\/?page_id=832\"]}]},{\"@type\":\"BreadcrumbList\",\"@id\":\"https:\\\/\\\/www.hanfcooking.at\\\/?page_id=832#breadcrumb\",\"itemListElement\":[{\"@type\":\"ListItem\",\"position\":1,\"name\":\"Startseite\",\"item\":\"https:\\\/\\\/www.hanfcooking.at\\\/\"},{\"@type\":\"ListItem\",\"position\":2,\"name\":\"Schafsk\u00e4se in Hanfkruste\"}]},{\"@type\":\"WebSite\",\"@id\":\"https:\\\/\\\/www.hanfcooking.at\\\/#website\",\"url\":\"https:\\\/\\\/www.hanfcooking.at\\\/\",\"name\":\"www.hanfcooking.at\",\"description\":\"kochen mit Hanf\",\"publisher\":{\"@id\":\"https:\\\/\\\/www.hanfcooking.at\\\/#\\\/schema\\\/person\\\/da89f7747a1d1384549251d16488c1fc\"},\"alternateName\":\"Hanfkueche\",\"potentialAction\":[{\"@type\":\"SearchAction\",\"target\":{\"@type\":\"EntryPoint\",\"urlTemplate\":\"https:\\\/\\\/www.hanfcooking.at\\\/?s={search_term_string}\"},\"query-input\":{\"@type\":\"PropertyValueSpecification\",\"valueRequired\":true,\"valueName\":\"search_term_string\"}}],\"inLanguage\":\"de\"},{\"@type\":[\"Person\",\"Organization\"],\"@id\":\"https:\\\/\\\/www.hanfcooking.at\\\/#\\\/schema\\\/person\\\/da89f7747a1d1384549251d16488c1fc\",\"name\":\"Friedrich Pinteritsch\",\"image\":{\"@type\":\"ImageObject\",\"inLanguage\":\"de\",\"@id\":\"https:\\\/\\\/www.hanfcooking.at\\\/wp-content\\\/uploads\\\/2022\\\/10\\\/HP-logo-e1665761885673.jpg\",\"url\":\"https:\\\/\\\/www.hanfcooking.at\\\/wp-content\\\/uploads\\\/2022\\\/10\\\/HP-logo-e1665761885673.jpg\",\"contentUrl\":\"https:\\\/\\\/www.hanfcooking.at\\\/wp-content\\\/uploads\\\/2022\\\/10\\\/HP-logo-e1665761885673.jpg\",\"width\":300,\"height\":240,\"caption\":\"Friedrich Pinteritsch\"},\"logo\":{\"@id\":\"https:\\\/\\\/www.hanfcooking.at\\\/wp-content\\\/uploads\\\/2022\\\/10\\\/HP-logo-e1665761885673.jpg\"},\"sameAs\":[\"http:\\\/\\\/hanfcooking.at\",\"https:\\\/\\\/www.facebook.com\\\/hanfcooking\"]}]}<\/script>\n<!-- \/ Yoast SEO plugin. -->","yoast_head_json":{"title":"Schafsk\u00e4se in Hanfkruste - hanfcooking","robots":{"index":"index","follow":"follow","max-snippet":"max-snippet:-1","max-image-preview":"max-image-preview:large","max-video-preview":"max-video-preview:-1"},"canonical":"https:\/\/www.hanfcooking.at\/?page_id=832","og_locale":"de_DE","og_type":"article","og_title":"Schafsk\u00e4se in Hanfkruste - hanfcooking","og_description":"Zutaten 300 g Schafsk\u00e4se 50 g gesch\u00e4lter Hanfsamen 1TL Senf 3EL Hanf\u00f6l, 2EL Raps\u00f6l Balsamico, SalzBatavia, H\u00e4uptelsalat Radicchio, Salat ihrer Wahl Zubereitung: Den Schafsk\u00e4se in gleichm\u00e4\u00dfige W\u00fcrfel schneiden, mit dem Senf einreiben und mit den gesch\u00e4lten Hanfsamen panieren. Den Salat waschen, trocknen und am Teller dekorativ anrichten. In einer Pfanne etwas Raps\u00f6l sanft erhitzen und [&hellip;]","og_url":"https:\/\/www.hanfcooking.at\/?page_id=832","og_site_name":"hanfcooking","article_publisher":"https:\/\/www.facebook.com\/hanfcooking","article_modified_time":"2018-07-08T15:01:46+00:00","twitter_card":"summary_large_image","twitter_misc":{"Gesch\u00e4tzte Lesezeit":"1\u00a0Minute"},"schema":{"@context":"https:\/\/schema.org","@graph":[{"@type":"WebPage","@id":"https:\/\/www.hanfcooking.at\/?page_id=832","url":"https:\/\/www.hanfcooking.at\/?page_id=832","name":"Schafsk\u00e4se in Hanfkruste - hanfcooking","isPartOf":{"@id":"https:\/\/www.hanfcooking.at\/#website"},"datePublished":"2017-09-12T11:19:37+00:00","dateModified":"2018-07-08T15:01:46+00:00","breadcrumb":{"@id":"https:\/\/www.hanfcooking.at\/?page_id=832#breadcrumb"},"inLanguage":"de","potentialAction":[{"@type":"ReadAction","target":["https:\/\/www.hanfcooking.at\/?page_id=832"]}]},{"@type":"BreadcrumbList","@id":"https:\/\/www.hanfcooking.at\/?page_id=832#breadcrumb","itemListElement":[{"@type":"ListItem","position":1,"name":"Startseite","item":"https:\/\/www.hanfcooking.at\/"},{"@type":"ListItem","position":2,"name":"Schafsk\u00e4se in Hanfkruste"}]},{"@type":"WebSite","@id":"https:\/\/www.hanfcooking.at\/#website","url":"https:\/\/www.hanfcooking.at\/","name":"www.hanfcooking.at","description":"kochen mit Hanf","publisher":{"@id":"https:\/\/www.hanfcooking.at\/#\/schema\/person\/da89f7747a1d1384549251d16488c1fc"},"alternateName":"Hanfkueche","potentialAction":[{"@type":"SearchAction","target":{"@type":"EntryPoint","urlTemplate":"https:\/\/www.hanfcooking.at\/?s={search_term_string}"},"query-input":{"@type":"PropertyValueSpecification","valueRequired":true,"valueName":"search_term_string"}}],"inLanguage":"de"},{"@type":["Person","Organization"],"@id":"https:\/\/www.hanfcooking.at\/#\/schema\/person\/da89f7747a1d1384549251d16488c1fc","name":"Friedrich Pinteritsch","image":{"@type":"ImageObject","inLanguage":"de","@id":"https:\/\/www.hanfcooking.at\/wp-content\/uploads\/2022\/10\/HP-logo-e1665761885673.jpg","url":"https:\/\/www.hanfcooking.at\/wp-content\/uploads\/2022\/10\/HP-logo-e1665761885673.jpg","contentUrl":"https:\/\/www.hanfcooking.at\/wp-content\/uploads\/2022\/10\/HP-logo-e1665761885673.jpg","width":300,"height":240,"caption":"Friedrich Pinteritsch"},"logo":{"@id":"https:\/\/www.hanfcooking.at\/wp-content\/uploads\/2022\/10\/HP-logo-e1665761885673.jpg"},"sameAs":["http:\/\/hanfcooking.at","https:\/\/www.facebook.com\/hanfcooking"]}]}},"_links":{"self":[{"href":"https:\/\/www.hanfcooking.at\/index.php?rest_route=\/wp\/v2\/pages\/832","targetHints":{"allow":["GET"]}}],"collection":[{"href":"https:\/\/www.hanfcooking.at\/index.php?rest_route=\/wp\/v2\/pages"}],"about":[{"href":"https:\/\/www.hanfcooking.at\/index.php?rest_route=\/wp\/v2\/types\/page"}],"author":[{"embeddable":true,"href":"https:\/\/www.hanfcooking.at\/index.php?rest_route=\/wp\/v2\/users\/1"}],"replies":[{"embeddable":true,"href":"https:\/\/www.hanfcooking.at\/index.php?rest_route=%2Fwp%2Fv2%2Fcomments&post=832"}],"version-history":[{"count":6,"href":"https:\/\/www.hanfcooking.at\/index.php?rest_route=\/wp\/v2\/pages\/832\/revisions"}],"predecessor-version":[{"id":2019,"href":"https:\/\/www.hanfcooking.at\/index.php?rest_route=\/wp\/v2\/pages\/832\/revisions\/2019"}],"wp:attachment":[{"href":"https:\/\/www.hanfcooking.at\/index.php?rest_route=%2Fwp%2Fv2%2Fmedia&parent=832"}],"curies":[{"name":"wp","href":"https:\/\/api.w.org\/{rel}","templated":true}]}}