{"id":809,"date":"2017-09-12T14:06:24","date_gmt":"2017-09-12T12:06:24","guid":{"rendered":"http:\/\/www.hanfcooking.at\/blog\/?page_id=809"},"modified":"2026-03-23T17:02:29","modified_gmt":"2026-03-23T16:02:29","slug":"hanffrittaten","status":"publish","type":"page","link":"https:\/\/www.hanfcooking.at\/?page_id=809","title":{"rendered":"Hanffrittaten"},"content":{"rendered":"\t\t<div data-elementor-type=\"wp-post\" data-elementor-id=\"809\" class=\"elementor elementor-809\">\n\t\t\t\t\t\t<section class=\"elementor-section elementor-top-section elementor-element elementor-element-54b0ppv elementor-section-boxed elementor-section-height-default elementor-section-height-default\" data-id=\"54b0ppv\" data-element_type=\"section\" data-e-type=\"section\">\n\t\t\t\t\t\t<div class=\"elementor-container elementor-column-gap-default\">\n\t\t\t\t\t<div class=\"elementor-column elementor-col-33 elementor-top-column elementor-element elementor-element-qew61zd\" data-id=\"qew61zd\" data-element_type=\"column\" data-e-type=\"column\">\n\t\t\t<div class=\"elementor-widget-wrap elementor-element-populated\">\n\t\t\t\t\t\t<div class=\"elementor-element elementor-element-m6jxja8 elementor-widget elementor-widget-image\" data-id=\"m6jxja8\" data-element_type=\"widget\" data-e-type=\"widget\" data-widget_type=\"image.default\">\n\t\t\t\t<div class=\"elementor-widget-container\">\n\t\t\t\t\t\t\t\t\t\t\t\t\t\t\t\t<a href=\"http:\/\/www.hanfcooking.at\/blog\/wp-content\/uploads\/2017\/09\/023Frittaten.jpg\" data-elementor-open-lightbox=\"yes\" data-elementor-lightbox-title=\"023Frittaten\" data-e-action-hash=\"#elementor-action%3Aaction%3Dlightbox%26settings%3DeyJpZCI6NzM3LCJ1cmwiOiJodHRwczpcL1wvd3d3LmhhbmZjb29raW5nLmF0XC93cC1jb250ZW50XC91cGxvYWRzXC8yMDE3XC8wOVwvMDIzRnJpdHRhdGVuLWUxNTQ5MjY2MzY1NTAzLmpwZyJ9\">\n\t\t\t\t\t\t\t<img fetchpriority=\"high\" decoding=\"async\" width=\"750\" height=\"500\" src=\"https:\/\/www.hanfcooking.at\/wp-content\/uploads\/2017\/09\/023Frittaten-1024x683.jpg\" class=\"attachment-large size-large wp-image-737\" alt=\"\" srcset=\"https:\/\/www.hanfcooking.at\/wp-content\/uploads\/2017\/09\/023Frittaten-1024x683.jpg 1024w, https:\/\/www.hanfcooking.at\/wp-content\/uploads\/2017\/09\/023Frittaten-300x200.jpg 300w, https:\/\/www.hanfcooking.at\/wp-content\/uploads\/2017\/09\/023Frittaten-768x512.jpg 768w, https:\/\/www.hanfcooking.at\/wp-content\/uploads\/2017\/09\/023Frittaten-830x553.jpg 830w, https:\/\/www.hanfcooking.at\/wp-content\/uploads\/2017\/09\/023Frittaten-230x153.jpg 230w, https:\/\/www.hanfcooking.at\/wp-content\/uploads\/2017\/09\/023Frittaten-350x233.jpg 350w, https:\/\/www.hanfcooking.at\/wp-content\/uploads\/2017\/09\/023Frittaten-480x320.jpg 480w, https:\/\/www.hanfcooking.at\/wp-content\/uploads\/2017\/09\/023Frittaten-e1549266365503.jpg 800w\" sizes=\"(max-width: 750px) 100vw, 750px\" \/>\t\t\t\t\t\t\t\t<\/a>\n\t\t\t\t\t\t\t\t\t\t\t\t\t\t\t<\/div>\n\t\t\t\t<\/div>\n\t\t\t\t\t<\/div>\n\t\t<\/div>\n\t\t\t\t<div class=\"elementor-column elementor-col-33 elementor-top-column elementor-element elementor-element-8rn2hs3\" data-id=\"8rn2hs3\" data-element_type=\"column\" data-e-type=\"column\">\n\t\t\t<div class=\"elementor-widget-wrap elementor-element-populated\">\n\t\t\t\t\t\t<div class=\"elementor-element elementor-element-ezv7yv0 elementor-widget elementor-widget-text-editor\" data-id=\"ezv7yv0\" data-element_type=\"widget\" data-e-type=\"widget\" data-widget_type=\"text-editor.default\">\n\t\t\t\t<div class=\"elementor-widget-container\">\n\t\t\t\t\t\t\t\t\t<div align=\"center\"><strong>Zutaten:<\/strong><\/div><div align=\"center\">\u00a0<\/div><div align=\"center\">100 g Dinkelmehl<\/div><div align=\"center\">3 EL Hanfmehl<\/div><div align=\"center\">3 Eier<\/div><div align=\"center\">\u00bc ltr Milch<\/div><div align=\"center\">Salz<\/div><div align=\"center\">Sonnenblumen\u00f6l<\/div>\t\t\t\t\t\t\t\t<\/div>\n\t\t\t\t<\/div>\n\t\t\t\t\t<\/div>\n\t\t<\/div>\n\t\t\t\t<div class=\"elementor-column elementor-col-33 elementor-top-column elementor-element elementor-element-yq05pbc\" data-id=\"yq05pbc\" data-element_type=\"column\" data-e-type=\"column\">\n\t\t\t<div class=\"elementor-widget-wrap elementor-element-populated\">\n\t\t\t\t\t\t<div class=\"elementor-element elementor-element-1cb4yov elementor-widget elementor-widget-text-editor\" data-id=\"1cb4yov\" data-element_type=\"widget\" data-e-type=\"widget\" data-widget_type=\"text-editor.default\">\n\t\t\t\t<div class=\"elementor-widget-container\">\n\t\t\t\t\t\t\t\t\t<div align=\"center\"><p><strong>Zubereitung: <\/strong><\/p><p>Aus den Zutaten einen glatten Palatschinkenteig r\u00fchren und in einer Pfanne mit Raps\u00f6l d\u00fcnne Palatschinken ausbacken. Etwas erkalten lassen, zusammen rollen und in d\u00fcnne Streifen schneiden<strong>.<\/strong><\/p><p>\u00a0<\/p><\/div>\t\t\t\t\t\t\t\t<\/div>\n\t\t\t\t<\/div>\n\t\t\t\t\t<\/div>\n\t\t<\/div>\n\t\t\t\t\t<\/div>\n\t\t<\/section>\n\t\t\t\t<\/div>\n\t\t","protected":false},"excerpt":{"rendered":"<p>Zutaten:\u00a0100 g Dinkelmehl3 EL Hanfmehl3 Eier\u00bc ltr MilchSalzSonnenblumen\u00f6l Zubereitung: Aus den Zutaten einen glatten Palatschinkenteig r\u00fchren und in einer Pfanne mit Raps\u00f6l d\u00fcnne Palatschinken ausbacken. Etwas erkalten lassen, zusammen rollen und in d\u00fcnne Streifen schneiden. \u00a0<\/p>\n","protected":false},"author":1,"featured_media":0,"parent":0,"menu_order":0,"comment_status":"closed","ping_status":"closed","template":"","meta":{"footnotes":""},"class_list":["post-809","page","type-page","status-publish","hentry"],"yoast_head":"<!-- This site is optimized with the Yoast SEO plugin v27.6 - https:\/\/yoast.com\/product\/yoast-seo-wordpress\/ -->\n<title>Hanffrittaten - hanfcooking<\/title>\n<meta name=\"robots\" content=\"index, follow, max-snippet:-1, max-image-preview:large, max-video-preview:-1\" \/>\n<link rel=\"canonical\" href=\"https:\/\/www.hanfcooking.at\/?page_id=809\" \/>\n<meta property=\"og:locale\" content=\"de_DE\" \/>\n<meta property=\"og:type\" content=\"article\" \/>\n<meta property=\"og:title\" content=\"Hanffrittaten - hanfcooking\" \/>\n<meta property=\"og:description\" content=\"Zutaten:\u00a0100 g Dinkelmehl3 EL Hanfmehl3 Eier\u00bc ltr MilchSalzSonnenblumen\u00f6l Zubereitung: Aus den Zutaten einen glatten Palatschinkenteig r\u00fchren und in einer Pfanne mit Raps\u00f6l d\u00fcnne Palatschinken ausbacken. Etwas erkalten lassen, zusammen rollen und in d\u00fcnne Streifen schneiden. \u00a0\" \/>\n<meta property=\"og:url\" content=\"https:\/\/www.hanfcooking.at\/?page_id=809\" \/>\n<meta property=\"og:site_name\" content=\"hanfcooking\" \/>\n<meta property=\"article:publisher\" content=\"https:\/\/www.facebook.com\/hanfcooking\" \/>\n<meta property=\"article:modified_time\" content=\"2026-03-23T16:02:29+00:00\" \/>\n<meta property=\"og:image\" content=\"https:\/\/www.hanfcooking.at\/wp-content\/uploads\/2017\/09\/023Frittaten-e1549266365503.jpg\" \/>\n\t<meta property=\"og:image:width\" content=\"800\" \/>\n\t<meta property=\"og:image:height\" content=\"533\" \/>\n\t<meta property=\"og:image:type\" content=\"image\/jpeg\" \/>\n<meta name=\"twitter:card\" content=\"summary_large_image\" \/>\n<meta name=\"twitter:label1\" content=\"Gesch\u00e4tzte Lesezeit\" \/>\n\t<meta name=\"twitter:data1\" content=\"1\u00a0Minute\" \/>\n<script type=\"application\/ld+json\" class=\"yoast-schema-graph\">{\"@context\":\"https:\\\/\\\/schema.org\",\"@graph\":[{\"@type\":\"WebPage\",\"@id\":\"https:\\\/\\\/www.hanfcooking.at\\\/?page_id=809\",\"url\":\"https:\\\/\\\/www.hanfcooking.at\\\/?page_id=809\",\"name\":\"Hanffrittaten - hanfcooking\",\"isPartOf\":{\"@id\":\"https:\\\/\\\/www.hanfcooking.at\\\/#website\"},\"primaryImageOfPage\":{\"@id\":\"https:\\\/\\\/www.hanfcooking.at\\\/?page_id=809#primaryimage\"},\"image\":{\"@id\":\"https:\\\/\\\/www.hanfcooking.at\\\/?page_id=809#primaryimage\"},\"thumbnailUrl\":\"http:\\\/\\\/www.hanfcooking.at\\\/wp-content\\\/uploads\\\/2017\\\/09\\\/023Frittaten-1024x683.jpg\",\"datePublished\":\"2017-09-12T12:06:24+00:00\",\"dateModified\":\"2026-03-23T16:02:29+00:00\",\"breadcrumb\":{\"@id\":\"https:\\\/\\\/www.hanfcooking.at\\\/?page_id=809#breadcrumb\"},\"inLanguage\":\"de\",\"potentialAction\":[{\"@type\":\"ReadAction\",\"target\":[\"https:\\\/\\\/www.hanfcooking.at\\\/?page_id=809\"]}]},{\"@type\":\"ImageObject\",\"inLanguage\":\"de\",\"@id\":\"https:\\\/\\\/www.hanfcooking.at\\\/?page_id=809#primaryimage\",\"url\":\"https:\\\/\\\/www.hanfcooking.at\\\/wp-content\\\/uploads\\\/2017\\\/09\\\/023Frittaten-e1549266365503.jpg\",\"contentUrl\":\"https:\\\/\\\/www.hanfcooking.at\\\/wp-content\\\/uploads\\\/2017\\\/09\\\/023Frittaten-e1549266365503.jpg\",\"width\":800,\"height\":533},{\"@type\":\"BreadcrumbList\",\"@id\":\"https:\\\/\\\/www.hanfcooking.at\\\/?page_id=809#breadcrumb\",\"itemListElement\":[{\"@type\":\"ListItem\",\"position\":1,\"name\":\"Startseite\",\"item\":\"https:\\\/\\\/www.hanfcooking.at\\\/\"},{\"@type\":\"ListItem\",\"position\":2,\"name\":\"Hanffrittaten\"}]},{\"@type\":\"WebSite\",\"@id\":\"https:\\\/\\\/www.hanfcooking.at\\\/#website\",\"url\":\"https:\\\/\\\/www.hanfcooking.at\\\/\",\"name\":\"www.hanfcooking.at\",\"description\":\"kochen mit Hanf\",\"publisher\":{\"@id\":\"https:\\\/\\\/www.hanfcooking.at\\\/#\\\/schema\\\/person\\\/da89f7747a1d1384549251d16488c1fc\"},\"alternateName\":\"Hanfkueche\",\"potentialAction\":[{\"@type\":\"SearchAction\",\"target\":{\"@type\":\"EntryPoint\",\"urlTemplate\":\"https:\\\/\\\/www.hanfcooking.at\\\/?s={search_term_string}\"},\"query-input\":{\"@type\":\"PropertyValueSpecification\",\"valueRequired\":true,\"valueName\":\"search_term_string\"}}],\"inLanguage\":\"de\"},{\"@type\":[\"Person\",\"Organization\"],\"@id\":\"https:\\\/\\\/www.hanfcooking.at\\\/#\\\/schema\\\/person\\\/da89f7747a1d1384549251d16488c1fc\",\"name\":\"Friedrich Pinteritsch\",\"image\":{\"@type\":\"ImageObject\",\"inLanguage\":\"de\",\"@id\":\"https:\\\/\\\/www.hanfcooking.at\\\/wp-content\\\/uploads\\\/2022\\\/10\\\/HP-logo-e1665761885673.jpg\",\"url\":\"https:\\\/\\\/www.hanfcooking.at\\\/wp-content\\\/uploads\\\/2022\\\/10\\\/HP-logo-e1665761885673.jpg\",\"contentUrl\":\"https:\\\/\\\/www.hanfcooking.at\\\/wp-content\\\/uploads\\\/2022\\\/10\\\/HP-logo-e1665761885673.jpg\",\"width\":300,\"height\":240,\"caption\":\"Friedrich Pinteritsch\"},\"logo\":{\"@id\":\"https:\\\/\\\/www.hanfcooking.at\\\/wp-content\\\/uploads\\\/2022\\\/10\\\/HP-logo-e1665761885673.jpg\"},\"sameAs\":[\"http:\\\/\\\/hanfcooking.at\",\"https:\\\/\\\/www.facebook.com\\\/hanfcooking\"]}]}<\/script>\n<!-- \/ Yoast SEO plugin. -->","yoast_head_json":{"title":"Hanffrittaten - hanfcooking","robots":{"index":"index","follow":"follow","max-snippet":"max-snippet:-1","max-image-preview":"max-image-preview:large","max-video-preview":"max-video-preview:-1"},"canonical":"https:\/\/www.hanfcooking.at\/?page_id=809","og_locale":"de_DE","og_type":"article","og_title":"Hanffrittaten - hanfcooking","og_description":"Zutaten:\u00a0100 g Dinkelmehl3 EL Hanfmehl3 Eier\u00bc ltr MilchSalzSonnenblumen\u00f6l Zubereitung: Aus den Zutaten einen glatten Palatschinkenteig r\u00fchren und in einer Pfanne mit Raps\u00f6l d\u00fcnne Palatschinken ausbacken. Etwas erkalten lassen, zusammen rollen und in d\u00fcnne Streifen schneiden. \u00a0","og_url":"https:\/\/www.hanfcooking.at\/?page_id=809","og_site_name":"hanfcooking","article_publisher":"https:\/\/www.facebook.com\/hanfcooking","article_modified_time":"2026-03-23T16:02:29+00:00","og_image":[{"width":800,"height":533,"url":"https:\/\/www.hanfcooking.at\/wp-content\/uploads\/2017\/09\/023Frittaten-e1549266365503.jpg","type":"image\/jpeg"}],"twitter_card":"summary_large_image","twitter_misc":{"Gesch\u00e4tzte Lesezeit":"1\u00a0Minute"},"schema":{"@context":"https:\/\/schema.org","@graph":[{"@type":"WebPage","@id":"https:\/\/www.hanfcooking.at\/?page_id=809","url":"https:\/\/www.hanfcooking.at\/?page_id=809","name":"Hanffrittaten - hanfcooking","isPartOf":{"@id":"https:\/\/www.hanfcooking.at\/#website"},"primaryImageOfPage":{"@id":"https:\/\/www.hanfcooking.at\/?page_id=809#primaryimage"},"image":{"@id":"https:\/\/www.hanfcooking.at\/?page_id=809#primaryimage"},"thumbnailUrl":"http:\/\/www.hanfcooking.at\/wp-content\/uploads\/2017\/09\/023Frittaten-1024x683.jpg","datePublished":"2017-09-12T12:06:24+00:00","dateModified":"2026-03-23T16:02:29+00:00","breadcrumb":{"@id":"https:\/\/www.hanfcooking.at\/?page_id=809#breadcrumb"},"inLanguage":"de","potentialAction":[{"@type":"ReadAction","target":["https:\/\/www.hanfcooking.at\/?page_id=809"]}]},{"@type":"ImageObject","inLanguage":"de","@id":"https:\/\/www.hanfcooking.at\/?page_id=809#primaryimage","url":"https:\/\/www.hanfcooking.at\/wp-content\/uploads\/2017\/09\/023Frittaten-e1549266365503.jpg","contentUrl":"https:\/\/www.hanfcooking.at\/wp-content\/uploads\/2017\/09\/023Frittaten-e1549266365503.jpg","width":800,"height":533},{"@type":"BreadcrumbList","@id":"https:\/\/www.hanfcooking.at\/?page_id=809#breadcrumb","itemListElement":[{"@type":"ListItem","position":1,"name":"Startseite","item":"https:\/\/www.hanfcooking.at\/"},{"@type":"ListItem","position":2,"name":"Hanffrittaten"}]},{"@type":"WebSite","@id":"https:\/\/www.hanfcooking.at\/#website","url":"https:\/\/www.hanfcooking.at\/","name":"www.hanfcooking.at","description":"kochen mit Hanf","publisher":{"@id":"https:\/\/www.hanfcooking.at\/#\/schema\/person\/da89f7747a1d1384549251d16488c1fc"},"alternateName":"Hanfkueche","potentialAction":[{"@type":"SearchAction","target":{"@type":"EntryPoint","urlTemplate":"https:\/\/www.hanfcooking.at\/?s={search_term_string}"},"query-input":{"@type":"PropertyValueSpecification","valueRequired":true,"valueName":"search_term_string"}}],"inLanguage":"de"},{"@type":["Person","Organization"],"@id":"https:\/\/www.hanfcooking.at\/#\/schema\/person\/da89f7747a1d1384549251d16488c1fc","name":"Friedrich Pinteritsch","image":{"@type":"ImageObject","inLanguage":"de","@id":"https:\/\/www.hanfcooking.at\/wp-content\/uploads\/2022\/10\/HP-logo-e1665761885673.jpg","url":"https:\/\/www.hanfcooking.at\/wp-content\/uploads\/2022\/10\/HP-logo-e1665761885673.jpg","contentUrl":"https:\/\/www.hanfcooking.at\/wp-content\/uploads\/2022\/10\/HP-logo-e1665761885673.jpg","width":300,"height":240,"caption":"Friedrich Pinteritsch"},"logo":{"@id":"https:\/\/www.hanfcooking.at\/wp-content\/uploads\/2022\/10\/HP-logo-e1665761885673.jpg"},"sameAs":["http:\/\/hanfcooking.at","https:\/\/www.facebook.com\/hanfcooking"]}]}},"_links":{"self":[{"href":"https:\/\/www.hanfcooking.at\/index.php?rest_route=\/wp\/v2\/pages\/809","targetHints":{"allow":["GET"]}}],"collection":[{"href":"https:\/\/www.hanfcooking.at\/index.php?rest_route=\/wp\/v2\/pages"}],"about":[{"href":"https:\/\/www.hanfcooking.at\/index.php?rest_route=\/wp\/v2\/types\/page"}],"author":[{"embeddable":true,"href":"https:\/\/www.hanfcooking.at\/index.php?rest_route=\/wp\/v2\/users\/1"}],"replies":[{"embeddable":true,"href":"https:\/\/www.hanfcooking.at\/index.php?rest_route=%2Fwp%2Fv2%2Fcomments&post=809"}],"version-history":[{"count":13,"href":"https:\/\/www.hanfcooking.at\/index.php?rest_route=\/wp\/v2\/pages\/809\/revisions"}],"predecessor-version":[{"id":4970,"href":"https:\/\/www.hanfcooking.at\/index.php?rest_route=\/wp\/v2\/pages\/809\/revisions\/4970"}],"wp:attachment":[{"href":"https:\/\/www.hanfcooking.at\/index.php?rest_route=%2Fwp%2Fv2%2Fmedia&parent=809"}],"curies":[{"name":"wp","href":"https:\/\/api.w.org\/{rel}","templated":true}]}}