{"id":2612,"date":"2019-02-12T09:52:40","date_gmt":"2019-02-12T08:52:40","guid":{"rendered":"http:\/\/www.hanfcooking.at\/?page_id=2612"},"modified":"2020-01-22T09:50:08","modified_gmt":"2020-01-22T08:50:08","slug":"kaerntner-kaesnudel","status":"publish","type":"page","link":"https:\/\/www.hanfcooking.at\/?page_id=2612","title":{"rendered":"K\u00e4rntner K\u00e4snudel"},"content":{"rendered":"\t\t<div data-elementor-type=\"wp-post\" data-elementor-id=\"2612\" class=\"elementor elementor-2612\">\n\t\t\t\t\t\t<section class=\"elementor-section elementor-top-section elementor-element elementor-element-f3338bc elementor-section-boxed elementor-section-height-default elementor-section-height-default\" data-id=\"f3338bc\" data-element_type=\"section\" data-e-type=\"section\">\n\t\t\t\t\t\t<div class=\"elementor-container elementor-column-gap-default\">\n\t\t\t\t\t<div class=\"elementor-column elementor-col-50 elementor-top-column elementor-element elementor-element-78f7659\" data-id=\"78f7659\" data-element_type=\"column\" data-e-type=\"column\">\n\t\t\t<div class=\"elementor-widget-wrap elementor-element-populated\">\n\t\t\t\t\t\t<div class=\"elementor-element elementor-element-848ee0b elementor-widget elementor-widget-image\" data-id=\"848ee0b\" data-element_type=\"widget\" data-e-type=\"widget\" data-widget_type=\"image.default\">\n\t\t\t\t<div class=\"elementor-widget-container\">\n\t\t\t\t\t\t\t\t\t\t\t\t\t\t\t<img fetchpriority=\"high\" decoding=\"async\" width=\"750\" height=\"500\" src=\"https:\/\/www.hanfcooking.at\/wp-content\/uploads\/2019\/02\/K\u00e4snudel-1024x683.jpg\" class=\"attachment-large size-large wp-image-2611\" alt=\"\" srcset=\"https:\/\/www.hanfcooking.at\/wp-content\/uploads\/2019\/02\/K\u00e4snudel-1024x683.jpg 1024w, https:\/\/www.hanfcooking.at\/wp-content\/uploads\/2019\/02\/K\u00e4snudel-300x200.jpg 300w, https:\/\/www.hanfcooking.at\/wp-content\/uploads\/2019\/02\/K\u00e4snudel-768x512.jpg 768w, https:\/\/www.hanfcooking.at\/wp-content\/uploads\/2019\/02\/K\u00e4snudel-830x553.jpg 830w, https:\/\/www.hanfcooking.at\/wp-content\/uploads\/2019\/02\/K\u00e4snudel-230x153.jpg 230w, https:\/\/www.hanfcooking.at\/wp-content\/uploads\/2019\/02\/K\u00e4snudel-350x233.jpg 350w, https:\/\/www.hanfcooking.at\/wp-content\/uploads\/2019\/02\/K\u00e4snudel-480x320.jpg 480w, https:\/\/www.hanfcooking.at\/wp-content\/uploads\/2019\/02\/K\u00e4snudel-272x182.jpg 272w, https:\/\/www.hanfcooking.at\/wp-content\/uploads\/2019\/02\/K\u00e4snudel-e1549961493667.jpg 800w\" sizes=\"(max-width: 750px) 100vw, 750px\" \/>\t\t\t\t\t\t\t\t\t\t\t\t\t\t\t<\/div>\n\t\t\t\t<\/div>\n\t\t\t\t\t<\/div>\n\t\t<\/div>\n\t\t\t\t<div class=\"elementor-column elementor-col-50 elementor-top-column elementor-element elementor-element-4632359\" data-id=\"4632359\" data-element_type=\"column\" data-e-type=\"column\">\n\t\t\t<div class=\"elementor-widget-wrap elementor-element-populated\">\n\t\t\t\t\t\t<div class=\"elementor-element elementor-element-a8ccaba elementor-widget elementor-widget-text-editor\" data-id=\"a8ccaba\" data-element_type=\"widget\" data-e-type=\"widget\" data-widget_type=\"text-editor.default\">\n\t\t\t\t<div class=\"elementor-widget-container\">\n\t\t\t\t\t\t\t\t\t<strong>Zutaten:<\/strong><br class=\"none\" \/>Teig:\n500 g Dinkelmehl \n80 g Hanfmehl\n1 Ei\n1 TL Salz\n9 EL lauwarmes Wasser\n\n<strong>F\u00fclle:<\/strong>\n40 dag Erd\u00e4pfel\n1\/2 kg Br\u00f6seltopfen\n1 Ei\nKerbelkraut\nMinze\nSalz, Pfeffer\n\n100 g Biobutter\n50 g gesch\u00e4lter Biohanf\t\t\t\t\t\t\t\t<\/div>\n\t\t\t\t<\/div>\n\t\t\t\t\t<\/div>\n\t\t<\/div>\n\t\t\t\t\t<\/div>\n\t\t<\/section>\n\t\t\t\t<section class=\"elementor-section elementor-top-section elementor-element elementor-element-037a5dc elementor-section-boxed elementor-section-height-default elementor-section-height-default\" data-id=\"037a5dc\" data-element_type=\"section\" data-e-type=\"section\">\n\t\t\t\t\t\t<div class=\"elementor-container elementor-column-gap-default\">\n\t\t\t\t\t<div class=\"elementor-column elementor-col-100 elementor-top-column elementor-element elementor-element-7157d78\" data-id=\"7157d78\" data-element_type=\"column\" data-e-type=\"column\" data-settings=\"{&quot;background_background&quot;:&quot;classic&quot;}\">\n\t\t\t<div class=\"elementor-widget-wrap elementor-element-populated\">\n\t\t\t\t\t\t<div class=\"elementor-element elementor-element-d2d2f70 elementor-widget elementor-widget-text-editor\" data-id=\"d2d2f70\" data-element_type=\"widget\" data-e-type=\"widget\" data-widget_type=\"text-editor.default\">\n\t\t\t\t<div class=\"elementor-widget-container\">\n\t\t\t\t\t\t\t\t\t<p>Zubereitung:<\/p><p>Mehl, Ei, Salz und Wasser zu einem geschmeidigen Nudelteig kneten und rasten lassen.<br \/>Erd\u00e4pfel kochen, sch\u00e4len und noch hei\u00df pressen.<br \/>Topfen und die gehackten Kr\u00e4uter mit dem Ei gut durchmischen.<br \/>Aus der Masse mit dem Eisportionierer Kugeln abstechen.<br \/>Nudelteig d\u00fcnn auswalken.<\/p><p>Auf die H\u00e4lfte des Teiges Kugeln legen, 2. H\u00e4lfte dar\u00fcber schlagen, rundum andr\u00fccken und mit einem Glas oder Teigrad ausstechen. Rund um die Kugel nochmals den Teig andr\u00fccken ( Luft herausdr\u00fccken) und krendeln, ca. 5 Minuten in Salzwasser kochen, bis sie aufsteigen.<br \/>Herausnehmen und mit zerlassener Biohanfbutter abschmelzen.<\/p><p>\u00a0<\/p>\t\t\t\t\t\t\t\t<\/div>\n\t\t\t\t<\/div>\n\t\t\t\t\t<\/div>\n\t\t<\/div>\n\t\t\t\t\t<\/div>\n\t\t<\/section>\n\t\t\t\t<\/div>\n\t\t","protected":false},"excerpt":{"rendered":"<p>Zutaten:Teig: 500 g Dinkelmehl 80 g Hanfmehl 1 Ei 1 TL Salz 9 EL lauwarmes Wasser F\u00fclle: 40 dag Erd\u00e4pfel 1\/2 kg Br\u00f6seltopfen 1 Ei Kerbelkraut Minze Salz, Pfeffer 100 g Biobutter 50 g gesch\u00e4lter Biohanf Zubereitung: Mehl, Ei, Salz und Wasser zu einem geschmeidigen Nudelteig kneten und rasten lassen.Erd\u00e4pfel kochen, sch\u00e4len und noch hei\u00df [&hellip;]<\/p>\n","protected":false},"author":1,"featured_media":0,"parent":0,"menu_order":0,"comment_status":"closed","ping_status":"closed","template":"","meta":{"footnotes":""},"class_list":["post-2612","page","type-page","status-publish","hentry"],"yoast_head":"<!-- This site is optimized with the Yoast SEO plugin v27.6 - https:\/\/yoast.com\/product\/yoast-seo-wordpress\/ -->\n<title>K\u00e4rntner K\u00e4snudel - hanfcooking<\/title>\n<meta name=\"robots\" content=\"index, follow, max-snippet:-1, max-image-preview:large, max-video-preview:-1\" \/>\n<link rel=\"canonical\" href=\"https:\/\/www.hanfcooking.at\/?page_id=2612\" \/>\n<meta property=\"og:locale\" content=\"de_DE\" \/>\n<meta property=\"og:type\" content=\"article\" \/>\n<meta property=\"og:title\" content=\"K\u00e4rntner K\u00e4snudel - hanfcooking\" \/>\n<meta property=\"og:description\" content=\"Zutaten:Teig: 500 g Dinkelmehl 80 g Hanfmehl 1 Ei 1 TL Salz 9 EL lauwarmes Wasser F\u00fclle: 40 dag Erd\u00e4pfel 1\/2 kg Br\u00f6seltopfen 1 Ei Kerbelkraut Minze Salz, Pfeffer 100 g Biobutter 50 g gesch\u00e4lter Biohanf Zubereitung: Mehl, Ei, Salz und Wasser zu einem geschmeidigen Nudelteig kneten und rasten lassen.Erd\u00e4pfel kochen, sch\u00e4len und noch hei\u00df [&hellip;]\" \/>\n<meta property=\"og:url\" content=\"https:\/\/www.hanfcooking.at\/?page_id=2612\" \/>\n<meta property=\"og:site_name\" content=\"hanfcooking\" \/>\n<meta property=\"article:publisher\" content=\"https:\/\/www.facebook.com\/hanfcooking\" \/>\n<meta property=\"article:modified_time\" content=\"2020-01-22T08:50:08+00:00\" \/>\n<meta name=\"twitter:card\" content=\"summary_large_image\" \/>\n<meta name=\"twitter:label1\" content=\"Gesch\u00e4tzte Lesezeit\" \/>\n\t<meta name=\"twitter:data1\" content=\"1\u00a0Minute\" \/>\n<script type=\"application\/ld+json\" class=\"yoast-schema-graph\">{\"@context\":\"https:\\\/\\\/schema.org\",\"@graph\":[{\"@type\":\"WebPage\",\"@id\":\"https:\\\/\\\/www.hanfcooking.at\\\/?page_id=2612\",\"url\":\"https:\\\/\\\/www.hanfcooking.at\\\/?page_id=2612\",\"name\":\"K\u00e4rntner K\u00e4snudel - hanfcooking\",\"isPartOf\":{\"@id\":\"https:\\\/\\\/www.hanfcooking.at\\\/#website\"},\"datePublished\":\"2019-02-12T08:52:40+00:00\",\"dateModified\":\"2020-01-22T08:50:08+00:00\",\"breadcrumb\":{\"@id\":\"https:\\\/\\\/www.hanfcooking.at\\\/?page_id=2612#breadcrumb\"},\"inLanguage\":\"de\",\"potentialAction\":[{\"@type\":\"ReadAction\",\"target\":[\"https:\\\/\\\/www.hanfcooking.at\\\/?page_id=2612\"]}]},{\"@type\":\"BreadcrumbList\",\"@id\":\"https:\\\/\\\/www.hanfcooking.at\\\/?page_id=2612#breadcrumb\",\"itemListElement\":[{\"@type\":\"ListItem\",\"position\":1,\"name\":\"Startseite\",\"item\":\"https:\\\/\\\/www.hanfcooking.at\\\/\"},{\"@type\":\"ListItem\",\"position\":2,\"name\":\"K\u00e4rntner K\u00e4snudel\"}]},{\"@type\":\"WebSite\",\"@id\":\"https:\\\/\\\/www.hanfcooking.at\\\/#website\",\"url\":\"https:\\\/\\\/www.hanfcooking.at\\\/\",\"name\":\"www.hanfcooking.at\",\"description\":\"kochen mit Hanf\",\"publisher\":{\"@id\":\"https:\\\/\\\/www.hanfcooking.at\\\/#\\\/schema\\\/person\\\/da89f7747a1d1384549251d16488c1fc\"},\"alternateName\":\"Hanfkueche\",\"potentialAction\":[{\"@type\":\"SearchAction\",\"target\":{\"@type\":\"EntryPoint\",\"urlTemplate\":\"https:\\\/\\\/www.hanfcooking.at\\\/?s={search_term_string}\"},\"query-input\":{\"@type\":\"PropertyValueSpecification\",\"valueRequired\":true,\"valueName\":\"search_term_string\"}}],\"inLanguage\":\"de\"},{\"@type\":[\"Person\",\"Organization\"],\"@id\":\"https:\\\/\\\/www.hanfcooking.at\\\/#\\\/schema\\\/person\\\/da89f7747a1d1384549251d16488c1fc\",\"name\":\"Friedrich Pinteritsch\",\"image\":{\"@type\":\"ImageObject\",\"inLanguage\":\"de\",\"@id\":\"https:\\\/\\\/www.hanfcooking.at\\\/wp-content\\\/uploads\\\/2022\\\/10\\\/HP-logo-e1665761885673.jpg\",\"url\":\"https:\\\/\\\/www.hanfcooking.at\\\/wp-content\\\/uploads\\\/2022\\\/10\\\/HP-logo-e1665761885673.jpg\",\"contentUrl\":\"https:\\\/\\\/www.hanfcooking.at\\\/wp-content\\\/uploads\\\/2022\\\/10\\\/HP-logo-e1665761885673.jpg\",\"width\":300,\"height\":240,\"caption\":\"Friedrich Pinteritsch\"},\"logo\":{\"@id\":\"https:\\\/\\\/www.hanfcooking.at\\\/wp-content\\\/uploads\\\/2022\\\/10\\\/HP-logo-e1665761885673.jpg\"},\"sameAs\":[\"http:\\\/\\\/hanfcooking.at\",\"https:\\\/\\\/www.facebook.com\\\/hanfcooking\"]}]}<\/script>\n<!-- \/ Yoast SEO plugin. -->","yoast_head_json":{"title":"K\u00e4rntner K\u00e4snudel - hanfcooking","robots":{"index":"index","follow":"follow","max-snippet":"max-snippet:-1","max-image-preview":"max-image-preview:large","max-video-preview":"max-video-preview:-1"},"canonical":"https:\/\/www.hanfcooking.at\/?page_id=2612","og_locale":"de_DE","og_type":"article","og_title":"K\u00e4rntner K\u00e4snudel - hanfcooking","og_description":"Zutaten:Teig: 500 g Dinkelmehl 80 g Hanfmehl 1 Ei 1 TL Salz 9 EL lauwarmes Wasser F\u00fclle: 40 dag Erd\u00e4pfel 1\/2 kg Br\u00f6seltopfen 1 Ei Kerbelkraut Minze Salz, Pfeffer 100 g Biobutter 50 g gesch\u00e4lter Biohanf Zubereitung: Mehl, Ei, Salz und Wasser zu einem geschmeidigen Nudelteig kneten und rasten lassen.Erd\u00e4pfel kochen, sch\u00e4len und noch hei\u00df [&hellip;]","og_url":"https:\/\/www.hanfcooking.at\/?page_id=2612","og_site_name":"hanfcooking","article_publisher":"https:\/\/www.facebook.com\/hanfcooking","article_modified_time":"2020-01-22T08:50:08+00:00","twitter_card":"summary_large_image","twitter_misc":{"Gesch\u00e4tzte Lesezeit":"1\u00a0Minute"},"schema":{"@context":"https:\/\/schema.org","@graph":[{"@type":"WebPage","@id":"https:\/\/www.hanfcooking.at\/?page_id=2612","url":"https:\/\/www.hanfcooking.at\/?page_id=2612","name":"K\u00e4rntner K\u00e4snudel - hanfcooking","isPartOf":{"@id":"https:\/\/www.hanfcooking.at\/#website"},"datePublished":"2019-02-12T08:52:40+00:00","dateModified":"2020-01-22T08:50:08+00:00","breadcrumb":{"@id":"https:\/\/www.hanfcooking.at\/?page_id=2612#breadcrumb"},"inLanguage":"de","potentialAction":[{"@type":"ReadAction","target":["https:\/\/www.hanfcooking.at\/?page_id=2612"]}]},{"@type":"BreadcrumbList","@id":"https:\/\/www.hanfcooking.at\/?page_id=2612#breadcrumb","itemListElement":[{"@type":"ListItem","position":1,"name":"Startseite","item":"https:\/\/www.hanfcooking.at\/"},{"@type":"ListItem","position":2,"name":"K\u00e4rntner K\u00e4snudel"}]},{"@type":"WebSite","@id":"https:\/\/www.hanfcooking.at\/#website","url":"https:\/\/www.hanfcooking.at\/","name":"www.hanfcooking.at","description":"kochen mit Hanf","publisher":{"@id":"https:\/\/www.hanfcooking.at\/#\/schema\/person\/da89f7747a1d1384549251d16488c1fc"},"alternateName":"Hanfkueche","potentialAction":[{"@type":"SearchAction","target":{"@type":"EntryPoint","urlTemplate":"https:\/\/www.hanfcooking.at\/?s={search_term_string}"},"query-input":{"@type":"PropertyValueSpecification","valueRequired":true,"valueName":"search_term_string"}}],"inLanguage":"de"},{"@type":["Person","Organization"],"@id":"https:\/\/www.hanfcooking.at\/#\/schema\/person\/da89f7747a1d1384549251d16488c1fc","name":"Friedrich Pinteritsch","image":{"@type":"ImageObject","inLanguage":"de","@id":"https:\/\/www.hanfcooking.at\/wp-content\/uploads\/2022\/10\/HP-logo-e1665761885673.jpg","url":"https:\/\/www.hanfcooking.at\/wp-content\/uploads\/2022\/10\/HP-logo-e1665761885673.jpg","contentUrl":"https:\/\/www.hanfcooking.at\/wp-content\/uploads\/2022\/10\/HP-logo-e1665761885673.jpg","width":300,"height":240,"caption":"Friedrich Pinteritsch"},"logo":{"@id":"https:\/\/www.hanfcooking.at\/wp-content\/uploads\/2022\/10\/HP-logo-e1665761885673.jpg"},"sameAs":["http:\/\/hanfcooking.at","https:\/\/www.facebook.com\/hanfcooking"]}]}},"_links":{"self":[{"href":"https:\/\/www.hanfcooking.at\/index.php?rest_route=\/wp\/v2\/pages\/2612","targetHints":{"allow":["GET"]}}],"collection":[{"href":"https:\/\/www.hanfcooking.at\/index.php?rest_route=\/wp\/v2\/pages"}],"about":[{"href":"https:\/\/www.hanfcooking.at\/index.php?rest_route=\/wp\/v2\/types\/page"}],"author":[{"embeddable":true,"href":"https:\/\/www.hanfcooking.at\/index.php?rest_route=\/wp\/v2\/users\/1"}],"replies":[{"embeddable":true,"href":"https:\/\/www.hanfcooking.at\/index.php?rest_route=%2Fwp%2Fv2%2Fcomments&post=2612"}],"version-history":[{"count":6,"href":"https:\/\/www.hanfcooking.at\/index.php?rest_route=\/wp\/v2\/pages\/2612\/revisions"}],"predecessor-version":[{"id":2838,"href":"https:\/\/www.hanfcooking.at\/index.php?rest_route=\/wp\/v2\/pages\/2612\/revisions\/2838"}],"wp:attachment":[{"href":"https:\/\/www.hanfcooking.at\/index.php?rest_route=%2Fwp%2Fv2%2Fmedia&parent=2612"}],"curies":[{"name":"wp","href":"https:\/\/api.w.org\/{rel}","templated":true}]}}