{"id":2523,"date":"2019-02-04T11:44:46","date_gmt":"2019-02-04T10:44:46","guid":{"rendered":"http:\/\/www.hanfcooking.at\/?page_id=2523"},"modified":"2026-03-24T17:58:12","modified_gmt":"2026-03-24T16:58:12","slug":"hanfmehl-2","status":"publish","type":"page","link":"https:\/\/www.hanfcooking.at\/?page_id=2523","title":{"rendered":"Hanfmehl"},"content":{"rendered":"\t\t<div data-elementor-type=\"wp-post\" data-elementor-id=\"2523\" class=\"elementor elementor-2523\">\n\t\t\t\t\t\t<section class=\"elementor-section elementor-top-section elementor-element elementor-element-8e07545 elementor-section-boxed elementor-section-height-default elementor-section-height-default\" data-id=\"8e07545\" data-element_type=\"section\" data-e-type=\"section\">\n\t\t\t\t\t\t<div class=\"elementor-container elementor-column-gap-default\">\n\t\t\t\t\t<div class=\"elementor-column elementor-col-100 elementor-top-column elementor-element elementor-element-0a88980\" data-id=\"0a88980\" data-element_type=\"column\" data-e-type=\"column\">\n\t\t\t<div class=\"elementor-widget-wrap elementor-element-populated\">\n\t\t\t\t\t\t<div class=\"elementor-element elementor-element-39a213c elementor-widget elementor-widget-text-editor\" data-id=\"39a213c\" data-element_type=\"widget\" data-e-type=\"widget\" data-widget_type=\"text-editor.default\">\n\t\t\t\t<div class=\"elementor-widget-container\">\n\t\t\t\t\t\t\t\t\t<h1 style=\"text-align: center;\"><strong>Rezepte mit Hanfmehl<\/strong><\/h1>\t\t\t\t\t\t\t\t<\/div>\n\t\t\t\t<\/div>\n\t\t\t\t\t<\/div>\n\t\t<\/div>\n\t\t\t\t\t<\/div>\n\t\t<\/section>\n\t\t\t\t<section class=\"elementor-section elementor-top-section elementor-element elementor-element-b6a4a58 elementor-section-height-min-height elementor-section-items-top elementor-section-boxed elementor-section-height-default\" data-id=\"b6a4a58\" data-element_type=\"section\" data-e-type=\"section\">\n\t\t\t\t\t\t<div class=\"elementor-container elementor-column-gap-default\">\n\t\t\t\t\t<div class=\"elementor-column elementor-col-33 elementor-top-column elementor-element elementor-element-7d882ec\" data-id=\"7d882ec\" data-element_type=\"column\" data-e-type=\"column\" data-settings=\"{&quot;background_background&quot;:&quot;classic&quot;}\">\n\t\t\t<div class=\"elementor-widget-wrap elementor-element-populated\">\n\t\t\t\t\t\t<div class=\"elementor-element elementor-element-3102eb9 elementor-widget elementor-widget-image\" data-id=\"3102eb9\" data-element_type=\"widget\" data-e-type=\"widget\" data-widget_type=\"image.default\">\n\t\t\t\t<div class=\"elementor-widget-container\">\n\t\t\t\t\t\t\t\t\t\t\t\t<figure class=\"wp-caption\">\n\t\t\t\t\t\t\t\t\t\t\t<a href=\"http:\/\/www.hanfcooking.at\/?page_id=925\">\n\t\t\t\t\t\t\t<img fetchpriority=\"high\" decoding=\"async\" width=\"600\" height=\"400\" src=\"https:\/\/www.hanfcooking.at\/wp-content\/uploads\/2024\/06\/Marille-Kopie.jpg\" class=\"attachment-large size-large wp-image-4466\" alt=\"\" srcset=\"https:\/\/www.hanfcooking.at\/wp-content\/uploads\/2024\/06\/Marille-Kopie.jpg 600w, https:\/\/www.hanfcooking.at\/wp-content\/uploads\/2024\/06\/Marille-Kopie-300x200.jpg 300w, https:\/\/www.hanfcooking.at\/wp-content\/uploads\/2024\/06\/Marille-Kopie-200x133.jpg 200w, https:\/\/www.hanfcooking.at\/wp-content\/uploads\/2024\/06\/Marille-Kopie-75x50.jpg 75w, https:\/\/www.hanfcooking.at\/wp-content\/uploads\/2024\/06\/Marille-Kopie-272x182.jpg 272w\" sizes=\"(max-width: 600px) 100vw, 600px\" \/>\t\t\t\t\t\t\t\t<\/a>\n\t\t\t\t\t\t\t\t\t\t\t<figcaption class=\"widget-image-caption wp-caption-text\"><\/figcaption>\n\t\t\t\t\t\t\t\t\t\t<\/figure>\n\t\t\t\t\t\t\t\t\t<\/div>\n\t\t\t\t<\/div>\n\t\t\t\t<div class=\"elementor-element elementor-element-73fc086 elementor-widget elementor-widget-heading\" data-id=\"73fc086\" data-element_type=\"widget\" data-e-type=\"widget\" data-widget_type=\"heading.default\">\n\t\t\t\t<div class=\"elementor-widget-container\">\n\t\t\t\t\t<h3 class=\"elementor-heading-title elementor-size-default\"><a href=\"http:\/\/www.hanfcooking.at\/?page_id=925\" target=\"_blank\">Hanf-Marillenkuchen<\/a><\/h3>\t\t\t\t<\/div>\n\t\t\t\t<\/div>\n\t\t\t\t<div class=\"elementor-element elementor-element-abf43ed elementor-widget elementor-widget-text-editor\" data-id=\"abf43ed\" data-element_type=\"widget\" data-e-type=\"widget\" data-widget_type=\"text-editor.default\">\n\t\t\t\t<div class=\"elementor-widget-container\">\n\t\t\t\t\t\t\t\t\t<p>250 g Braunzucker<br \/>250 g Butter<br \/>250 g Hanfmehl<br \/>50g gesch\u00e4lter Hanf<br \/>3 EL Dinkelmehl<br \/>6 Eier<br \/>\u00bd kg Marillen<br \/>2 EL kalte Milch&#8230;<\/p>\t\t\t\t\t\t\t\t<\/div>\n\t\t\t\t<\/div>\n\t\t\t\t\t<\/div>\n\t\t<\/div>\n\t\t\t\t<div class=\"elementor-column elementor-col-33 elementor-top-column elementor-element elementor-element-dc6e54d\" data-id=\"dc6e54d\" data-element_type=\"column\" data-e-type=\"column\">\n\t\t\t<div class=\"elementor-widget-wrap elementor-element-populated\">\n\t\t\t\t\t\t<div class=\"elementor-element elementor-element-06090ea elementor-widget elementor-widget-image\" data-id=\"06090ea\" data-element_type=\"widget\" data-e-type=\"widget\" data-widget_type=\"image.default\">\n\t\t\t\t<div class=\"elementor-widget-container\">\n\t\t\t\t\t\t\t\t\t\t\t\t<figure class=\"wp-caption\">\n\t\t\t\t\t\t\t\t\t\t\t<a href=\"http:\/\/www.hanfcooking.at\/?page_id=2612\">\n\t\t\t\t\t\t\t<img decoding=\"async\" width=\"600\" height=\"400\" src=\"https:\/\/www.hanfcooking.at\/wp-content\/uploads\/2024\/06\/Kaesnudel-Kopie.jpg\" class=\"attachment-large size-large wp-image-4467\" alt=\"\" srcset=\"https:\/\/www.hanfcooking.at\/wp-content\/uploads\/2024\/06\/Kaesnudel-Kopie.jpg 600w, https:\/\/www.hanfcooking.at\/wp-content\/uploads\/2024\/06\/Kaesnudel-Kopie-300x200.jpg 300w, https:\/\/www.hanfcooking.at\/wp-content\/uploads\/2024\/06\/Kaesnudel-Kopie-200x133.jpg 200w, https:\/\/www.hanfcooking.at\/wp-content\/uploads\/2024\/06\/Kaesnudel-Kopie-75x50.jpg 75w, https:\/\/www.hanfcooking.at\/wp-content\/uploads\/2024\/06\/Kaesnudel-Kopie-272x182.jpg 272w\" sizes=\"(max-width: 600px) 100vw, 600px\" \/>\t\t\t\t\t\t\t\t<\/a>\n\t\t\t\t\t\t\t\t\t\t\t<figcaption class=\"widget-image-caption wp-caption-text\"><\/figcaption>\n\t\t\t\t\t\t\t\t\t\t<\/figure>\n\t\t\t\t\t\t\t\t\t<\/div>\n\t\t\t\t<\/div>\n\t\t\t\t<div class=\"elementor-element elementor-element-8d5e20e elementor-widget elementor-widget-heading\" data-id=\"8d5e20e\" data-element_type=\"widget\" data-e-type=\"widget\" data-widget_type=\"heading.default\">\n\t\t\t\t<div class=\"elementor-widget-container\">\n\t\t\t\t\t<h3 class=\"elementor-heading-title elementor-size-default\"><a href=\"http:\/\/www.hanfcooking.at\/?page_id=2612\" target=\"_blank\">K\u00e4rntner K\u00e4snudel <\/a><\/h3>\t\t\t\t<\/div>\n\t\t\t\t<\/div>\n\t\t\t\t<div class=\"elementor-element elementor-element-a44332e elementor-widget elementor-widget-text-editor\" data-id=\"a44332e\" data-element_type=\"widget\" data-e-type=\"widget\" data-widget_type=\"text-editor.default\">\n\t\t\t\t<div class=\"elementor-widget-container\">\n\t\t\t\t\t\t\t\t\t<p>Mehl, Ei, Salz und Wasser zu einem geschmeidigen Nudelteig kneten und rasten lassen.<br \/>Erd\u00e4pfel kochen, sch\u00e4len und noch hei\u00df pressen.<br \/>Topfen und die gehackten Kr\u00e4uter mit dem Ei gut durchmischen.<br \/>Aus der Masse mit dem Eisportionierer Kugeln abstechen.<br \/>Nudelteig d\u00fcnn auswalken.<\/p>\t\t\t\t\t\t\t\t<\/div>\n\t\t\t\t<\/div>\n\t\t\t\t\t<\/div>\n\t\t<\/div>\n\t\t\t\t<div class=\"elementor-column elementor-col-33 elementor-top-column elementor-element elementor-element-8efc6ad\" data-id=\"8efc6ad\" data-element_type=\"column\" data-e-type=\"column\">\n\t\t\t<div class=\"elementor-widget-wrap elementor-element-populated\">\n\t\t\t\t\t\t<div class=\"elementor-element elementor-element-4a492a53 elementor-widget elementor-widget-image\" data-id=\"4a492a53\" data-element_type=\"widget\" data-e-type=\"widget\" data-widget_type=\"image.default\">\n\t\t\t\t<div class=\"elementor-widget-container\">\n\t\t\t\t\t\t\t\t\t\t\t\t<figure class=\"wp-caption\">\n\t\t\t\t\t\t\t\t\t\t\t<a href=\"http:\/\/www.hanfcooking.at\/?page_id=809\">\n\t\t\t\t\t\t\t<img decoding=\"async\" width=\"600\" height=\"400\" src=\"https:\/\/www.hanfcooking.at\/wp-content\/uploads\/2024\/06\/Frittaten-Kopie.jpg\" class=\"attachment-large size-large wp-image-4468\" alt=\"\" srcset=\"https:\/\/www.hanfcooking.at\/wp-content\/uploads\/2024\/06\/Frittaten-Kopie.jpg 600w, https:\/\/www.hanfcooking.at\/wp-content\/uploads\/2024\/06\/Frittaten-Kopie-300x200.jpg 300w, https:\/\/www.hanfcooking.at\/wp-content\/uploads\/2024\/06\/Frittaten-Kopie-200x133.jpg 200w, https:\/\/www.hanfcooking.at\/wp-content\/uploads\/2024\/06\/Frittaten-Kopie-75x50.jpg 75w, https:\/\/www.hanfcooking.at\/wp-content\/uploads\/2024\/06\/Frittaten-Kopie-272x182.jpg 272w\" sizes=\"(max-width: 600px) 100vw, 600px\" \/>\t\t\t\t\t\t\t\t<\/a>\n\t\t\t\t\t\t\t\t\t\t\t<figcaption class=\"widget-image-caption wp-caption-text\"><\/figcaption>\n\t\t\t\t\t\t\t\t\t\t<\/figure>\n\t\t\t\t\t\t\t\t\t<\/div>\n\t\t\t\t<\/div>\n\t\t\t\t<div class=\"elementor-element elementor-element-ba9cc5e elementor-widget elementor-widget-heading\" data-id=\"ba9cc5e\" data-element_type=\"widget\" data-e-type=\"widget\" data-widget_type=\"heading.default\">\n\t\t\t\t<div class=\"elementor-widget-container\">\n\t\t\t\t\t<h3 class=\"elementor-heading-title elementor-size-default\"><a href=\"http:\/\/www.hanfcooking.at\/?page_id=809\" target=\"_blank\">Hanffrittaten<\/a><\/h3>\t\t\t\t<\/div>\n\t\t\t\t<\/div>\n\t\t\t\t<div class=\"elementor-element elementor-element-88ef6d5 elementor-widget elementor-widget-text-editor\" data-id=\"88ef6d5\" data-element_type=\"widget\" data-e-type=\"widget\" data-widget_type=\"text-editor.default\">\n\t\t\t\t<div class=\"elementor-widget-container\">\n\t\t\t\t\t\t\t\t\t<p>Aus den Zutaten einen glatten Palatschinkenteig r\u00fchren und in einer Pfanne mit Raps\u00f6l d\u00fcnne Palatschinken ausbacken. Etwas erkalten lassen, zusammen rollen und in d\u00fcnne Streifen schneiden<strong>&#8230;<\/strong><\/p><p>\u00a0<\/p>\t\t\t\t\t\t\t\t<\/div>\n\t\t\t\t<\/div>\n\t\t\t\t\t<\/div>\n\t\t<\/div>\n\t\t\t\t\t<\/div>\n\t\t<\/section>\n\t\t\t\t<\/div>\n\t\t","protected":false},"excerpt":{"rendered":"<p>Rezepte mit Hanfmehl Hanf-Marillenkuchen 250 g Braunzucker250 g Butter250 g Hanfmehl50g gesch\u00e4lter Hanf3 EL Dinkelmehl6 Eier\u00bd kg Marillen2 EL kalte Milch&#8230; K\u00e4rntner K\u00e4snudel Mehl, Ei, Salz und Wasser zu einem geschmeidigen Nudelteig kneten und rasten lassen.Erd\u00e4pfel kochen, sch\u00e4len und noch hei\u00df pressen.Topfen und die gehackten Kr\u00e4uter mit dem Ei gut durchmischen.Aus der Masse mit dem [&hellip;]<\/p>\n","protected":false},"author":1,"featured_media":0,"parent":0,"menu_order":0,"comment_status":"closed","ping_status":"closed","template":"","meta":{"footnotes":""},"class_list":["post-2523","page","type-page","status-publish","hentry"],"yoast_head":"<!-- This site is optimized with the Yoast SEO plugin v27.6 - https:\/\/yoast.com\/product\/yoast-seo-wordpress\/ -->\n<title>Hanfmehl - hanfcooking<\/title>\n<meta name=\"robots\" content=\"index, follow, max-snippet:-1, max-image-preview:large, max-video-preview:-1\" \/>\n<link rel=\"canonical\" href=\"https:\/\/www.hanfcooking.at\/?page_id=2523\" \/>\n<meta property=\"og:locale\" content=\"de_DE\" \/>\n<meta property=\"og:type\" content=\"article\" \/>\n<meta property=\"og:title\" content=\"Hanfmehl - hanfcooking\" \/>\n<meta property=\"og:description\" content=\"Rezepte mit Hanfmehl Hanf-Marillenkuchen 250 g Braunzucker250 g Butter250 g Hanfmehl50g gesch\u00e4lter Hanf3 EL Dinkelmehl6 Eier\u00bd kg Marillen2 EL kalte Milch&#8230; K\u00e4rntner K\u00e4snudel Mehl, Ei, Salz und Wasser zu einem geschmeidigen Nudelteig kneten und rasten lassen.Erd\u00e4pfel kochen, sch\u00e4len und noch hei\u00df pressen.Topfen und die gehackten Kr\u00e4uter mit dem Ei gut durchmischen.Aus der Masse mit dem [&hellip;]\" \/>\n<meta property=\"og:url\" content=\"https:\/\/www.hanfcooking.at\/?page_id=2523\" \/>\n<meta property=\"og:site_name\" content=\"hanfcooking\" \/>\n<meta property=\"article:publisher\" content=\"https:\/\/www.facebook.com\/hanfcooking\" \/>\n<meta property=\"article:modified_time\" content=\"2026-03-24T16:58:12+00:00\" \/>\n<meta property=\"og:image\" content=\"http:\/\/www.hanfcooking.at\/wp-content\/uploads\/2024\/06\/Marille-Kopie.jpg\" \/>\n<meta name=\"twitter:card\" content=\"summary_large_image\" \/>\n<meta name=\"twitter:label1\" content=\"Gesch\u00e4tzte Lesezeit\" \/>\n\t<meta name=\"twitter:data1\" content=\"2\u00a0Minuten\" \/>\n<script type=\"application\/ld+json\" class=\"yoast-schema-graph\">{\"@context\":\"https:\\\/\\\/schema.org\",\"@graph\":[{\"@type\":\"WebPage\",\"@id\":\"https:\\\/\\\/www.hanfcooking.at\\\/?page_id=2523\",\"url\":\"https:\\\/\\\/www.hanfcooking.at\\\/?page_id=2523\",\"name\":\"Hanfmehl - hanfcooking\",\"isPartOf\":{\"@id\":\"https:\\\/\\\/www.hanfcooking.at\\\/#website\"},\"primaryImageOfPage\":{\"@id\":\"https:\\\/\\\/www.hanfcooking.at\\\/?page_id=2523#primaryimage\"},\"image\":{\"@id\":\"https:\\\/\\\/www.hanfcooking.at\\\/?page_id=2523#primaryimage\"},\"thumbnailUrl\":\"http:\\\/\\\/www.hanfcooking.at\\\/wp-content\\\/uploads\\\/2024\\\/06\\\/Marille-Kopie.jpg\",\"datePublished\":\"2019-02-04T10:44:46+00:00\",\"dateModified\":\"2026-03-24T16:58:12+00:00\",\"breadcrumb\":{\"@id\":\"https:\\\/\\\/www.hanfcooking.at\\\/?page_id=2523#breadcrumb\"},\"inLanguage\":\"de\",\"potentialAction\":[{\"@type\":\"ReadAction\",\"target\":[\"https:\\\/\\\/www.hanfcooking.at\\\/?page_id=2523\"]}]},{\"@type\":\"ImageObject\",\"inLanguage\":\"de\",\"@id\":\"https:\\\/\\\/www.hanfcooking.at\\\/?page_id=2523#primaryimage\",\"url\":\"https:\\\/\\\/www.hanfcooking.at\\\/wp-content\\\/uploads\\\/2024\\\/06\\\/Marille-Kopie.jpg\",\"contentUrl\":\"https:\\\/\\\/www.hanfcooking.at\\\/wp-content\\\/uploads\\\/2024\\\/06\\\/Marille-Kopie.jpg\",\"width\":600,\"height\":400},{\"@type\":\"BreadcrumbList\",\"@id\":\"https:\\\/\\\/www.hanfcooking.at\\\/?page_id=2523#breadcrumb\",\"itemListElement\":[{\"@type\":\"ListItem\",\"position\":1,\"name\":\"Startseite\",\"item\":\"https:\\\/\\\/www.hanfcooking.at\\\/\"},{\"@type\":\"ListItem\",\"position\":2,\"name\":\"Hanfmehl\"}]},{\"@type\":\"WebSite\",\"@id\":\"https:\\\/\\\/www.hanfcooking.at\\\/#website\",\"url\":\"https:\\\/\\\/www.hanfcooking.at\\\/\",\"name\":\"www.hanfcooking.at\",\"description\":\"kochen mit Hanf\",\"publisher\":{\"@id\":\"https:\\\/\\\/www.hanfcooking.at\\\/#\\\/schema\\\/person\\\/da89f7747a1d1384549251d16488c1fc\"},\"alternateName\":\"Hanfkueche\",\"potentialAction\":[{\"@type\":\"SearchAction\",\"target\":{\"@type\":\"EntryPoint\",\"urlTemplate\":\"https:\\\/\\\/www.hanfcooking.at\\\/?s={search_term_string}\"},\"query-input\":{\"@type\":\"PropertyValueSpecification\",\"valueRequired\":true,\"valueName\":\"search_term_string\"}}],\"inLanguage\":\"de\"},{\"@type\":[\"Person\",\"Organization\"],\"@id\":\"https:\\\/\\\/www.hanfcooking.at\\\/#\\\/schema\\\/person\\\/da89f7747a1d1384549251d16488c1fc\",\"name\":\"Friedrich Pinteritsch\",\"image\":{\"@type\":\"ImageObject\",\"inLanguage\":\"de\",\"@id\":\"https:\\\/\\\/www.hanfcooking.at\\\/wp-content\\\/uploads\\\/2022\\\/10\\\/HP-logo-e1665761885673.jpg\",\"url\":\"https:\\\/\\\/www.hanfcooking.at\\\/wp-content\\\/uploads\\\/2022\\\/10\\\/HP-logo-e1665761885673.jpg\",\"contentUrl\":\"https:\\\/\\\/www.hanfcooking.at\\\/wp-content\\\/uploads\\\/2022\\\/10\\\/HP-logo-e1665761885673.jpg\",\"width\":300,\"height\":240,\"caption\":\"Friedrich Pinteritsch\"},\"logo\":{\"@id\":\"https:\\\/\\\/www.hanfcooking.at\\\/wp-content\\\/uploads\\\/2022\\\/10\\\/HP-logo-e1665761885673.jpg\"},\"sameAs\":[\"http:\\\/\\\/hanfcooking.at\",\"https:\\\/\\\/www.facebook.com\\\/hanfcooking\"]}]}<\/script>\n<!-- \/ Yoast SEO plugin. -->","yoast_head_json":{"title":"Hanfmehl - hanfcooking","robots":{"index":"index","follow":"follow","max-snippet":"max-snippet:-1","max-image-preview":"max-image-preview:large","max-video-preview":"max-video-preview:-1"},"canonical":"https:\/\/www.hanfcooking.at\/?page_id=2523","og_locale":"de_DE","og_type":"article","og_title":"Hanfmehl - hanfcooking","og_description":"Rezepte mit Hanfmehl Hanf-Marillenkuchen 250 g Braunzucker250 g Butter250 g Hanfmehl50g gesch\u00e4lter Hanf3 EL Dinkelmehl6 Eier\u00bd kg Marillen2 EL kalte Milch&#8230; K\u00e4rntner K\u00e4snudel Mehl, Ei, Salz und Wasser zu einem geschmeidigen Nudelteig kneten und rasten lassen.Erd\u00e4pfel kochen, sch\u00e4len und noch hei\u00df pressen.Topfen und die gehackten Kr\u00e4uter mit dem Ei gut durchmischen.Aus der Masse mit dem [&hellip;]","og_url":"https:\/\/www.hanfcooking.at\/?page_id=2523","og_site_name":"hanfcooking","article_publisher":"https:\/\/www.facebook.com\/hanfcooking","article_modified_time":"2026-03-24T16:58:12+00:00","og_image":[{"url":"http:\/\/www.hanfcooking.at\/wp-content\/uploads\/2024\/06\/Marille-Kopie.jpg","type":"","width":"","height":""}],"twitter_card":"summary_large_image","twitter_misc":{"Gesch\u00e4tzte Lesezeit":"2\u00a0Minuten"},"schema":{"@context":"https:\/\/schema.org","@graph":[{"@type":"WebPage","@id":"https:\/\/www.hanfcooking.at\/?page_id=2523","url":"https:\/\/www.hanfcooking.at\/?page_id=2523","name":"Hanfmehl - hanfcooking","isPartOf":{"@id":"https:\/\/www.hanfcooking.at\/#website"},"primaryImageOfPage":{"@id":"https:\/\/www.hanfcooking.at\/?page_id=2523#primaryimage"},"image":{"@id":"https:\/\/www.hanfcooking.at\/?page_id=2523#primaryimage"},"thumbnailUrl":"http:\/\/www.hanfcooking.at\/wp-content\/uploads\/2024\/06\/Marille-Kopie.jpg","datePublished":"2019-02-04T10:44:46+00:00","dateModified":"2026-03-24T16:58:12+00:00","breadcrumb":{"@id":"https:\/\/www.hanfcooking.at\/?page_id=2523#breadcrumb"},"inLanguage":"de","potentialAction":[{"@type":"ReadAction","target":["https:\/\/www.hanfcooking.at\/?page_id=2523"]}]},{"@type":"ImageObject","inLanguage":"de","@id":"https:\/\/www.hanfcooking.at\/?page_id=2523#primaryimage","url":"https:\/\/www.hanfcooking.at\/wp-content\/uploads\/2024\/06\/Marille-Kopie.jpg","contentUrl":"https:\/\/www.hanfcooking.at\/wp-content\/uploads\/2024\/06\/Marille-Kopie.jpg","width":600,"height":400},{"@type":"BreadcrumbList","@id":"https:\/\/www.hanfcooking.at\/?page_id=2523#breadcrumb","itemListElement":[{"@type":"ListItem","position":1,"name":"Startseite","item":"https:\/\/www.hanfcooking.at\/"},{"@type":"ListItem","position":2,"name":"Hanfmehl"}]},{"@type":"WebSite","@id":"https:\/\/www.hanfcooking.at\/#website","url":"https:\/\/www.hanfcooking.at\/","name":"www.hanfcooking.at","description":"kochen mit Hanf","publisher":{"@id":"https:\/\/www.hanfcooking.at\/#\/schema\/person\/da89f7747a1d1384549251d16488c1fc"},"alternateName":"Hanfkueche","potentialAction":[{"@type":"SearchAction","target":{"@type":"EntryPoint","urlTemplate":"https:\/\/www.hanfcooking.at\/?s={search_term_string}"},"query-input":{"@type":"PropertyValueSpecification","valueRequired":true,"valueName":"search_term_string"}}],"inLanguage":"de"},{"@type":["Person","Organization"],"@id":"https:\/\/www.hanfcooking.at\/#\/schema\/person\/da89f7747a1d1384549251d16488c1fc","name":"Friedrich Pinteritsch","image":{"@type":"ImageObject","inLanguage":"de","@id":"https:\/\/www.hanfcooking.at\/wp-content\/uploads\/2022\/10\/HP-logo-e1665761885673.jpg","url":"https:\/\/www.hanfcooking.at\/wp-content\/uploads\/2022\/10\/HP-logo-e1665761885673.jpg","contentUrl":"https:\/\/www.hanfcooking.at\/wp-content\/uploads\/2022\/10\/HP-logo-e1665761885673.jpg","width":300,"height":240,"caption":"Friedrich Pinteritsch"},"logo":{"@id":"https:\/\/www.hanfcooking.at\/wp-content\/uploads\/2022\/10\/HP-logo-e1665761885673.jpg"},"sameAs":["http:\/\/hanfcooking.at","https:\/\/www.facebook.com\/hanfcooking"]}]}},"_links":{"self":[{"href":"https:\/\/www.hanfcooking.at\/index.php?rest_route=\/wp\/v2\/pages\/2523","targetHints":{"allow":["GET"]}}],"collection":[{"href":"https:\/\/www.hanfcooking.at\/index.php?rest_route=\/wp\/v2\/pages"}],"about":[{"href":"https:\/\/www.hanfcooking.at\/index.php?rest_route=\/wp\/v2\/types\/page"}],"author":[{"embeddable":true,"href":"https:\/\/www.hanfcooking.at\/index.php?rest_route=\/wp\/v2\/users\/1"}],"replies":[{"embeddable":true,"href":"https:\/\/www.hanfcooking.at\/index.php?rest_route=%2Fwp%2Fv2%2Fcomments&post=2523"}],"version-history":[{"count":119,"href":"https:\/\/www.hanfcooking.at\/index.php?rest_route=\/wp\/v2\/pages\/2523\/revisions"}],"predecessor-version":[{"id":5194,"href":"https:\/\/www.hanfcooking.at\/index.php?rest_route=\/wp\/v2\/pages\/2523\/revisions\/5194"}],"wp:attachment":[{"href":"https:\/\/www.hanfcooking.at\/index.php?rest_route=%2Fwp%2Fv2%2Fmedia&parent=2523"}],"curies":[{"name":"wp","href":"https:\/\/api.w.org\/{rel}","templated":true}]}}