{"id":2502,"date":"2019-02-04T10:02:36","date_gmt":"2019-02-04T09:02:36","guid":{"rendered":"http:\/\/www.hanfcooking.at\/?page_id=2502"},"modified":"2026-03-24T17:55:22","modified_gmt":"2026-03-24T16:55:22","slug":"hanfoel-2","status":"publish","type":"page","link":"https:\/\/www.hanfcooking.at\/?page_id=2502","title":{"rendered":"Hanf\u00f6l"},"content":{"rendered":"\t\t<div data-elementor-type=\"wp-post\" data-elementor-id=\"2502\" class=\"elementor elementor-2502\">\n\t\t\t\t\t\t<section class=\"elementor-section elementor-top-section elementor-element elementor-element-e11f64c elementor-section-boxed elementor-section-height-default elementor-section-height-default\" data-id=\"e11f64c\" data-element_type=\"section\" data-e-type=\"section\">\n\t\t\t\t\t\t<div class=\"elementor-container elementor-column-gap-default\">\n\t\t\t\t\t<div class=\"elementor-column elementor-col-100 elementor-top-column elementor-element elementor-element-cfa933c\" data-id=\"cfa933c\" data-element_type=\"column\" data-e-type=\"column\">\n\t\t\t<div class=\"elementor-widget-wrap elementor-element-populated\">\n\t\t\t\t\t\t<div class=\"elementor-element elementor-element-a02b839 elementor-widget elementor-widget-text-editor\" data-id=\"a02b839\" data-element_type=\"widget\" data-e-type=\"widget\" data-widget_type=\"text-editor.default\">\n\t\t\t\t<div class=\"elementor-widget-container\">\n\t\t\t\t\t\t\t\t\t<h1 style=\"text-align: center;\"><span style=\"color: #000000;\">Rezepte mit Hanf\u00f6l<\/span><\/h1>\t\t\t\t\t\t\t\t<\/div>\n\t\t\t\t<\/div>\n\t\t\t\t\t<\/div>\n\t\t<\/div>\n\t\t\t\t\t<\/div>\n\t\t<\/section>\n\t\t\t\t<section class=\"elementor-section elementor-top-section elementor-element elementor-element-b87db4d elementor-section-height-min-height elementor-section-items-top elementor-section-boxed elementor-section-height-default\" data-id=\"b87db4d\" data-element_type=\"section\" data-e-type=\"section\">\n\t\t\t\t\t\t<div class=\"elementor-container elementor-column-gap-default\">\n\t\t\t\t\t<div class=\"elementor-column elementor-col-33 elementor-top-column elementor-element elementor-element-48930ca\" data-id=\"48930ca\" data-element_type=\"column\" data-e-type=\"column\" data-settings=\"{&quot;background_background&quot;:&quot;classic&quot;}\">\n\t\t\t<div class=\"elementor-widget-wrap elementor-element-populated\">\n\t\t\t\t\t\t<div class=\"elementor-element elementor-element-296eb3a elementor-widget elementor-widget-image\" data-id=\"296eb3a\" data-element_type=\"widget\" data-e-type=\"widget\" data-widget_type=\"image.default\">\n\t\t\t\t<div class=\"elementor-widget-container\">\n\t\t\t\t\t\t\t\t\t\t\t\t\t\t\t\t<a href=\"http:\/\/www.hanfcooking.at\/?page_id=1672\">\n\t\t\t\t\t\t\t<img fetchpriority=\"high\" decoding=\"async\" width=\"600\" height=\"404\" src=\"https:\/\/www.hanfcooking.at\/wp-content\/uploads\/2024\/06\/Heringsalat-Kopie.jpg\" class=\"attachment-large size-large wp-image-4461\" alt=\"\" srcset=\"https:\/\/www.hanfcooking.at\/wp-content\/uploads\/2024\/06\/Heringsalat-Kopie.jpg 600w, https:\/\/www.hanfcooking.at\/wp-content\/uploads\/2024\/06\/Heringsalat-Kopie-300x202.jpg 300w, https:\/\/www.hanfcooking.at\/wp-content\/uploads\/2024\/06\/Heringsalat-Kopie-200x135.jpg 200w, https:\/\/www.hanfcooking.at\/wp-content\/uploads\/2024\/06\/Heringsalat-Kopie-75x50.jpg 75w, https:\/\/www.hanfcooking.at\/wp-content\/uploads\/2024\/06\/Heringsalat-Kopie-272x182.jpg 272w\" sizes=\"(max-width: 600px) 100vw, 600px\" \/>\t\t\t\t\t\t\t\t<\/a>\n\t\t\t\t\t\t\t\t\t\t\t\t\t\t\t<\/div>\n\t\t\t\t<\/div>\n\t\t\t\t<div class=\"elementor-element elementor-element-4bd8f8e elementor-widget elementor-widget-heading\" data-id=\"4bd8f8e\" data-element_type=\"widget\" data-e-type=\"widget\" data-widget_type=\"heading.default\">\n\t\t\t\t<div class=\"elementor-widget-container\">\n\t\t\t\t\t<h3 class=\"elementor-heading-title elementor-size-default\"><a href=\"http:\/\/www.hanfcooking.at\/?page_id=1672\" target=\"_blank\">Heringsalat mit Hanf\u00f6l<\/a><\/h3>\t\t\t\t<\/div>\n\t\t\t\t<\/div>\n\t\t\t\t<div class=\"elementor-element elementor-element-4ecaf88 elementor-widget elementor-widget-text-editor\" data-id=\"4ecaf88\" data-element_type=\"widget\" data-e-type=\"widget\" data-widget_type=\"text-editor.default\">\n\t\t\t\t<div class=\"elementor-widget-container\">\n\t\t\t\t\t\t\t\t\t<p>400 g Heringslappen oder Russen<br \/>100 g Karottenw\u00fcrfel gekocht<br \/>100 g Erbsen gekocht<br \/>100 g Kartoffelw\u00fcrfel gekocht<br \/>100 g Wei\u00dfe Bohnen gekocht<br \/>4 Eier gekocht<br \/>1 EL Forellenkaviar<br \/>50 g Apfel gew\u00fcrfelt<br \/>50 g Gew\u00fcrzgurken gew\u00fcrfelt<br \/>50g Mayonnaise&#8230;<\/p>\t\t\t\t\t\t\t\t<\/div>\n\t\t\t\t<\/div>\n\t\t\t\t\t<\/div>\n\t\t<\/div>\n\t\t\t\t<div class=\"elementor-column elementor-col-33 elementor-top-column elementor-element elementor-element-abffbc2\" data-id=\"abffbc2\" data-element_type=\"column\" data-e-type=\"column\">\n\t\t\t<div class=\"elementor-widget-wrap elementor-element-populated\">\n\t\t\t\t\t\t<div class=\"elementor-element elementor-element-a573c8d elementor-widget elementor-widget-image\" data-id=\"a573c8d\" data-element_type=\"widget\" data-e-type=\"widget\" data-widget_type=\"image.default\">\n\t\t\t\t<div class=\"elementor-widget-container\">\n\t\t\t\t\t\t\t\t\t\t\t\t\t\t\t\t<a href=\"http:\/\/www.hanfcooking.at\/?page_id=2540\">\n\t\t\t\t\t\t\t<img decoding=\"async\" width=\"750\" height=\"500\" src=\"https:\/\/www.hanfcooking.at\/wp-content\/uploads\/2017\/09\/009Mozzarella-Tomate-1024x683.jpg\" class=\"attachment-large size-large wp-image-725\" alt=\"\" srcset=\"https:\/\/www.hanfcooking.at\/wp-content\/uploads\/2017\/09\/009Mozzarella-Tomate-1024x683.jpg 1024w, https:\/\/www.hanfcooking.at\/wp-content\/uploads\/2017\/09\/009Mozzarella-Tomate-300x200.jpg 300w, https:\/\/www.hanfcooking.at\/wp-content\/uploads\/2017\/09\/009Mozzarella-Tomate-768x512.jpg 768w, https:\/\/www.hanfcooking.at\/wp-content\/uploads\/2017\/09\/009Mozzarella-Tomate-830x553.jpg 830w, https:\/\/www.hanfcooking.at\/wp-content\/uploads\/2017\/09\/009Mozzarella-Tomate-230x153.jpg 230w, https:\/\/www.hanfcooking.at\/wp-content\/uploads\/2017\/09\/009Mozzarella-Tomate-350x233.jpg 350w, https:\/\/www.hanfcooking.at\/wp-content\/uploads\/2017\/09\/009Mozzarella-Tomate-480x320.jpg 480w, https:\/\/www.hanfcooking.at\/wp-content\/uploads\/2017\/09\/009Mozzarella-Tomate-e1549266531456.jpg 800w\" sizes=\"(max-width: 750px) 100vw, 750px\" \/>\t\t\t\t\t\t\t\t<\/a>\n\t\t\t\t\t\t\t\t\t\t\t\t\t\t\t<\/div>\n\t\t\t\t<\/div>\n\t\t\t\t<div class=\"elementor-element elementor-element-7fc94cb elementor-widget elementor-widget-heading\" data-id=\"7fc94cb\" data-element_type=\"widget\" data-e-type=\"widget\" data-widget_type=\"heading.default\">\n\t\t\t\t<div class=\"elementor-widget-container\">\n\t\t\t\t\t<h3 class=\"elementor-heading-title elementor-size-default\"><a href=\"http:\/\/www.hanfcooking.at\/?page_id=2540\" target=\"_blank\">Tomate-Mozzarella\u00a0 mit Hanf\u00f6l<\/a><\/h3>\t\t\t\t<\/div>\n\t\t\t\t<\/div>\n\t\t\t\t<div class=\"elementor-element elementor-element-c998f1e elementor-widget elementor-widget-text-editor\" data-id=\"c998f1e\" data-element_type=\"widget\" data-e-type=\"widget\" data-widget_type=\"text-editor.default\">\n\t\t\t\t<div class=\"elementor-widget-container\">\n\t\t\t\t\t\t\t\t\t<p>Aus dem Mozzarella und den Tomaten je 8 Scheiben schneiden. Die Hanfn\u00fcsse mit dem Hanf\u00f6l, etwas Salz und dem Parmesan zu einer Pesto mixen. Am Teller den bunten Garnitursalat anrichten und die Tomaten und Mozzarellascheiben Dachziegelartig auflegen. Mit dem Hanfpesto betr\u00e4ufeln&#8230;.<\/p>\t\t\t\t\t\t\t\t<\/div>\n\t\t\t\t<\/div>\n\t\t\t\t\t<\/div>\n\t\t<\/div>\n\t\t\t\t<div class=\"elementor-column elementor-col-33 elementor-top-column elementor-element elementor-element-47bbf31\" data-id=\"47bbf31\" data-element_type=\"column\" data-e-type=\"column\">\n\t\t\t<div class=\"elementor-widget-wrap elementor-element-populated\">\n\t\t\t\t\t\t<div class=\"elementor-element elementor-element-746bed4 elementor-widget elementor-widget-image\" data-id=\"746bed4\" data-element_type=\"widget\" data-e-type=\"widget\" data-widget_type=\"image.default\">\n\t\t\t\t<div class=\"elementor-widget-container\">\n\t\t\t\t\t\t\t\t\t\t\t\t\t\t\t\t<a href=\"http:\/\/www.hanfcooking.at\/?page_id=2544\">\n\t\t\t\t\t\t\t<img decoding=\"async\" width=\"750\" height=\"500\" src=\"https:\/\/www.hanfcooking.at\/wp-content\/uploads\/2017\/09\/003Schafsk\u00e4se-1024x683.jpg\" class=\"attachment-large size-large wp-image-719\" alt=\"\" srcset=\"https:\/\/www.hanfcooking.at\/wp-content\/uploads\/2017\/09\/003Schafsk\u00e4se-1024x683.jpg 1024w, https:\/\/www.hanfcooking.at\/wp-content\/uploads\/2017\/09\/003Schafsk\u00e4se-300x200.jpg 300w, https:\/\/www.hanfcooking.at\/wp-content\/uploads\/2017\/09\/003Schafsk\u00e4se-768x512.jpg 768w, https:\/\/www.hanfcooking.at\/wp-content\/uploads\/2017\/09\/003Schafsk\u00e4se-830x553.jpg 830w, https:\/\/www.hanfcooking.at\/wp-content\/uploads\/2017\/09\/003Schafsk\u00e4se-230x153.jpg 230w, https:\/\/www.hanfcooking.at\/wp-content\/uploads\/2017\/09\/003Schafsk\u00e4se-350x233.jpg 350w, https:\/\/www.hanfcooking.at\/wp-content\/uploads\/2017\/09\/003Schafsk\u00e4se-480x320.jpg 480w, https:\/\/www.hanfcooking.at\/wp-content\/uploads\/2017\/09\/003Schafsk\u00e4se-e1549266628791.jpg 800w\" sizes=\"(max-width: 750px) 100vw, 750px\" \/>\t\t\t\t\t\t\t\t<\/a>\n\t\t\t\t\t\t\t\t\t\t\t\t\t\t\t<\/div>\n\t\t\t\t<\/div>\n\t\t\t\t<div class=\"elementor-element elementor-element-9bc71bc elementor-widget elementor-widget-heading\" data-id=\"9bc71bc\" data-element_type=\"widget\" data-e-type=\"widget\" data-widget_type=\"heading.default\">\n\t\t\t\t<div class=\"elementor-widget-container\">\n\t\t\t\t\t<h3 class=\"elementor-heading-title elementor-size-default\"><a href=\"http:\/\/www.hanfcooking.at\/?page_id=2544\" target=\"_blank\">Schafsk\u00e4se in Hanfpanier und Hanf\u00f6l<\/a><\/h3>\t\t\t\t<\/div>\n\t\t\t\t<\/div>\n\t\t\t\t<div class=\"elementor-element elementor-element-2b86df2 elementor-widget elementor-widget-text-editor\" data-id=\"2b86df2\" data-element_type=\"widget\" data-e-type=\"widget\" data-widget_type=\"text-editor.default\">\n\t\t\t\t<div class=\"elementor-widget-container\">\n\t\t\t\t\t\t\t\t\t<p>Den Schafsk\u00e4se in gleichm\u00e4\u00dfige W\u00fcrfel schneiden, mit dem Senf einreiben und mit den gesch\u00e4lten Hanfsamen panieren.<br \/>Den Salat waschen, trocknen und am Teller dekorativ anrichten&#8230;<\/p>\t\t\t\t\t\t\t\t<\/div>\n\t\t\t\t<\/div>\n\t\t\t\t\t<\/div>\n\t\t<\/div>\n\t\t\t\t\t<\/div>\n\t\t<\/section>\n\t\t\t\t<\/div>\n\t\t","protected":false},"excerpt":{"rendered":"<p>Rezepte mit Hanf\u00f6l Heringsalat mit Hanf\u00f6l 400 g Heringslappen oder Russen100 g Karottenw\u00fcrfel gekocht100 g Erbsen gekocht100 g Kartoffelw\u00fcrfel gekocht100 g Wei\u00dfe Bohnen gekocht4 Eier gekocht1 EL Forellenkaviar50 g Apfel gew\u00fcrfelt50 g Gew\u00fcrzgurken gew\u00fcrfelt50g Mayonnaise&#8230; Tomate-Mozzarella\u00a0 mit Hanf\u00f6l Aus dem Mozzarella und den Tomaten je 8 Scheiben schneiden. Die Hanfn\u00fcsse mit dem Hanf\u00f6l, etwas Salz [&hellip;]<\/p>\n","protected":false},"author":1,"featured_media":0,"parent":0,"menu_order":0,"comment_status":"closed","ping_status":"closed","template":"","meta":{"footnotes":""},"class_list":["post-2502","page","type-page","status-publish","hentry"],"yoast_head":"<!-- This site is optimized with the Yoast SEO plugin v27.5 - https:\/\/yoast.com\/product\/yoast-seo-wordpress\/ -->\n<title>Hanf\u00f6l - hanfcooking<\/title>\n<meta name=\"robots\" content=\"index, follow, max-snippet:-1, max-image-preview:large, max-video-preview:-1\" \/>\n<link rel=\"canonical\" href=\"https:\/\/www.hanfcooking.at\/?page_id=2502\" \/>\n<meta property=\"og:locale\" content=\"de_DE\" \/>\n<meta property=\"og:type\" content=\"article\" \/>\n<meta property=\"og:title\" content=\"Hanf\u00f6l - hanfcooking\" \/>\n<meta property=\"og:description\" content=\"Rezepte mit Hanf\u00f6l Heringsalat mit Hanf\u00f6l 400 g Heringslappen oder Russen100 g Karottenw\u00fcrfel gekocht100 g Erbsen gekocht100 g Kartoffelw\u00fcrfel gekocht100 g Wei\u00dfe Bohnen gekocht4 Eier gekocht1 EL Forellenkaviar50 g Apfel gew\u00fcrfelt50 g Gew\u00fcrzgurken gew\u00fcrfelt50g Mayonnaise&#8230; Tomate-Mozzarella\u00a0 mit Hanf\u00f6l Aus dem Mozzarella und den Tomaten je 8 Scheiben schneiden. Die Hanfn\u00fcsse mit dem Hanf\u00f6l, etwas Salz [&hellip;]\" \/>\n<meta property=\"og:url\" content=\"https:\/\/www.hanfcooking.at\/?page_id=2502\" \/>\n<meta property=\"og:site_name\" content=\"hanfcooking\" \/>\n<meta property=\"article:publisher\" content=\"https:\/\/www.facebook.com\/hanfcooking\" \/>\n<meta property=\"article:modified_time\" content=\"2026-03-24T16:55:22+00:00\" \/>\n<meta property=\"og:image\" content=\"http:\/\/www.hanfcooking.at\/wp-content\/uploads\/2024\/06\/Heringsalat-Kopie.jpg\" \/>\n<meta name=\"twitter:card\" content=\"summary_large_image\" \/>\n<meta name=\"twitter:label1\" content=\"Gesch\u00e4tzte Lesezeit\" \/>\n\t<meta name=\"twitter:data1\" content=\"2\u00a0Minuten\" \/>\n<script type=\"application\/ld+json\" class=\"yoast-schema-graph\">{\"@context\":\"https:\\\/\\\/schema.org\",\"@graph\":[{\"@type\":\"WebPage\",\"@id\":\"https:\\\/\\\/www.hanfcooking.at\\\/?page_id=2502\",\"url\":\"https:\\\/\\\/www.hanfcooking.at\\\/?page_id=2502\",\"name\":\"Hanf\u00f6l - hanfcooking\",\"isPartOf\":{\"@id\":\"https:\\\/\\\/www.hanfcooking.at\\\/#website\"},\"primaryImageOfPage\":{\"@id\":\"https:\\\/\\\/www.hanfcooking.at\\\/?page_id=2502#primaryimage\"},\"image\":{\"@id\":\"https:\\\/\\\/www.hanfcooking.at\\\/?page_id=2502#primaryimage\"},\"thumbnailUrl\":\"http:\\\/\\\/www.hanfcooking.at\\\/wp-content\\\/uploads\\\/2024\\\/06\\\/Heringsalat-Kopie.jpg\",\"datePublished\":\"2019-02-04T09:02:36+00:00\",\"dateModified\":\"2026-03-24T16:55:22+00:00\",\"breadcrumb\":{\"@id\":\"https:\\\/\\\/www.hanfcooking.at\\\/?page_id=2502#breadcrumb\"},\"inLanguage\":\"de\",\"potentialAction\":[{\"@type\":\"ReadAction\",\"target\":[\"https:\\\/\\\/www.hanfcooking.at\\\/?page_id=2502\"]}]},{\"@type\":\"ImageObject\",\"inLanguage\":\"de\",\"@id\":\"https:\\\/\\\/www.hanfcooking.at\\\/?page_id=2502#primaryimage\",\"url\":\"https:\\\/\\\/www.hanfcooking.at\\\/wp-content\\\/uploads\\\/2024\\\/06\\\/Heringsalat-Kopie.jpg\",\"contentUrl\":\"https:\\\/\\\/www.hanfcooking.at\\\/wp-content\\\/uploads\\\/2024\\\/06\\\/Heringsalat-Kopie.jpg\",\"width\":600,\"height\":404},{\"@type\":\"BreadcrumbList\",\"@id\":\"https:\\\/\\\/www.hanfcooking.at\\\/?page_id=2502#breadcrumb\",\"itemListElement\":[{\"@type\":\"ListItem\",\"position\":1,\"name\":\"Startseite\",\"item\":\"https:\\\/\\\/www.hanfcooking.at\\\/\"},{\"@type\":\"ListItem\",\"position\":2,\"name\":\"Hanf\u00f6l\"}]},{\"@type\":\"WebSite\",\"@id\":\"https:\\\/\\\/www.hanfcooking.at\\\/#website\",\"url\":\"https:\\\/\\\/www.hanfcooking.at\\\/\",\"name\":\"www.hanfcooking.at\",\"description\":\"kochen mit Hanf\",\"publisher\":{\"@id\":\"https:\\\/\\\/www.hanfcooking.at\\\/#\\\/schema\\\/person\\\/da89f7747a1d1384549251d16488c1fc\"},\"alternateName\":\"Hanfkueche\",\"potentialAction\":[{\"@type\":\"SearchAction\",\"target\":{\"@type\":\"EntryPoint\",\"urlTemplate\":\"https:\\\/\\\/www.hanfcooking.at\\\/?s={search_term_string}\"},\"query-input\":{\"@type\":\"PropertyValueSpecification\",\"valueRequired\":true,\"valueName\":\"search_term_string\"}}],\"inLanguage\":\"de\"},{\"@type\":[\"Person\",\"Organization\"],\"@id\":\"https:\\\/\\\/www.hanfcooking.at\\\/#\\\/schema\\\/person\\\/da89f7747a1d1384549251d16488c1fc\",\"name\":\"Friedrich Pinteritsch\",\"image\":{\"@type\":\"ImageObject\",\"inLanguage\":\"de\",\"@id\":\"https:\\\/\\\/www.hanfcooking.at\\\/wp-content\\\/uploads\\\/2022\\\/10\\\/HP-logo-e1665761885673.jpg\",\"url\":\"https:\\\/\\\/www.hanfcooking.at\\\/wp-content\\\/uploads\\\/2022\\\/10\\\/HP-logo-e1665761885673.jpg\",\"contentUrl\":\"https:\\\/\\\/www.hanfcooking.at\\\/wp-content\\\/uploads\\\/2022\\\/10\\\/HP-logo-e1665761885673.jpg\",\"width\":300,\"height\":240,\"caption\":\"Friedrich Pinteritsch\"},\"logo\":{\"@id\":\"https:\\\/\\\/www.hanfcooking.at\\\/wp-content\\\/uploads\\\/2022\\\/10\\\/HP-logo-e1665761885673.jpg\"},\"sameAs\":[\"http:\\\/\\\/hanfcooking.at\",\"https:\\\/\\\/www.facebook.com\\\/hanfcooking\"]}]}<\/script>\n<!-- \/ Yoast SEO plugin. -->","yoast_head_json":{"title":"Hanf\u00f6l - hanfcooking","robots":{"index":"index","follow":"follow","max-snippet":"max-snippet:-1","max-image-preview":"max-image-preview:large","max-video-preview":"max-video-preview:-1"},"canonical":"https:\/\/www.hanfcooking.at\/?page_id=2502","og_locale":"de_DE","og_type":"article","og_title":"Hanf\u00f6l - hanfcooking","og_description":"Rezepte mit Hanf\u00f6l Heringsalat mit Hanf\u00f6l 400 g Heringslappen oder Russen100 g Karottenw\u00fcrfel gekocht100 g Erbsen gekocht100 g Kartoffelw\u00fcrfel gekocht100 g Wei\u00dfe Bohnen gekocht4 Eier gekocht1 EL Forellenkaviar50 g Apfel gew\u00fcrfelt50 g Gew\u00fcrzgurken gew\u00fcrfelt50g Mayonnaise&#8230; Tomate-Mozzarella\u00a0 mit Hanf\u00f6l Aus dem Mozzarella und den Tomaten je 8 Scheiben schneiden. Die Hanfn\u00fcsse mit dem Hanf\u00f6l, etwas Salz [&hellip;]","og_url":"https:\/\/www.hanfcooking.at\/?page_id=2502","og_site_name":"hanfcooking","article_publisher":"https:\/\/www.facebook.com\/hanfcooking","article_modified_time":"2026-03-24T16:55:22+00:00","og_image":[{"url":"http:\/\/www.hanfcooking.at\/wp-content\/uploads\/2024\/06\/Heringsalat-Kopie.jpg","type":"","width":"","height":""}],"twitter_card":"summary_large_image","twitter_misc":{"Gesch\u00e4tzte Lesezeit":"2\u00a0Minuten"},"schema":{"@context":"https:\/\/schema.org","@graph":[{"@type":"WebPage","@id":"https:\/\/www.hanfcooking.at\/?page_id=2502","url":"https:\/\/www.hanfcooking.at\/?page_id=2502","name":"Hanf\u00f6l - hanfcooking","isPartOf":{"@id":"https:\/\/www.hanfcooking.at\/#website"},"primaryImageOfPage":{"@id":"https:\/\/www.hanfcooking.at\/?page_id=2502#primaryimage"},"image":{"@id":"https:\/\/www.hanfcooking.at\/?page_id=2502#primaryimage"},"thumbnailUrl":"http:\/\/www.hanfcooking.at\/wp-content\/uploads\/2024\/06\/Heringsalat-Kopie.jpg","datePublished":"2019-02-04T09:02:36+00:00","dateModified":"2026-03-24T16:55:22+00:00","breadcrumb":{"@id":"https:\/\/www.hanfcooking.at\/?page_id=2502#breadcrumb"},"inLanguage":"de","potentialAction":[{"@type":"ReadAction","target":["https:\/\/www.hanfcooking.at\/?page_id=2502"]}]},{"@type":"ImageObject","inLanguage":"de","@id":"https:\/\/www.hanfcooking.at\/?page_id=2502#primaryimage","url":"https:\/\/www.hanfcooking.at\/wp-content\/uploads\/2024\/06\/Heringsalat-Kopie.jpg","contentUrl":"https:\/\/www.hanfcooking.at\/wp-content\/uploads\/2024\/06\/Heringsalat-Kopie.jpg","width":600,"height":404},{"@type":"BreadcrumbList","@id":"https:\/\/www.hanfcooking.at\/?page_id=2502#breadcrumb","itemListElement":[{"@type":"ListItem","position":1,"name":"Startseite","item":"https:\/\/www.hanfcooking.at\/"},{"@type":"ListItem","position":2,"name":"Hanf\u00f6l"}]},{"@type":"WebSite","@id":"https:\/\/www.hanfcooking.at\/#website","url":"https:\/\/www.hanfcooking.at\/","name":"www.hanfcooking.at","description":"kochen mit Hanf","publisher":{"@id":"https:\/\/www.hanfcooking.at\/#\/schema\/person\/da89f7747a1d1384549251d16488c1fc"},"alternateName":"Hanfkueche","potentialAction":[{"@type":"SearchAction","target":{"@type":"EntryPoint","urlTemplate":"https:\/\/www.hanfcooking.at\/?s={search_term_string}"},"query-input":{"@type":"PropertyValueSpecification","valueRequired":true,"valueName":"search_term_string"}}],"inLanguage":"de"},{"@type":["Person","Organization"],"@id":"https:\/\/www.hanfcooking.at\/#\/schema\/person\/da89f7747a1d1384549251d16488c1fc","name":"Friedrich Pinteritsch","image":{"@type":"ImageObject","inLanguage":"de","@id":"https:\/\/www.hanfcooking.at\/wp-content\/uploads\/2022\/10\/HP-logo-e1665761885673.jpg","url":"https:\/\/www.hanfcooking.at\/wp-content\/uploads\/2022\/10\/HP-logo-e1665761885673.jpg","contentUrl":"https:\/\/www.hanfcooking.at\/wp-content\/uploads\/2022\/10\/HP-logo-e1665761885673.jpg","width":300,"height":240,"caption":"Friedrich Pinteritsch"},"logo":{"@id":"https:\/\/www.hanfcooking.at\/wp-content\/uploads\/2022\/10\/HP-logo-e1665761885673.jpg"},"sameAs":["http:\/\/hanfcooking.at","https:\/\/www.facebook.com\/hanfcooking"]}]}},"_links":{"self":[{"href":"https:\/\/www.hanfcooking.at\/index.php?rest_route=\/wp\/v2\/pages\/2502","targetHints":{"allow":["GET"]}}],"collection":[{"href":"https:\/\/www.hanfcooking.at\/index.php?rest_route=\/wp\/v2\/pages"}],"about":[{"href":"https:\/\/www.hanfcooking.at\/index.php?rest_route=\/wp\/v2\/types\/page"}],"author":[{"embeddable":true,"href":"https:\/\/www.hanfcooking.at\/index.php?rest_route=\/wp\/v2\/users\/1"}],"replies":[{"embeddable":true,"href":"https:\/\/www.hanfcooking.at\/index.php?rest_route=%2Fwp%2Fv2%2Fcomments&post=2502"}],"version-history":[{"count":76,"href":"https:\/\/www.hanfcooking.at\/index.php?rest_route=\/wp\/v2\/pages\/2502\/revisions"}],"predecessor-version":[{"id":5188,"href":"https:\/\/www.hanfcooking.at\/index.php?rest_route=\/wp\/v2\/pages\/2502\/revisions\/5188"}],"wp:attachment":[{"href":"https:\/\/www.hanfcooking.at\/index.php?rest_route=%2Fwp%2Fv2%2Fmedia&parent=2502"}],"curies":[{"name":"wp","href":"https:\/\/api.w.org\/{rel}","templated":true}]}}