{"id":2449,"date":"2019-02-03T14:49:58","date_gmt":"2019-02-03T13:49:58","guid":{"rendered":"http:\/\/www.hanfcooking.at\/?page_id=2449"},"modified":"2019-02-03T14:55:30","modified_gmt":"2019-02-03T13:55:30","slug":"suesse-hanf-polentanockerln","status":"publish","type":"page","link":"https:\/\/www.hanfcooking.at\/?page_id=2449","title":{"rendered":"S\u00fc\u00dfe Hanf-Polentanockerln"},"content":{"rendered":"\t\t<div data-elementor-type=\"wp-post\" data-elementor-id=\"2449\" class=\"elementor elementor-2449 elementor-bc-flex-widget\">\n\t\t\t\t\t\t<section class=\"elementor-section elementor-top-section elementor-element elementor-element-a4694b7 elementor-section-boxed elementor-section-height-default elementor-section-height-default\" data-id=\"a4694b7\" data-element_type=\"section\" data-e-type=\"section\">\n\t\t\t\t\t\t<div class=\"elementor-container elementor-column-gap-default\">\n\t\t\t\t\t<div class=\"elementor-column elementor-col-50 elementor-top-column elementor-element elementor-element-14648ab\" data-id=\"14648ab\" data-element_type=\"column\" data-e-type=\"column\">\n\t\t\t<div class=\"elementor-widget-wrap elementor-element-populated\">\n\t\t\t\t\t\t<div class=\"elementor-element elementor-element-a8f05ca elementor-widget elementor-widget-image\" data-id=\"a8f05ca\" data-element_type=\"widget\" data-e-type=\"widget\" data-widget_type=\"image.default\">\n\t\t\t\t<div class=\"elementor-widget-container\">\n\t\t\t\t\t\t\t\t\t\t\t\t\t\t\t<img fetchpriority=\"high\" decoding=\"async\" width=\"750\" height=\"500\" src=\"https:\/\/www.hanfcooking.at\/wp-content\/uploads\/2019\/02\/Polentanockerl.jpg\" class=\"attachment-large size-large wp-image-2452\" alt=\"\" srcset=\"https:\/\/www.hanfcooking.at\/wp-content\/uploads\/2019\/02\/Polentanockerl.jpg 800w, https:\/\/www.hanfcooking.at\/wp-content\/uploads\/2019\/02\/Polentanockerl-300x200.jpg 300w, https:\/\/www.hanfcooking.at\/wp-content\/uploads\/2019\/02\/Polentanockerl-768x512.jpg 768w, https:\/\/www.hanfcooking.at\/wp-content\/uploads\/2019\/02\/Polentanockerl-230x153.jpg 230w, https:\/\/www.hanfcooking.at\/wp-content\/uploads\/2019\/02\/Polentanockerl-350x233.jpg 350w, https:\/\/www.hanfcooking.at\/wp-content\/uploads\/2019\/02\/Polentanockerl-480x320.jpg 480w, https:\/\/www.hanfcooking.at\/wp-content\/uploads\/2019\/02\/Polentanockerl-272x182.jpg 272w\" sizes=\"(max-width: 750px) 100vw, 750px\" \/>\t\t\t\t\t\t\t\t\t\t\t\t\t\t\t<\/div>\n\t\t\t\t<\/div>\n\t\t\t\t\t<\/div>\n\t\t<\/div>\n\t\t\t\t<div class=\"elementor-column elementor-col-50 elementor-top-column elementor-element elementor-element-70d2cb0\" data-id=\"70d2cb0\" data-element_type=\"column\" data-e-type=\"column\">\n\t\t\t<div class=\"elementor-widget-wrap elementor-element-populated\">\n\t\t\t\t\t\t<div class=\"elementor-element elementor-element-c02293e elementor-widget elementor-widget-text-editor\" data-id=\"c02293e\" data-element_type=\"widget\" data-e-type=\"widget\" data-widget_type=\"text-editor.default\">\n\t\t\t\t<div class=\"elementor-widget-container\">\n\t\t\t\t\t\t\t\t\t<p><strong>Zutaten:<\/strong><\/p><p>150 g Bio &#8211; Polenta<br \/>80 g Bio &#8211; Hanfmehl<br \/>300 ml Bio &#8211; Milch<br \/>50 g Bio &#8211; Butter<br \/>2 EL Bio \u2013 Sauerrahm<br \/>50g Topfen<br \/>100 g Bio &#8211; Nougat<br \/>50 ml Bio &#8211; Schlagobers<br \/>frische Fr\u00fcchte nach Saison<\/p>\t\t\t\t\t\t\t\t<\/div>\n\t\t\t\t<\/div>\n\t\t\t\t\t<\/div>\n\t\t<\/div>\n\t\t\t\t\t<\/div>\n\t\t<\/section>\n\t\t\t\t<section class=\"elementor-section elementor-top-section elementor-element elementor-element-e7dff8c elementor-section-boxed elementor-section-height-default elementor-section-height-default\" data-id=\"e7dff8c\" data-element_type=\"section\" data-e-type=\"section\">\n\t\t\t\t\t\t<div class=\"elementor-container elementor-column-gap-default\">\n\t\t\t\t\t<div class=\"elementor-column elementor-col-100 elementor-top-column elementor-element elementor-element-e793358\" data-id=\"e793358\" data-element_type=\"column\" data-e-type=\"column\">\n\t\t\t<div class=\"elementor-widget-wrap elementor-element-populated\">\n\t\t\t\t\t\t<div class=\"elementor-element elementor-element-3e35f18 elementor-widget elementor-widget-text-editor\" data-id=\"3e35f18\" data-element_type=\"widget\" data-e-type=\"widget\" data-widget_type=\"text-editor.default\">\n\t\t\t\t<div class=\"elementor-widget-container\">\n\t\t\t\t\t\t\t\t\t<p><strong>Zubereitung:<\/strong><\/p><p>Das Hanfmehl in einer Pfanne ohne Fett leicht r\u00f6sten, bis es sein nussiges Aroma voll entfaltet (Achtung, das Mehl darf nicht rauchen!). Die Milch mit den Gew\u00fcrzen, der Butter und dem Hanfmehl aufkochen lassen, die Polenta langsam einr\u00fchren.<\/p><p>Die Polenta muss sch\u00f6n cremig sein (gegebenenfalls noch etwas Milch einr\u00fchren) Die Polenta ca. 15 Minuten nachquellen lassen und dann mit Sauerrahm und Topfen mischen.<\/p><p>F\u00fcr den Spiegel das Nougat mit dem Obers aufkochen, etwas reduzieren lassen und kalt stellen.<\/p><p>Mit dem Nougat am Teller einen sch\u00f6nen runden Spiegel machen und mit etwas verr\u00fchrtem Sauerrahm dekorieren. Den restlichen Sauerrahm in die Polenta einr\u00fchren<\/p><p>und mit 2 Essl\u00f6ffeln oder einem Eisportionierer Nockerln formen anrichten und mit Staubzucker bestreuen. Frische Fr\u00fcchte als Garnitur.<\/p>\t\t\t\t\t\t\t\t<\/div>\n\t\t\t\t<\/div>\n\t\t\t\t\t<\/div>\n\t\t<\/div>\n\t\t\t\t\t<\/div>\n\t\t<\/section>\n\t\t\t\t<\/div>\n\t\t","protected":false},"excerpt":{"rendered":"<p>Zutaten: 150 g Bio &#8211; Polenta80 g Bio &#8211; Hanfmehl300 ml Bio &#8211; Milch50 g Bio &#8211; Butter2 EL Bio \u2013 Sauerrahm50g Topfen100 g Bio &#8211; Nougat50 ml Bio &#8211; Schlagobersfrische Fr\u00fcchte nach Saison Zubereitung: Das Hanfmehl in einer Pfanne ohne Fett leicht r\u00f6sten, bis es sein nussiges Aroma voll entfaltet (Achtung, das Mehl darf [&hellip;]<\/p>\n","protected":false},"author":1,"featured_media":0,"parent":0,"menu_order":0,"comment_status":"closed","ping_status":"closed","template":"","meta":{"footnotes":""},"class_list":["post-2449","page","type-page","status-publish","hentry"],"yoast_head":"<!-- This site is optimized with the Yoast SEO plugin v27.3 - https:\/\/yoast.com\/product\/yoast-seo-wordpress\/ -->\n<title>S\u00fc\u00dfe Hanf-Polentanockerln - hanfcooking<\/title>\n<meta name=\"robots\" content=\"index, follow, max-snippet:-1, max-image-preview:large, max-video-preview:-1\" \/>\n<link rel=\"canonical\" href=\"https:\/\/www.hanfcooking.at\/?page_id=2449\" \/>\n<meta property=\"og:locale\" content=\"de_DE\" \/>\n<meta property=\"og:type\" content=\"article\" \/>\n<meta property=\"og:title\" content=\"S\u00fc\u00dfe Hanf-Polentanockerln - hanfcooking\" \/>\n<meta property=\"og:description\" content=\"Zutaten: 150 g Bio &#8211; Polenta80 g Bio &#8211; Hanfmehl300 ml Bio &#8211; Milch50 g Bio &#8211; Butter2 EL Bio \u2013 Sauerrahm50g Topfen100 g Bio &#8211; Nougat50 ml Bio &#8211; Schlagobersfrische Fr\u00fcchte nach Saison Zubereitung: Das Hanfmehl in einer Pfanne ohne Fett leicht r\u00f6sten, bis es sein nussiges Aroma voll entfaltet (Achtung, das Mehl darf [&hellip;]\" \/>\n<meta property=\"og:url\" content=\"https:\/\/www.hanfcooking.at\/?page_id=2449\" \/>\n<meta property=\"og:site_name\" content=\"hanfcooking\" \/>\n<meta property=\"article:publisher\" content=\"https:\/\/www.facebook.com\/hanfcooking\" \/>\n<meta property=\"article:modified_time\" content=\"2019-02-03T13:55:30+00:00\" \/>\n<meta property=\"og:image\" content=\"http:\/\/www.hanfcooking.at\/wp-content\/uploads\/2019\/02\/Polentanockerl.jpg\" \/>\n<meta name=\"twitter:card\" content=\"summary_large_image\" \/>\n<meta name=\"twitter:label1\" content=\"Gesch\u00e4tzte Lesezeit\" \/>\n\t<meta name=\"twitter:data1\" content=\"1\u00a0Minute\" \/>\n<script type=\"application\/ld+json\" class=\"yoast-schema-graph\">{\"@context\":\"https:\\\/\\\/schema.org\",\"@graph\":[{\"@type\":\"WebPage\",\"@id\":\"https:\\\/\\\/www.hanfcooking.at\\\/?page_id=2449\",\"url\":\"https:\\\/\\\/www.hanfcooking.at\\\/?page_id=2449\",\"name\":\"S\u00fc\u00dfe Hanf-Polentanockerln - hanfcooking\",\"isPartOf\":{\"@id\":\"https:\\\/\\\/www.hanfcooking.at\\\/#website\"},\"primaryImageOfPage\":{\"@id\":\"https:\\\/\\\/www.hanfcooking.at\\\/?page_id=2449#primaryimage\"},\"image\":{\"@id\":\"https:\\\/\\\/www.hanfcooking.at\\\/?page_id=2449#primaryimage\"},\"thumbnailUrl\":\"http:\\\/\\\/www.hanfcooking.at\\\/wp-content\\\/uploads\\\/2019\\\/02\\\/Polentanockerl.jpg\",\"datePublished\":\"2019-02-03T13:49:58+00:00\",\"dateModified\":\"2019-02-03T13:55:30+00:00\",\"breadcrumb\":{\"@id\":\"https:\\\/\\\/www.hanfcooking.at\\\/?page_id=2449#breadcrumb\"},\"inLanguage\":\"de\",\"potentialAction\":[{\"@type\":\"ReadAction\",\"target\":[\"https:\\\/\\\/www.hanfcooking.at\\\/?page_id=2449\"]}]},{\"@type\":\"ImageObject\",\"inLanguage\":\"de\",\"@id\":\"https:\\\/\\\/www.hanfcooking.at\\\/?page_id=2449#primaryimage\",\"url\":\"https:\\\/\\\/www.hanfcooking.at\\\/wp-content\\\/uploads\\\/2019\\\/02\\\/Polentanockerl.jpg\",\"contentUrl\":\"https:\\\/\\\/www.hanfcooking.at\\\/wp-content\\\/uploads\\\/2019\\\/02\\\/Polentanockerl.jpg\",\"width\":800,\"height\":533},{\"@type\":\"BreadcrumbList\",\"@id\":\"https:\\\/\\\/www.hanfcooking.at\\\/?page_id=2449#breadcrumb\",\"itemListElement\":[{\"@type\":\"ListItem\",\"position\":1,\"name\":\"Startseite\",\"item\":\"https:\\\/\\\/www.hanfcooking.at\\\/\"},{\"@type\":\"ListItem\",\"position\":2,\"name\":\"S\u00fc\u00dfe Hanf-Polentanockerln\"}]},{\"@type\":\"WebSite\",\"@id\":\"https:\\\/\\\/www.hanfcooking.at\\\/#website\",\"url\":\"https:\\\/\\\/www.hanfcooking.at\\\/\",\"name\":\"www.hanfcooking.at\",\"description\":\"kochen mit Hanf\",\"publisher\":{\"@id\":\"https:\\\/\\\/www.hanfcooking.at\\\/#\\\/schema\\\/person\\\/da89f7747a1d1384549251d16488c1fc\"},\"alternateName\":\"Hanfkueche\",\"potentialAction\":[{\"@type\":\"SearchAction\",\"target\":{\"@type\":\"EntryPoint\",\"urlTemplate\":\"https:\\\/\\\/www.hanfcooking.at\\\/?s={search_term_string}\"},\"query-input\":{\"@type\":\"PropertyValueSpecification\",\"valueRequired\":true,\"valueName\":\"search_term_string\"}}],\"inLanguage\":\"de\"},{\"@type\":[\"Person\",\"Organization\"],\"@id\":\"https:\\\/\\\/www.hanfcooking.at\\\/#\\\/schema\\\/person\\\/da89f7747a1d1384549251d16488c1fc\",\"name\":\"Friedrich Pinteritsch\",\"image\":{\"@type\":\"ImageObject\",\"inLanguage\":\"de\",\"@id\":\"https:\\\/\\\/www.hanfcooking.at\\\/wp-content\\\/uploads\\\/2022\\\/10\\\/HP-logo-e1665761885673.jpg\",\"url\":\"https:\\\/\\\/www.hanfcooking.at\\\/wp-content\\\/uploads\\\/2022\\\/10\\\/HP-logo-e1665761885673.jpg\",\"contentUrl\":\"https:\\\/\\\/www.hanfcooking.at\\\/wp-content\\\/uploads\\\/2022\\\/10\\\/HP-logo-e1665761885673.jpg\",\"width\":300,\"height\":240,\"caption\":\"Friedrich Pinteritsch\"},\"logo\":{\"@id\":\"https:\\\/\\\/www.hanfcooking.at\\\/wp-content\\\/uploads\\\/2022\\\/10\\\/HP-logo-e1665761885673.jpg\"},\"sameAs\":[\"http:\\\/\\\/hanfcooking.at\",\"https:\\\/\\\/www.facebook.com\\\/hanfcooking\"]}]}<\/script>\n<!-- \/ Yoast SEO plugin. -->","yoast_head_json":{"title":"S\u00fc\u00dfe Hanf-Polentanockerln - hanfcooking","robots":{"index":"index","follow":"follow","max-snippet":"max-snippet:-1","max-image-preview":"max-image-preview:large","max-video-preview":"max-video-preview:-1"},"canonical":"https:\/\/www.hanfcooking.at\/?page_id=2449","og_locale":"de_DE","og_type":"article","og_title":"S\u00fc\u00dfe Hanf-Polentanockerln - hanfcooking","og_description":"Zutaten: 150 g Bio &#8211; Polenta80 g Bio &#8211; Hanfmehl300 ml Bio &#8211; Milch50 g Bio &#8211; Butter2 EL Bio \u2013 Sauerrahm50g Topfen100 g Bio &#8211; Nougat50 ml Bio &#8211; Schlagobersfrische Fr\u00fcchte nach Saison Zubereitung: Das Hanfmehl in einer Pfanne ohne Fett leicht r\u00f6sten, bis es sein nussiges Aroma voll entfaltet (Achtung, das Mehl darf [&hellip;]","og_url":"https:\/\/www.hanfcooking.at\/?page_id=2449","og_site_name":"hanfcooking","article_publisher":"https:\/\/www.facebook.com\/hanfcooking","article_modified_time":"2019-02-03T13:55:30+00:00","og_image":[{"url":"http:\/\/www.hanfcooking.at\/wp-content\/uploads\/2019\/02\/Polentanockerl.jpg","type":"","width":"","height":""}],"twitter_card":"summary_large_image","twitter_misc":{"Gesch\u00e4tzte Lesezeit":"1\u00a0Minute"},"schema":{"@context":"https:\/\/schema.org","@graph":[{"@type":"WebPage","@id":"https:\/\/www.hanfcooking.at\/?page_id=2449","url":"https:\/\/www.hanfcooking.at\/?page_id=2449","name":"S\u00fc\u00dfe Hanf-Polentanockerln - hanfcooking","isPartOf":{"@id":"https:\/\/www.hanfcooking.at\/#website"},"primaryImageOfPage":{"@id":"https:\/\/www.hanfcooking.at\/?page_id=2449#primaryimage"},"image":{"@id":"https:\/\/www.hanfcooking.at\/?page_id=2449#primaryimage"},"thumbnailUrl":"http:\/\/www.hanfcooking.at\/wp-content\/uploads\/2019\/02\/Polentanockerl.jpg","datePublished":"2019-02-03T13:49:58+00:00","dateModified":"2019-02-03T13:55:30+00:00","breadcrumb":{"@id":"https:\/\/www.hanfcooking.at\/?page_id=2449#breadcrumb"},"inLanguage":"de","potentialAction":[{"@type":"ReadAction","target":["https:\/\/www.hanfcooking.at\/?page_id=2449"]}]},{"@type":"ImageObject","inLanguage":"de","@id":"https:\/\/www.hanfcooking.at\/?page_id=2449#primaryimage","url":"https:\/\/www.hanfcooking.at\/wp-content\/uploads\/2019\/02\/Polentanockerl.jpg","contentUrl":"https:\/\/www.hanfcooking.at\/wp-content\/uploads\/2019\/02\/Polentanockerl.jpg","width":800,"height":533},{"@type":"BreadcrumbList","@id":"https:\/\/www.hanfcooking.at\/?page_id=2449#breadcrumb","itemListElement":[{"@type":"ListItem","position":1,"name":"Startseite","item":"https:\/\/www.hanfcooking.at\/"},{"@type":"ListItem","position":2,"name":"S\u00fc\u00dfe Hanf-Polentanockerln"}]},{"@type":"WebSite","@id":"https:\/\/www.hanfcooking.at\/#website","url":"https:\/\/www.hanfcooking.at\/","name":"www.hanfcooking.at","description":"kochen mit Hanf","publisher":{"@id":"https:\/\/www.hanfcooking.at\/#\/schema\/person\/da89f7747a1d1384549251d16488c1fc"},"alternateName":"Hanfkueche","potentialAction":[{"@type":"SearchAction","target":{"@type":"EntryPoint","urlTemplate":"https:\/\/www.hanfcooking.at\/?s={search_term_string}"},"query-input":{"@type":"PropertyValueSpecification","valueRequired":true,"valueName":"search_term_string"}}],"inLanguage":"de"},{"@type":["Person","Organization"],"@id":"https:\/\/www.hanfcooking.at\/#\/schema\/person\/da89f7747a1d1384549251d16488c1fc","name":"Friedrich Pinteritsch","image":{"@type":"ImageObject","inLanguage":"de","@id":"https:\/\/www.hanfcooking.at\/wp-content\/uploads\/2022\/10\/HP-logo-e1665761885673.jpg","url":"https:\/\/www.hanfcooking.at\/wp-content\/uploads\/2022\/10\/HP-logo-e1665761885673.jpg","contentUrl":"https:\/\/www.hanfcooking.at\/wp-content\/uploads\/2022\/10\/HP-logo-e1665761885673.jpg","width":300,"height":240,"caption":"Friedrich Pinteritsch"},"logo":{"@id":"https:\/\/www.hanfcooking.at\/wp-content\/uploads\/2022\/10\/HP-logo-e1665761885673.jpg"},"sameAs":["http:\/\/hanfcooking.at","https:\/\/www.facebook.com\/hanfcooking"]}]}},"_links":{"self":[{"href":"https:\/\/www.hanfcooking.at\/index.php?rest_route=\/wp\/v2\/pages\/2449","targetHints":{"allow":["GET"]}}],"collection":[{"href":"https:\/\/www.hanfcooking.at\/index.php?rest_route=\/wp\/v2\/pages"}],"about":[{"href":"https:\/\/www.hanfcooking.at\/index.php?rest_route=\/wp\/v2\/types\/page"}],"author":[{"embeddable":true,"href":"https:\/\/www.hanfcooking.at\/index.php?rest_route=\/wp\/v2\/users\/1"}],"replies":[{"embeddable":true,"href":"https:\/\/www.hanfcooking.at\/index.php?rest_route=%2Fwp%2Fv2%2Fcomments&post=2449"}],"version-history":[{"count":3,"href":"https:\/\/www.hanfcooking.at\/index.php?rest_route=\/wp\/v2\/pages\/2449\/revisions"}],"predecessor-version":[{"id":2454,"href":"https:\/\/www.hanfcooking.at\/index.php?rest_route=\/wp\/v2\/pages\/2449\/revisions\/2454"}],"wp:attachment":[{"href":"https:\/\/www.hanfcooking.at\/index.php?rest_route=%2Fwp%2Fv2%2Fmedia&parent=2449"}],"curies":[{"name":"wp","href":"https:\/\/api.w.org\/{rel}","templated":true}]}}