{"id":2,"date":"2017-08-27T09:57:46","date_gmt":"2017-08-27T07:57:46","guid":{"rendered":""},"modified":"2019-02-10T16:24:20","modified_gmt":"2019-02-10T15:24:20","slug":"beispiel-seite","status":"publish","type":"page","link":"https:\/\/www.hanfcooking.at\/?page_id=2","title":{"rendered":"\u00dcber mich"},"content":{"rendered":"\t\t<div data-elementor-type=\"wp-post\" data-elementor-id=\"2\" class=\"elementor elementor-2 elementor-bc-flex-widget\">\n\t\t\t\t\t\t<section class=\"elementor-section elementor-top-section elementor-element elementor-element-d82df78 elementor-section-boxed elementor-section-height-default elementor-section-height-default\" data-id=\"d82df78\" data-element_type=\"section\" data-e-type=\"section\">\n\t\t\t\t\t\t<div class=\"elementor-container elementor-column-gap-default\">\n\t\t\t\t\t<div class=\"elementor-column elementor-col-50 elementor-top-column elementor-element elementor-element-fa9da16\" data-id=\"fa9da16\" data-element_type=\"column\" data-e-type=\"column\">\n\t\t\t<div class=\"elementor-widget-wrap elementor-element-populated\">\n\t\t\t\t\t\t<div class=\"elementor-element elementor-element-067351e elementor-widget elementor-widget-image\" data-id=\"067351e\" data-element_type=\"widget\" data-e-type=\"widget\" data-widget_type=\"image.default\">\n\t\t\t\t<div class=\"elementor-widget-container\">\n\t\t\t\t\t\t\t\t\t\t\t\t\t\t\t\t<a href=\"http:\/\/www.hanfcooking.at\/wp-content\/uploads\/2017\/09\/DSC_5745.jpg\" data-elementor-open-lightbox=\"yes\" data-elementor-lightbox-title=\"DSC_5745\" data-e-action-hash=\"#elementor-action%3Aaction%3Dlightbox%26settings%3DeyJpZCI6NjIxLCJ1cmwiOiJodHRwczpcL1wvd3d3LmhhbmZjb29raW5nLmF0XC93cC1jb250ZW50XC91cGxvYWRzXC8yMDE3XC8wOVwvRFNDXzU3NDUuanBnIn0%3D\">\n\t\t\t\t\t\t\t<img fetchpriority=\"high\" decoding=\"async\" width=\"750\" height=\"500\" src=\"https:\/\/www.hanfcooking.at\/wp-content\/uploads\/2017\/09\/DSC_5745-1024x683.jpg\" class=\"attachment-large size-large wp-image-621\" alt=\"\" srcset=\"https:\/\/www.hanfcooking.at\/wp-content\/uploads\/2017\/09\/DSC_5745-1024x683.jpg 1024w, https:\/\/www.hanfcooking.at\/wp-content\/uploads\/2017\/09\/DSC_5745-300x200.jpg 300w, https:\/\/www.hanfcooking.at\/wp-content\/uploads\/2017\/09\/DSC_5745-768x512.jpg 768w, https:\/\/www.hanfcooking.at\/wp-content\/uploads\/2017\/09\/DSC_5745-830x553.jpg 830w, https:\/\/www.hanfcooking.at\/wp-content\/uploads\/2017\/09\/DSC_5745-230x153.jpg 230w, https:\/\/www.hanfcooking.at\/wp-content\/uploads\/2017\/09\/DSC_5745-350x233.jpg 350w, https:\/\/www.hanfcooking.at\/wp-content\/uploads\/2017\/09\/DSC_5745-480x320.jpg 480w, https:\/\/www.hanfcooking.at\/wp-content\/uploads\/2017\/09\/DSC_5745.jpg 1707w\" sizes=\"(max-width: 750px) 100vw, 750px\" \/>\t\t\t\t\t\t\t\t<\/a>\n\t\t\t\t\t\t\t\t\t\t\t\t\t\t\t<\/div>\n\t\t\t\t<\/div>\n\t\t\t\t\t<\/div>\n\t\t<\/div>\n\t\t\t\t<div class=\"elementor-column elementor-col-50 elementor-top-column elementor-element elementor-element-858bf37\" data-id=\"858bf37\" data-element_type=\"column\" data-e-type=\"column\">\n\t\t\t<div class=\"elementor-widget-wrap elementor-element-populated\">\n\t\t\t\t\t\t<div class=\"elementor-element elementor-element-bcd6e3b elementor-widget elementor-widget-text-editor\" data-id=\"bcd6e3b\" data-element_type=\"widget\" data-e-type=\"widget\" data-widget_type=\"text-editor.default\">\n\t\t\t\t<div class=\"elementor-widget-container\">\n\t\t\t\t\t\t\t\t\t<p><strong>Warum ich mit Biohanf koche,<\/strong><\/p><p>ist wirklich dem Zufall zu verdanken. Ich hatte gerade ein biologisches Galamen\u00fc f\u00fcr Presse und Politik gekocht, und hielt ein Referat \u00fcber die Vorz\u00fcge von biologisch erzeugten Produkten. Wie immer stand ich auch an diesem Abend am Ende meines Vortrags f\u00fcr Fragen und Anregungen aus dem Publikum zur Verf\u00fcgung, als mich ein Herr mit Servus Fritz ansprach. Ich staunte nicht schlecht, denn es stellte sich heraus, dass dieser \u201eHerr\u201d mein Jugendfreund war.<\/p><p>Nat\u00fcrlich setzten wir uns zusammen und plauderten \u00fcber unsere gemeinsame Jugendzeit.<\/p><p>Wir hatten sehr viel zu erz\u00e4hlen, denn wir hatten so als 12 \u2013 13 J\u00e4hrige zusammen in einer Band gespielt. Er Bassgitarre, ich Gitarre. Wir hatten die R\u00f6hren unseres Radio \u2013 Verst\u00e4rkers sehr gequ\u00e4lt, hatten aber sehr viel Ehrgeiz und vor Allem auch Spa\u00df.\u00a0 Der Abend verging sehr schnell und wir wollten uns nicht mehr aus den Augen verlieren.<\/p><p>Am Ende tauschten wir unsere Visitenkarten aus und da sah ich, dass er mit Hanf, genauer gesagt mit Biohanf zu tun hatte.<\/p><p>Mein Interesse war geweckt, ich wollte als Biokoch den THC freien Bio \u2013 Nutzhanf kennen lernen. Sofort setzte ich mich zu meinen Computer und suchte im Internet nach Informationen \u00fcber Hanf. Seine Geschichte ist ja nicht unbekannt, und es gab \u201eHoch und Tiefs\u201c in den Jahrtausenden in denen Hanf schon angebaut wird. Das aber gerade ich den Hanf aus gesundheitlichen Gr\u00fcnden brauchen werde, war mir zu dem Zeitpunkt \u00fcberhaupt nicht bewu\u00dft.<\/p><p>Nun es zwar ein Weile her, aber ja, ich hatte Krebs. Darmkrebs um genau zu sein.<br \/>Mir wurden in einer Operation ca. 40 Zentimeter vom Dickdarm herausgeschnitten und ich musste anschlie\u00dfend auch noch eine Chemotherapie \u00fcber mich ergehen lassen.<br \/>Die Umst\u00e4nde wie ich \u00fcberhaupt zu dem Krebs gekommen bin m\u00f6chte ich hier nicht erl\u00e4utern, ich wei\u00df allerdings, Schuld war ich selbst.<br \/>Mit dieser Erkenntnis und dem Wissen alles was man selbst verschuldet hat kann man wieder gut machen, wusste ich eigentlich von der erste Sekunde, wo mir der Arzt Bescheid gesagt hat, dass dieser Krebs nur vor\u00fcbergehend in mir sein wird und ich diesen ungebetenen Gast wieder los werde. Gesunde Ern\u00e4hrung und da vor Allem der Speisehanf hat mich wieder in die Spur gebracht. Ich m\u00f6chte nicht verabs\u00e4umen euch zu zeigen wie k\u00f6stlich und genussvoll aber in erster Linie gesund, kochen mit Speisehanf sein kann. Mit einer Handvoll Hanfprodukten kann\u00a0 man seine Gesundheit wieder erlangen oder noch besser, erhalten.<\/p>\t\t\t\t\t\t\t\t<\/div>\n\t\t\t\t<\/div>\n\t\t\t\t\t<\/div>\n\t\t<\/div>\n\t\t\t\t\t<\/div>\n\t\t<\/section>\n\t\t\t\t<\/div>\n\t\t","protected":false},"excerpt":{"rendered":"<p>Warum ich mit Biohanf koche, ist wirklich dem Zufall zu verdanken. Ich hatte gerade ein biologisches Galamen\u00fc f\u00fcr Presse und Politik gekocht, und hielt ein Referat \u00fcber die Vorz\u00fcge von biologisch erzeugten Produkten. Wie immer stand ich auch an diesem Abend am Ende meines Vortrags f\u00fcr Fragen und Anregungen aus dem Publikum zur Verf\u00fcgung, als [&hellip;]<\/p>\n","protected":false},"author":1,"featured_media":0,"parent":0,"menu_order":0,"comment_status":"closed","ping_status":"closed","template":"page-templates\/page_fullwidth.php","meta":{"footnotes":""},"class_list":["post-2","page","type-page","status-publish","hentry"],"yoast_head":"<!-- This site is optimized with the Yoast SEO plugin v27.3 - https:\/\/yoast.com\/product\/yoast-seo-wordpress\/ -->\n<title>\u00dcber mich - hanfcooking<\/title>\n<meta name=\"robots\" content=\"index, follow, max-snippet:-1, max-image-preview:large, max-video-preview:-1\" \/>\n<link rel=\"canonical\" href=\"https:\/\/www.hanfcooking.at\/?page_id=2\" \/>\n<meta property=\"og:locale\" content=\"de_DE\" \/>\n<meta property=\"og:type\" content=\"article\" \/>\n<meta property=\"og:title\" content=\"\u00dcber mich - hanfcooking\" \/>\n<meta property=\"og:description\" content=\"Warum ich mit Biohanf koche, ist wirklich dem Zufall zu verdanken. Ich hatte gerade ein biologisches Galamen\u00fc f\u00fcr Presse und Politik gekocht, und hielt ein Referat \u00fcber die Vorz\u00fcge von biologisch erzeugten Produkten. Wie immer stand ich auch an diesem Abend am Ende meines Vortrags f\u00fcr Fragen und Anregungen aus dem Publikum zur Verf\u00fcgung, als [&hellip;]\" \/>\n<meta property=\"og:url\" content=\"https:\/\/www.hanfcooking.at\/?page_id=2\" \/>\n<meta property=\"og:site_name\" content=\"hanfcooking\" \/>\n<meta property=\"article:publisher\" content=\"https:\/\/www.facebook.com\/hanfcooking\" \/>\n<meta property=\"article:modified_time\" content=\"2019-02-10T15:24:20+00:00\" \/>\n<meta property=\"og:image\" content=\"http:\/\/www.hanfcooking.at\/wp-content\/uploads\/2017\/09\/DSC_5745-1024x683.jpg\" \/>\n<meta name=\"twitter:card\" content=\"summary_large_image\" \/>\n<meta name=\"twitter:label1\" content=\"Gesch\u00e4tzte Lesezeit\" \/>\n\t<meta name=\"twitter:data1\" content=\"2\u00a0Minuten\" \/>\n<script type=\"application\/ld+json\" class=\"yoast-schema-graph\">{\"@context\":\"https:\\\/\\\/schema.org\",\"@graph\":[{\"@type\":\"WebPage\",\"@id\":\"https:\\\/\\\/www.hanfcooking.at\\\/?page_id=2\",\"url\":\"https:\\\/\\\/www.hanfcooking.at\\\/?page_id=2\",\"name\":\"\u00dcber mich - hanfcooking\",\"isPartOf\":{\"@id\":\"https:\\\/\\\/www.hanfcooking.at\\\/#website\"},\"primaryImageOfPage\":{\"@id\":\"https:\\\/\\\/www.hanfcooking.at\\\/?page_id=2#primaryimage\"},\"image\":{\"@id\":\"https:\\\/\\\/www.hanfcooking.at\\\/?page_id=2#primaryimage\"},\"thumbnailUrl\":\"http:\\\/\\\/www.hanfcooking.at\\\/wp-content\\\/uploads\\\/2017\\\/09\\\/DSC_5745-1024x683.jpg\",\"datePublished\":\"2017-08-27T07:57:46+00:00\",\"dateModified\":\"2019-02-10T15:24:20+00:00\",\"breadcrumb\":{\"@id\":\"https:\\\/\\\/www.hanfcooking.at\\\/?page_id=2#breadcrumb\"},\"inLanguage\":\"de\",\"potentialAction\":[{\"@type\":\"ReadAction\",\"target\":[\"https:\\\/\\\/www.hanfcooking.at\\\/?page_id=2\"]}]},{\"@type\":\"ImageObject\",\"inLanguage\":\"de\",\"@id\":\"https:\\\/\\\/www.hanfcooking.at\\\/?page_id=2#primaryimage\",\"url\":\"https:\\\/\\\/www.hanfcooking.at\\\/wp-content\\\/uploads\\\/2017\\\/09\\\/DSC_5745.jpg\",\"contentUrl\":\"https:\\\/\\\/www.hanfcooking.at\\\/wp-content\\\/uploads\\\/2017\\\/09\\\/DSC_5745.jpg\",\"width\":1707,\"height\":1138},{\"@type\":\"BreadcrumbList\",\"@id\":\"https:\\\/\\\/www.hanfcooking.at\\\/?page_id=2#breadcrumb\",\"itemListElement\":[{\"@type\":\"ListItem\",\"position\":1,\"name\":\"Startseite\",\"item\":\"https:\\\/\\\/www.hanfcooking.at\\\/\"},{\"@type\":\"ListItem\",\"position\":2,\"name\":\"\u00dcber mich\"}]},{\"@type\":\"WebSite\",\"@id\":\"https:\\\/\\\/www.hanfcooking.at\\\/#website\",\"url\":\"https:\\\/\\\/www.hanfcooking.at\\\/\",\"name\":\"www.hanfcooking.at\",\"description\":\"kochen mit Hanf\",\"publisher\":{\"@id\":\"https:\\\/\\\/www.hanfcooking.at\\\/#\\\/schema\\\/person\\\/da89f7747a1d1384549251d16488c1fc\"},\"alternateName\":\"Hanfkueche\",\"potentialAction\":[{\"@type\":\"SearchAction\",\"target\":{\"@type\":\"EntryPoint\",\"urlTemplate\":\"https:\\\/\\\/www.hanfcooking.at\\\/?s={search_term_string}\"},\"query-input\":{\"@type\":\"PropertyValueSpecification\",\"valueRequired\":true,\"valueName\":\"search_term_string\"}}],\"inLanguage\":\"de\"},{\"@type\":[\"Person\",\"Organization\"],\"@id\":\"https:\\\/\\\/www.hanfcooking.at\\\/#\\\/schema\\\/person\\\/da89f7747a1d1384549251d16488c1fc\",\"name\":\"Friedrich Pinteritsch\",\"image\":{\"@type\":\"ImageObject\",\"inLanguage\":\"de\",\"@id\":\"https:\\\/\\\/www.hanfcooking.at\\\/wp-content\\\/uploads\\\/2022\\\/10\\\/HP-logo-e1665761885673.jpg\",\"url\":\"https:\\\/\\\/www.hanfcooking.at\\\/wp-content\\\/uploads\\\/2022\\\/10\\\/HP-logo-e1665761885673.jpg\",\"contentUrl\":\"https:\\\/\\\/www.hanfcooking.at\\\/wp-content\\\/uploads\\\/2022\\\/10\\\/HP-logo-e1665761885673.jpg\",\"width\":300,\"height\":240,\"caption\":\"Friedrich Pinteritsch\"},\"logo\":{\"@id\":\"https:\\\/\\\/www.hanfcooking.at\\\/wp-content\\\/uploads\\\/2022\\\/10\\\/HP-logo-e1665761885673.jpg\"},\"sameAs\":[\"http:\\\/\\\/hanfcooking.at\",\"https:\\\/\\\/www.facebook.com\\\/hanfcooking\"]}]}<\/script>\n<!-- \/ Yoast SEO plugin. -->","yoast_head_json":{"title":"\u00dcber mich - hanfcooking","robots":{"index":"index","follow":"follow","max-snippet":"max-snippet:-1","max-image-preview":"max-image-preview:large","max-video-preview":"max-video-preview:-1"},"canonical":"https:\/\/www.hanfcooking.at\/?page_id=2","og_locale":"de_DE","og_type":"article","og_title":"\u00dcber mich - hanfcooking","og_description":"Warum ich mit Biohanf koche, ist wirklich dem Zufall zu verdanken. Ich hatte gerade ein biologisches Galamen\u00fc f\u00fcr Presse und Politik gekocht, und hielt ein Referat \u00fcber die Vorz\u00fcge von biologisch erzeugten Produkten. Wie immer stand ich auch an diesem Abend am Ende meines Vortrags f\u00fcr Fragen und Anregungen aus dem Publikum zur Verf\u00fcgung, als [&hellip;]","og_url":"https:\/\/www.hanfcooking.at\/?page_id=2","og_site_name":"hanfcooking","article_publisher":"https:\/\/www.facebook.com\/hanfcooking","article_modified_time":"2019-02-10T15:24:20+00:00","og_image":[{"url":"http:\/\/www.hanfcooking.at\/wp-content\/uploads\/2017\/09\/DSC_5745-1024x683.jpg","type":"","width":"","height":""}],"twitter_card":"summary_large_image","twitter_misc":{"Gesch\u00e4tzte Lesezeit":"2\u00a0Minuten"},"schema":{"@context":"https:\/\/schema.org","@graph":[{"@type":"WebPage","@id":"https:\/\/www.hanfcooking.at\/?page_id=2","url":"https:\/\/www.hanfcooking.at\/?page_id=2","name":"\u00dcber mich - hanfcooking","isPartOf":{"@id":"https:\/\/www.hanfcooking.at\/#website"},"primaryImageOfPage":{"@id":"https:\/\/www.hanfcooking.at\/?page_id=2#primaryimage"},"image":{"@id":"https:\/\/www.hanfcooking.at\/?page_id=2#primaryimage"},"thumbnailUrl":"http:\/\/www.hanfcooking.at\/wp-content\/uploads\/2017\/09\/DSC_5745-1024x683.jpg","datePublished":"2017-08-27T07:57:46+00:00","dateModified":"2019-02-10T15:24:20+00:00","breadcrumb":{"@id":"https:\/\/www.hanfcooking.at\/?page_id=2#breadcrumb"},"inLanguage":"de","potentialAction":[{"@type":"ReadAction","target":["https:\/\/www.hanfcooking.at\/?page_id=2"]}]},{"@type":"ImageObject","inLanguage":"de","@id":"https:\/\/www.hanfcooking.at\/?page_id=2#primaryimage","url":"https:\/\/www.hanfcooking.at\/wp-content\/uploads\/2017\/09\/DSC_5745.jpg","contentUrl":"https:\/\/www.hanfcooking.at\/wp-content\/uploads\/2017\/09\/DSC_5745.jpg","width":1707,"height":1138},{"@type":"BreadcrumbList","@id":"https:\/\/www.hanfcooking.at\/?page_id=2#breadcrumb","itemListElement":[{"@type":"ListItem","position":1,"name":"Startseite","item":"https:\/\/www.hanfcooking.at\/"},{"@type":"ListItem","position":2,"name":"\u00dcber mich"}]},{"@type":"WebSite","@id":"https:\/\/www.hanfcooking.at\/#website","url":"https:\/\/www.hanfcooking.at\/","name":"www.hanfcooking.at","description":"kochen mit Hanf","publisher":{"@id":"https:\/\/www.hanfcooking.at\/#\/schema\/person\/da89f7747a1d1384549251d16488c1fc"},"alternateName":"Hanfkueche","potentialAction":[{"@type":"SearchAction","target":{"@type":"EntryPoint","urlTemplate":"https:\/\/www.hanfcooking.at\/?s={search_term_string}"},"query-input":{"@type":"PropertyValueSpecification","valueRequired":true,"valueName":"search_term_string"}}],"inLanguage":"de"},{"@type":["Person","Organization"],"@id":"https:\/\/www.hanfcooking.at\/#\/schema\/person\/da89f7747a1d1384549251d16488c1fc","name":"Friedrich Pinteritsch","image":{"@type":"ImageObject","inLanguage":"de","@id":"https:\/\/www.hanfcooking.at\/wp-content\/uploads\/2022\/10\/HP-logo-e1665761885673.jpg","url":"https:\/\/www.hanfcooking.at\/wp-content\/uploads\/2022\/10\/HP-logo-e1665761885673.jpg","contentUrl":"https:\/\/www.hanfcooking.at\/wp-content\/uploads\/2022\/10\/HP-logo-e1665761885673.jpg","width":300,"height":240,"caption":"Friedrich Pinteritsch"},"logo":{"@id":"https:\/\/www.hanfcooking.at\/wp-content\/uploads\/2022\/10\/HP-logo-e1665761885673.jpg"},"sameAs":["http:\/\/hanfcooking.at","https:\/\/www.facebook.com\/hanfcooking"]}]}},"_links":{"self":[{"href":"https:\/\/www.hanfcooking.at\/index.php?rest_route=\/wp\/v2\/pages\/2","targetHints":{"allow":["GET"]}}],"collection":[{"href":"https:\/\/www.hanfcooking.at\/index.php?rest_route=\/wp\/v2\/pages"}],"about":[{"href":"https:\/\/www.hanfcooking.at\/index.php?rest_route=\/wp\/v2\/types\/page"}],"author":[{"embeddable":true,"href":"https:\/\/www.hanfcooking.at\/index.php?rest_route=\/wp\/v2\/users\/1"}],"replies":[{"embeddable":true,"href":"https:\/\/www.hanfcooking.at\/index.php?rest_route=%2Fwp%2Fv2%2Fcomments&post=2"}],"version-history":[{"count":13,"href":"https:\/\/www.hanfcooking.at\/index.php?rest_route=\/wp\/v2\/pages\/2\/revisions"}],"predecessor-version":[{"id":2600,"href":"https:\/\/www.hanfcooking.at\/index.php?rest_route=\/wp\/v2\/pages\/2\/revisions\/2600"}],"wp:attachment":[{"href":"https:\/\/www.hanfcooking.at\/index.php?rest_route=%2Fwp%2Fv2%2Fmedia&parent=2"}],"curies":[{"name":"wp","href":"https:\/\/api.w.org\/{rel}","templated":true}]}}