{"id":1721,"date":"2018-04-12T18:15:12","date_gmt":"2018-04-12T16:15:12","guid":{"rendered":"http:\/\/www.hanfcooking.at\/?page_id=1721"},"modified":"2018-04-22T09:50:39","modified_gmt":"2018-04-22T07:50:39","slug":"schweinsfilet-mit-hanftopfenfuelle","status":"publish","type":"page","link":"https:\/\/www.hanfcooking.at\/?page_id=1721","title":{"rendered":"Schweinsfilet mit Hanftopfenf\u00fclle"},"content":{"rendered":"\t\t<div data-elementor-type=\"wp-post\" data-elementor-id=\"1721\" class=\"elementor elementor-1721 elementor-bc-flex-widget\">\n\t\t\t\t\t\t<section class=\"elementor-section elementor-top-section elementor-element elementor-element-380844c elementor-section-boxed elementor-section-height-default elementor-section-height-default\" data-id=\"380844c\" data-element_type=\"section\" data-e-type=\"section\">\n\t\t\t\t\t\t<div class=\"elementor-container elementor-column-gap-default\">\n\t\t\t\t\t<div class=\"elementor-column elementor-col-33 elementor-top-column elementor-element elementor-element-a1b7494\" data-id=\"a1b7494\" data-element_type=\"column\" data-e-type=\"column\">\n\t\t\t<div class=\"elementor-widget-wrap elementor-element-populated\">\n\t\t\t\t\t\t<div class=\"elementor-element elementor-element-85a6cfb elementor-widget elementor-widget-image\" data-id=\"85a6cfb\" data-element_type=\"widget\" data-e-type=\"widget\" data-widget_type=\"image.default\">\n\t\t\t\t<div class=\"elementor-widget-container\">\n\t\t\t\t\t\t\t\t\t\t\t\t\t\t\t\t<a href=\"http:\/\/www.hanfcooking.at\/wp-content\/uploads\/2018\/04\/IMG_1898_1.jpg\" data-elementor-open-lightbox=\"yes\" data-elementor-lightbox-title=\"IMG_1898_1\" data-e-action-hash=\"#elementor-action%3Aaction%3Dlightbox%26settings%3DeyJpZCI6MTcyNSwidXJsIjoiaHR0cHM6XC9cL3d3dy5oYW5mY29va2luZy5hdFwvd3AtY29udGVudFwvdXBsb2Fkc1wvMjAxOFwvMDRcL0lNR18xODk4XzEuanBnIn0%3D\">\n\t\t\t\t\t\t\t<img fetchpriority=\"high\" decoding=\"async\" width=\"600\" height=\"450\" src=\"https:\/\/www.hanfcooking.at\/wp-content\/uploads\/2018\/04\/IMG_1898_1.jpg\" class=\"attachment-large size-large wp-image-1725\" alt=\"\" srcset=\"https:\/\/www.hanfcooking.at\/wp-content\/uploads\/2018\/04\/IMG_1898_1.jpg 600w, https:\/\/www.hanfcooking.at\/wp-content\/uploads\/2018\/04\/IMG_1898_1-300x225.jpg 300w, https:\/\/www.hanfcooking.at\/wp-content\/uploads\/2018\/04\/IMG_1898_1-230x173.jpg 230w, https:\/\/www.hanfcooking.at\/wp-content\/uploads\/2018\/04\/IMG_1898_1-350x263.jpg 350w, https:\/\/www.hanfcooking.at\/wp-content\/uploads\/2018\/04\/IMG_1898_1-480x360.jpg 480w\" sizes=\"(max-width: 600px) 100vw, 600px\" \/>\t\t\t\t\t\t\t\t<\/a>\n\t\t\t\t\t\t\t\t\t\t\t\t\t\t\t<\/div>\n\t\t\t\t<\/div>\n\t\t\t\t\t<\/div>\n\t\t<\/div>\n\t\t\t\t<div class=\"elementor-column elementor-col-33 elementor-top-column elementor-element elementor-element-5ea9807\" data-id=\"5ea9807\" data-element_type=\"column\" data-e-type=\"column\">\n\t\t\t<div class=\"elementor-widget-wrap elementor-element-populated\">\n\t\t\t\t\t\t<div class=\"elementor-element elementor-element-65e3132 elementor-widget elementor-widget-text-editor\" data-id=\"65e3132\" data-element_type=\"widget\" data-e-type=\"widget\" data-widget_type=\"text-editor.default\">\n\t\t\t\t<div class=\"elementor-widget-container\">\n\t\t\t\t\t\t\t\t\t<p><strong>Schweinsfilet mit Hanftopfenf\u00fclle auf Tomatenpolenta Sous Vide \u2013<\/strong><\/p><p>2 Schweinefilets<\/p><p><strong>F\u00fcr den Rub:<\/strong><\/p><p>60 g\u00a0\u00a0\u00a0\u00a0\u00a0\u00a0\u00a0 Paprikapulver edels\u00fc\u00df<br \/> 50 g\u00a0\u00a0\u00a0\u00a0\u00a0\u00a0\u00a0 Salz<br \/> 50 g\u00a0\u00a0\u00a0 \u00a0\u00a0\u00a0 brauner Zucker<br \/> 2EL\u00a0 \u00a0\u00a0\u00a0\u00a0\u00a0\u00a0 Senfpulver<br \/> 1 TL \u00a0\u00a0\u00a0\u00a0\u00a0\u00a0 Chilipulver<br \/> 1TL\u00a0\u00a0\u00a0\u00a0\u00a0\u00a0\u00a0\u00a0 Kreuzk\u00fcmmel<br \/> 1 EL\u00a0\u00a0\u00a0\u00a0\u00a0\u00a0\u00a0 schwarzer Pfeffer<br \/> 60 g \u00a0\u00a0\u00a0\u00a0\u00a0\u00a0 Knoblauchpulver<br \/> \u00bd\u00a0 TL \u00a0\u00a0\u00a0 Cayennepfeffer<\/p><p>Oder fertiges Grillgew\u00fcrzsalz<\/p><p><strong>F\u00fcr den Hanftopfen:<\/strong><\/p><p>250 g Topfen grob (Quark) sehr trocken<br \/> 1 EL Hanfblattpulver<br \/> 1 TL Senf mittelscharf<br \/> Salz<br \/> Pfeffer<\/p><p>\u00a0<strong>F\u00fcr die Polenta:<\/strong><\/p><p>500 ml Milch<br \/> 500 ml Wasser<br \/> 1 TL Salz<br \/> 200 g Polenta fein<br \/> 1 Glas halb getrocknete Tomaten in Oliven\u00f6l<br \/> 4 EL frisch geriebenen Parmesan<br \/> 2 Thymianzweige<br \/> Salz<br \/> Pfeffer<\/p><p>\u00a0<\/p>\t\t\t\t\t\t\t\t<\/div>\n\t\t\t\t<\/div>\n\t\t\t\t\t<\/div>\n\t\t<\/div>\n\t\t\t\t<div class=\"elementor-column elementor-col-33 elementor-top-column elementor-element elementor-element-d90f868\" data-id=\"d90f868\" data-element_type=\"column\" data-e-type=\"column\">\n\t\t\t<div class=\"elementor-widget-wrap elementor-element-populated\">\n\t\t\t\t\t\t<div class=\"elementor-element elementor-element-d0c41a1 elementor-widget elementor-widget-text-editor\" data-id=\"d0c41a1\" data-element_type=\"widget\" data-e-type=\"widget\" data-widget_type=\"text-editor.default\">\n\t\t\t\t<div class=\"elementor-widget-container\">\n\t\t\t\t\t\t\t\t\t<p>F\u00fcr den Hanftopfen alle Zutaten zu einer festen Masse r\u00fchren.<\/p><p>Das Schweinefilet parieren (von der Sehnenhaut befreien) waschen und trocknen. Mit einem Kochl\u00f6ffel die Schweinsfilet der L\u00e4nge nach durchbohren, mit der Topfenmasse f\u00fcllen. Am besten geht das mit einem Spritzsack ohne T\u00fclle. Dazu den Hanftopfen in einen Spritzsack f\u00fcllen und den Spitz mit einer Schere Abschneiden. Nun den Spritzsack zu dem Loch im Schweinefilet f\u00fchren, den Spritzsack fest dr\u00fccken und solange dr\u00fccken bis die Topfenmasse auf der anderen Seite vom Schweinsfilet herauskommt. Mit Oliven\u00f6l und dem Rub einreiben und in einem Sous vide Vakuum Beutel legen.<\/p><p>Mittels einem Vakuumierger\u00e4t die Luft entziehen und schwei\u00dfen. Im Dampfgarer oder Kombidampfgarer bei 60\u00b0C &#8211; 60 Minuten medium garen. Danach die Schweinsfilet aus dem Vacuumsack entnehmen und am Grill fertiggaren. Kerntemperatur 64\u00b0C.<\/p><p>F\u00fcr die Polenta die Milch mit Wasser und Salz vermengen und in eine hohe Auflaufform f\u00fcllen. Die Polenta einr\u00fchren und nach den Schweinefilets im Dampfgarer bei 100\u00b0C 15 Minuten d\u00e4mpfen.<\/p><p>In der Zwischenzeit die halb getrockneten Tomaten klein schneiden und die Thymianbl\u00e4ttchen von den Zweigen zupfen.<\/p><p>Die Polenta entnehmen und mit den halb getrockneten klein geschnittenen Tomaten, den Thymianbl\u00e4ttchen und den Parmesan vermengen. Mit Salz und Pfeffer nachw\u00fcrzen.<\/p><p>Die Polenta am Teller platzieren, die Schweinsfilet schr\u00e4g durchschneiden auf die Polenta setzen.<\/p>\t\t\t\t\t\t\t\t<\/div>\n\t\t\t\t<\/div>\n\t\t\t\t\t<\/div>\n\t\t<\/div>\n\t\t\t\t\t<\/div>\n\t\t<\/section>\n\t\t\t\t<\/div>\n\t\t","protected":false},"excerpt":{"rendered":"<p>Schweinsfilet mit Hanftopfenf\u00fclle auf Tomatenpolenta Sous Vide \u2013 2 Schweinefilets F\u00fcr den Rub: 60 g\u00a0\u00a0\u00a0\u00a0\u00a0\u00a0\u00a0 Paprikapulver edels\u00fc\u00df 50 g\u00a0\u00a0\u00a0\u00a0\u00a0\u00a0\u00a0 Salz 50 g\u00a0\u00a0\u00a0 \u00a0\u00a0\u00a0 brauner Zucker 2EL\u00a0 \u00a0\u00a0\u00a0\u00a0\u00a0\u00a0 Senfpulver 1 TL \u00a0\u00a0\u00a0\u00a0\u00a0\u00a0 Chilipulver 1TL\u00a0\u00a0\u00a0\u00a0\u00a0\u00a0\u00a0\u00a0 Kreuzk\u00fcmmel 1 EL\u00a0\u00a0\u00a0\u00a0\u00a0\u00a0\u00a0 schwarzer Pfeffer 60 g \u00a0\u00a0\u00a0\u00a0\u00a0\u00a0 Knoblauchpulver \u00bd\u00a0 TL \u00a0\u00a0\u00a0 Cayennepfeffer Oder fertiges Grillgew\u00fcrzsalz F\u00fcr den Hanftopfen: 250 g Topfen [&hellip;]<\/p>\n","protected":false},"author":1,"featured_media":0,"parent":0,"menu_order":0,"comment_status":"closed","ping_status":"closed","template":"","meta":{"footnotes":""},"class_list":["post-1721","page","type-page","status-publish","hentry"],"yoast_head":"<!-- This site is optimized with the Yoast SEO plugin v27.4 - https:\/\/yoast.com\/product\/yoast-seo-wordpress\/ -->\n<title>Schweinsfilet mit Hanftopfenf\u00fclle - hanfcooking<\/title>\n<meta name=\"robots\" content=\"index, follow, max-snippet:-1, max-image-preview:large, max-video-preview:-1\" \/>\n<link rel=\"canonical\" href=\"https:\/\/www.hanfcooking.at\/?page_id=1721\" \/>\n<meta property=\"og:locale\" content=\"de_DE\" \/>\n<meta property=\"og:type\" content=\"article\" \/>\n<meta property=\"og:title\" content=\"Schweinsfilet mit Hanftopfenf\u00fclle - hanfcooking\" \/>\n<meta property=\"og:description\" content=\"Schweinsfilet mit Hanftopfenf\u00fclle auf Tomatenpolenta Sous Vide \u2013 2 Schweinefilets F\u00fcr den Rub: 60 g\u00a0\u00a0\u00a0\u00a0\u00a0\u00a0\u00a0 Paprikapulver edels\u00fc\u00df 50 g\u00a0\u00a0\u00a0\u00a0\u00a0\u00a0\u00a0 Salz 50 g\u00a0\u00a0\u00a0 \u00a0\u00a0\u00a0 brauner Zucker 2EL\u00a0 \u00a0\u00a0\u00a0\u00a0\u00a0\u00a0 Senfpulver 1 TL \u00a0\u00a0\u00a0\u00a0\u00a0\u00a0 Chilipulver 1TL\u00a0\u00a0\u00a0\u00a0\u00a0\u00a0\u00a0\u00a0 Kreuzk\u00fcmmel 1 EL\u00a0\u00a0\u00a0\u00a0\u00a0\u00a0\u00a0 schwarzer Pfeffer 60 g \u00a0\u00a0\u00a0\u00a0\u00a0\u00a0 Knoblauchpulver \u00bd\u00a0 TL \u00a0\u00a0\u00a0 Cayennepfeffer Oder fertiges Grillgew\u00fcrzsalz F\u00fcr den Hanftopfen: 250 g Topfen [&hellip;]\" \/>\n<meta property=\"og:url\" content=\"https:\/\/www.hanfcooking.at\/?page_id=1721\" \/>\n<meta property=\"og:site_name\" content=\"hanfcooking\" \/>\n<meta property=\"article:publisher\" content=\"https:\/\/www.facebook.com\/hanfcooking\" \/>\n<meta property=\"article:modified_time\" content=\"2018-04-22T07:50:39+00:00\" \/>\n<meta property=\"og:image\" content=\"http:\/\/www.hanfcooking.at\/wp-content\/uploads\/2018\/04\/IMG_1898_1.jpg\" \/>\n<meta name=\"twitter:card\" content=\"summary_large_image\" \/>\n<meta name=\"twitter:label1\" content=\"Gesch\u00e4tzte Lesezeit\" \/>\n\t<meta name=\"twitter:data1\" content=\"2\u00a0Minuten\" \/>\n<script type=\"application\/ld+json\" class=\"yoast-schema-graph\">{\"@context\":\"https:\\\/\\\/schema.org\",\"@graph\":[{\"@type\":\"WebPage\",\"@id\":\"https:\\\/\\\/www.hanfcooking.at\\\/?page_id=1721\",\"url\":\"https:\\\/\\\/www.hanfcooking.at\\\/?page_id=1721\",\"name\":\"Schweinsfilet mit Hanftopfenf\u00fclle - hanfcooking\",\"isPartOf\":{\"@id\":\"https:\\\/\\\/www.hanfcooking.at\\\/#website\"},\"primaryImageOfPage\":{\"@id\":\"https:\\\/\\\/www.hanfcooking.at\\\/?page_id=1721#primaryimage\"},\"image\":{\"@id\":\"https:\\\/\\\/www.hanfcooking.at\\\/?page_id=1721#primaryimage\"},\"thumbnailUrl\":\"http:\\\/\\\/www.hanfcooking.at\\\/wp-content\\\/uploads\\\/2018\\\/04\\\/IMG_1898_1.jpg\",\"datePublished\":\"2018-04-12T16:15:12+00:00\",\"dateModified\":\"2018-04-22T07:50:39+00:00\",\"breadcrumb\":{\"@id\":\"https:\\\/\\\/www.hanfcooking.at\\\/?page_id=1721#breadcrumb\"},\"inLanguage\":\"de\",\"potentialAction\":[{\"@type\":\"ReadAction\",\"target\":[\"https:\\\/\\\/www.hanfcooking.at\\\/?page_id=1721\"]}]},{\"@type\":\"ImageObject\",\"inLanguage\":\"de\",\"@id\":\"https:\\\/\\\/www.hanfcooking.at\\\/?page_id=1721#primaryimage\",\"url\":\"http:\\\/\\\/www.hanfcooking.at\\\/wp-content\\\/uploads\\\/2018\\\/04\\\/IMG_1898_1.jpg\",\"contentUrl\":\"http:\\\/\\\/www.hanfcooking.at\\\/wp-content\\\/uploads\\\/2018\\\/04\\\/IMG_1898_1.jpg\"},{\"@type\":\"BreadcrumbList\",\"@id\":\"https:\\\/\\\/www.hanfcooking.at\\\/?page_id=1721#breadcrumb\",\"itemListElement\":[{\"@type\":\"ListItem\",\"position\":1,\"name\":\"Startseite\",\"item\":\"https:\\\/\\\/www.hanfcooking.at\\\/\"},{\"@type\":\"ListItem\",\"position\":2,\"name\":\"Schweinsfilet mit Hanftopfenf\u00fclle\"}]},{\"@type\":\"WebSite\",\"@id\":\"https:\\\/\\\/www.hanfcooking.at\\\/#website\",\"url\":\"https:\\\/\\\/www.hanfcooking.at\\\/\",\"name\":\"www.hanfcooking.at\",\"description\":\"kochen mit Hanf\",\"publisher\":{\"@id\":\"https:\\\/\\\/www.hanfcooking.at\\\/#\\\/schema\\\/person\\\/da89f7747a1d1384549251d16488c1fc\"},\"alternateName\":\"Hanfkueche\",\"potentialAction\":[{\"@type\":\"SearchAction\",\"target\":{\"@type\":\"EntryPoint\",\"urlTemplate\":\"https:\\\/\\\/www.hanfcooking.at\\\/?s={search_term_string}\"},\"query-input\":{\"@type\":\"PropertyValueSpecification\",\"valueRequired\":true,\"valueName\":\"search_term_string\"}}],\"inLanguage\":\"de\"},{\"@type\":[\"Person\",\"Organization\"],\"@id\":\"https:\\\/\\\/www.hanfcooking.at\\\/#\\\/schema\\\/person\\\/da89f7747a1d1384549251d16488c1fc\",\"name\":\"Friedrich Pinteritsch\",\"image\":{\"@type\":\"ImageObject\",\"inLanguage\":\"de\",\"@id\":\"https:\\\/\\\/www.hanfcooking.at\\\/wp-content\\\/uploads\\\/2022\\\/10\\\/HP-logo-e1665761885673.jpg\",\"url\":\"https:\\\/\\\/www.hanfcooking.at\\\/wp-content\\\/uploads\\\/2022\\\/10\\\/HP-logo-e1665761885673.jpg\",\"contentUrl\":\"https:\\\/\\\/www.hanfcooking.at\\\/wp-content\\\/uploads\\\/2022\\\/10\\\/HP-logo-e1665761885673.jpg\",\"width\":300,\"height\":240,\"caption\":\"Friedrich Pinteritsch\"},\"logo\":{\"@id\":\"https:\\\/\\\/www.hanfcooking.at\\\/wp-content\\\/uploads\\\/2022\\\/10\\\/HP-logo-e1665761885673.jpg\"},\"sameAs\":[\"http:\\\/\\\/hanfcooking.at\",\"https:\\\/\\\/www.facebook.com\\\/hanfcooking\"]}]}<\/script>\n<!-- \/ Yoast SEO plugin. -->","yoast_head_json":{"title":"Schweinsfilet mit Hanftopfenf\u00fclle - hanfcooking","robots":{"index":"index","follow":"follow","max-snippet":"max-snippet:-1","max-image-preview":"max-image-preview:large","max-video-preview":"max-video-preview:-1"},"canonical":"https:\/\/www.hanfcooking.at\/?page_id=1721","og_locale":"de_DE","og_type":"article","og_title":"Schweinsfilet mit Hanftopfenf\u00fclle - hanfcooking","og_description":"Schweinsfilet mit Hanftopfenf\u00fclle auf Tomatenpolenta Sous Vide \u2013 2 Schweinefilets F\u00fcr den Rub: 60 g\u00a0\u00a0\u00a0\u00a0\u00a0\u00a0\u00a0 Paprikapulver edels\u00fc\u00df 50 g\u00a0\u00a0\u00a0\u00a0\u00a0\u00a0\u00a0 Salz 50 g\u00a0\u00a0\u00a0 \u00a0\u00a0\u00a0 brauner Zucker 2EL\u00a0 \u00a0\u00a0\u00a0\u00a0\u00a0\u00a0 Senfpulver 1 TL \u00a0\u00a0\u00a0\u00a0\u00a0\u00a0 Chilipulver 1TL\u00a0\u00a0\u00a0\u00a0\u00a0\u00a0\u00a0\u00a0 Kreuzk\u00fcmmel 1 EL\u00a0\u00a0\u00a0\u00a0\u00a0\u00a0\u00a0 schwarzer Pfeffer 60 g \u00a0\u00a0\u00a0\u00a0\u00a0\u00a0 Knoblauchpulver \u00bd\u00a0 TL \u00a0\u00a0\u00a0 Cayennepfeffer Oder fertiges Grillgew\u00fcrzsalz F\u00fcr den Hanftopfen: 250 g Topfen [&hellip;]","og_url":"https:\/\/www.hanfcooking.at\/?page_id=1721","og_site_name":"hanfcooking","article_publisher":"https:\/\/www.facebook.com\/hanfcooking","article_modified_time":"2018-04-22T07:50:39+00:00","og_image":[{"url":"http:\/\/www.hanfcooking.at\/wp-content\/uploads\/2018\/04\/IMG_1898_1.jpg","type":"","width":"","height":""}],"twitter_card":"summary_large_image","twitter_misc":{"Gesch\u00e4tzte Lesezeit":"2\u00a0Minuten"},"schema":{"@context":"https:\/\/schema.org","@graph":[{"@type":"WebPage","@id":"https:\/\/www.hanfcooking.at\/?page_id=1721","url":"https:\/\/www.hanfcooking.at\/?page_id=1721","name":"Schweinsfilet mit Hanftopfenf\u00fclle - hanfcooking","isPartOf":{"@id":"https:\/\/www.hanfcooking.at\/#website"},"primaryImageOfPage":{"@id":"https:\/\/www.hanfcooking.at\/?page_id=1721#primaryimage"},"image":{"@id":"https:\/\/www.hanfcooking.at\/?page_id=1721#primaryimage"},"thumbnailUrl":"http:\/\/www.hanfcooking.at\/wp-content\/uploads\/2018\/04\/IMG_1898_1.jpg","datePublished":"2018-04-12T16:15:12+00:00","dateModified":"2018-04-22T07:50:39+00:00","breadcrumb":{"@id":"https:\/\/www.hanfcooking.at\/?page_id=1721#breadcrumb"},"inLanguage":"de","potentialAction":[{"@type":"ReadAction","target":["https:\/\/www.hanfcooking.at\/?page_id=1721"]}]},{"@type":"ImageObject","inLanguage":"de","@id":"https:\/\/www.hanfcooking.at\/?page_id=1721#primaryimage","url":"http:\/\/www.hanfcooking.at\/wp-content\/uploads\/2018\/04\/IMG_1898_1.jpg","contentUrl":"http:\/\/www.hanfcooking.at\/wp-content\/uploads\/2018\/04\/IMG_1898_1.jpg"},{"@type":"BreadcrumbList","@id":"https:\/\/www.hanfcooking.at\/?page_id=1721#breadcrumb","itemListElement":[{"@type":"ListItem","position":1,"name":"Startseite","item":"https:\/\/www.hanfcooking.at\/"},{"@type":"ListItem","position":2,"name":"Schweinsfilet mit Hanftopfenf\u00fclle"}]},{"@type":"WebSite","@id":"https:\/\/www.hanfcooking.at\/#website","url":"https:\/\/www.hanfcooking.at\/","name":"www.hanfcooking.at","description":"kochen mit Hanf","publisher":{"@id":"https:\/\/www.hanfcooking.at\/#\/schema\/person\/da89f7747a1d1384549251d16488c1fc"},"alternateName":"Hanfkueche","potentialAction":[{"@type":"SearchAction","target":{"@type":"EntryPoint","urlTemplate":"https:\/\/www.hanfcooking.at\/?s={search_term_string}"},"query-input":{"@type":"PropertyValueSpecification","valueRequired":true,"valueName":"search_term_string"}}],"inLanguage":"de"},{"@type":["Person","Organization"],"@id":"https:\/\/www.hanfcooking.at\/#\/schema\/person\/da89f7747a1d1384549251d16488c1fc","name":"Friedrich Pinteritsch","image":{"@type":"ImageObject","inLanguage":"de","@id":"https:\/\/www.hanfcooking.at\/wp-content\/uploads\/2022\/10\/HP-logo-e1665761885673.jpg","url":"https:\/\/www.hanfcooking.at\/wp-content\/uploads\/2022\/10\/HP-logo-e1665761885673.jpg","contentUrl":"https:\/\/www.hanfcooking.at\/wp-content\/uploads\/2022\/10\/HP-logo-e1665761885673.jpg","width":300,"height":240,"caption":"Friedrich Pinteritsch"},"logo":{"@id":"https:\/\/www.hanfcooking.at\/wp-content\/uploads\/2022\/10\/HP-logo-e1665761885673.jpg"},"sameAs":["http:\/\/hanfcooking.at","https:\/\/www.facebook.com\/hanfcooking"]}]}},"_links":{"self":[{"href":"https:\/\/www.hanfcooking.at\/index.php?rest_route=\/wp\/v2\/pages\/1721","targetHints":{"allow":["GET"]}}],"collection":[{"href":"https:\/\/www.hanfcooking.at\/index.php?rest_route=\/wp\/v2\/pages"}],"about":[{"href":"https:\/\/www.hanfcooking.at\/index.php?rest_route=\/wp\/v2\/types\/page"}],"author":[{"embeddable":true,"href":"https:\/\/www.hanfcooking.at\/index.php?rest_route=\/wp\/v2\/users\/1"}],"replies":[{"embeddable":true,"href":"https:\/\/www.hanfcooking.at\/index.php?rest_route=%2Fwp%2Fv2%2Fcomments&post=1721"}],"version-history":[{"count":7,"href":"https:\/\/www.hanfcooking.at\/index.php?rest_route=\/wp\/v2\/pages\/1721\/revisions"}],"predecessor-version":[{"id":1744,"href":"https:\/\/www.hanfcooking.at\/index.php?rest_route=\/wp\/v2\/pages\/1721\/revisions\/1744"}],"wp:attachment":[{"href":"https:\/\/www.hanfcooking.at\/index.php?rest_route=%2Fwp%2Fv2%2Fmedia&parent=1721"}],"curies":[{"name":"wp","href":"https:\/\/api.w.org\/{rel}","templated":true}]}}