{"id":1605,"date":"2017-11-26T12:02:51","date_gmt":"2017-11-26T11:02:51","guid":{"rendered":"http:\/\/www.hanfcooking.at\/?page_id=1605"},"modified":"2026-03-23T18:54:07","modified_gmt":"2026-03-23T17:54:07","slug":"gefuelltes-putenroellchen","status":"publish","type":"page","link":"https:\/\/www.hanfcooking.at\/?page_id=1605","title":{"rendered":"Gef\u00fclltes Putenr\u00f6llchen"},"content":{"rendered":"\t\t<div data-elementor-type=\"wp-post\" data-elementor-id=\"1605\" class=\"elementor elementor-1605\">\n\t\t\t\t\t\t<section class=\"elementor-section elementor-top-section elementor-element elementor-element-520a7b7 elementor-section-boxed elementor-section-height-default elementor-section-height-default\" data-id=\"520a7b7\" data-element_type=\"section\" data-e-type=\"section\">\n\t\t\t\t\t\t<div class=\"elementor-container elementor-column-gap-default\">\n\t\t\t\t\t<div class=\"elementor-column elementor-col-100 elementor-top-column elementor-element elementor-element-bd05379\" data-id=\"bd05379\" data-element_type=\"column\" data-e-type=\"column\">\n\t\t\t<div class=\"elementor-widget-wrap elementor-element-populated\">\n\t\t\t\t\t\t<div class=\"elementor-element elementor-element-fbae30d elementor-widget elementor-widget-text-editor\" data-id=\"fbae30d\" data-element_type=\"widget\" data-e-type=\"widget\" data-widget_type=\"text-editor.default\">\n\t\t\t\t<div class=\"elementor-widget-container\">\n\t\t\t\t\t\t\t\t\t<h1>Gef\u00fclltes Putenr\u00f6llchen<\/h1>\t\t\t\t\t\t\t\t<\/div>\n\t\t\t\t<\/div>\n\t\t\t\t\t<\/div>\n\t\t<\/div>\n\t\t\t\t\t<\/div>\n\t\t<\/section>\n\t\t\t\t<section class=\"elementor-section elementor-top-section elementor-element elementor-element-b404bd5 elementor-section-boxed elementor-section-height-default elementor-section-height-default\" data-id=\"b404bd5\" data-element_type=\"section\" data-e-type=\"section\">\n\t\t\t\t\t\t<div class=\"elementor-container elementor-column-gap-default\">\n\t\t\t\t\t<div class=\"elementor-column elementor-col-33 elementor-top-column elementor-element elementor-element-a13a7df\" data-id=\"a13a7df\" data-element_type=\"column\" data-e-type=\"column\">\n\t\t\t<div class=\"elementor-widget-wrap elementor-element-populated\">\n\t\t\t\t\t\t<div class=\"elementor-element elementor-element-4021385 elementor-widget elementor-widget-image\" data-id=\"4021385\" data-element_type=\"widget\" data-e-type=\"widget\" data-widget_type=\"image.default\">\n\t\t\t\t<div class=\"elementor-widget-container\">\n\t\t\t\t\t\t\t\t\t\t\t\t\t\t\t\t<a href=\"http:\/\/www.hanfcooking.at\/wp-content\/uploads\/2017\/11\/Gef\u00fclltes-Putenr\u00f6llchen.jpg\" data-elementor-open-lightbox=\"yes\" data-elementor-lightbox-title=\"Gef\u00fclltes Putenr\u00f6llchen\" data-e-action-hash=\"#elementor-action%3Aaction%3Dlightbox%26settings%3DeyJpZCI6MTYwNywidXJsIjoiaHR0cHM6XC9cL3d3dy5oYW5mY29va2luZy5hdFwvd3AtY29udGVudFwvdXBsb2Fkc1wvMjAxN1wvMTFcL0dlZlx1MDBmY2xsdGVzLVB1dGVuclx1MDBmNmxsY2hlbi5qcGcifQ%3D%3D\">\n\t\t\t\t\t\t\t<img fetchpriority=\"high\" decoding=\"async\" width=\"600\" height=\"398\" src=\"https:\/\/www.hanfcooking.at\/wp-content\/uploads\/2017\/11\/Gef\u00fclltes-Putenr\u00f6llchen.jpg\" class=\"attachment-large size-large wp-image-1607\" alt=\"\" srcset=\"https:\/\/www.hanfcooking.at\/wp-content\/uploads\/2017\/11\/Gef\u00fclltes-Putenr\u00f6llchen.jpg 600w, https:\/\/www.hanfcooking.at\/wp-content\/uploads\/2017\/11\/Gef\u00fclltes-Putenr\u00f6llchen-300x199.jpg 300w, https:\/\/www.hanfcooking.at\/wp-content\/uploads\/2017\/11\/Gef\u00fclltes-Putenr\u00f6llchen-230x153.jpg 230w, https:\/\/www.hanfcooking.at\/wp-content\/uploads\/2017\/11\/Gef\u00fclltes-Putenr\u00f6llchen-350x232.jpg 350w, https:\/\/www.hanfcooking.at\/wp-content\/uploads\/2017\/11\/Gef\u00fclltes-Putenr\u00f6llchen-480x318.jpg 480w\" sizes=\"(max-width: 600px) 100vw, 600px\" \/>\t\t\t\t\t\t\t\t<\/a>\n\t\t\t\t\t\t\t\t\t\t\t\t\t\t\t<\/div>\n\t\t\t\t<\/div>\n\t\t\t\t\t<\/div>\n\t\t<\/div>\n\t\t\t\t<div class=\"elementor-column elementor-col-33 elementor-top-column elementor-element elementor-element-0a4e73b\" data-id=\"0a4e73b\" data-element_type=\"column\" data-e-type=\"column\">\n\t\t\t<div class=\"elementor-widget-wrap elementor-element-populated\">\n\t\t\t\t\t\t<div class=\"elementor-element elementor-element-c7991b8 elementor-widget elementor-widget-text-editor\" data-id=\"c7991b8\" data-element_type=\"widget\" data-e-type=\"widget\" data-widget_type=\"text-editor.default\">\n\t\t\t\t<div class=\"elementor-widget-container\">\n\t\t\t\t\t\t\t\t\t<p><strong>Zutaten:<\/strong><\/p><p>4 Putenschnitzel<br \/>4 Karottenstifte<br \/>4 Stifte von der gelben R\u00fcbe<br \/>80 g gekochter Landschinken<br \/>280 g Gem\u00fcse der Saison<br \/>50 g Zwiebeln<br \/>100 g Paprika, rot<br \/><br \/><\/p>\t\t\t\t\t\t\t\t<\/div>\n\t\t\t\t<\/div>\n\t\t\t\t\t<\/div>\n\t\t<\/div>\n\t\t\t\t<div class=\"elementor-column elementor-col-33 elementor-top-column elementor-element elementor-element-63828c1\" data-id=\"63828c1\" data-element_type=\"column\" data-e-type=\"column\">\n\t\t\t<div class=\"elementor-widget-wrap elementor-element-populated\">\n\t\t\t\t\t\t<div class=\"elementor-element elementor-element-caf025e elementor-widget elementor-widget-text-editor\" data-id=\"caf025e\" data-element_type=\"widget\" data-e-type=\"widget\" data-widget_type=\"text-editor.default\">\n\t\t\t\t<div class=\"elementor-widget-container\">\n\t\t\t\t\t\t\t\t\t<p>300 g Polenta<br \/>100 g Hanfmehl<br \/>600 ml Milch<br \/>100 g Butter<br \/>2 EL Sauerrahm<br \/>400 ml <a href=\"http:\/\/www.hanfcooking.at\/?page_id=829\">Basissauce<\/a><br \/>100 g Butter<br \/>Salz,<br \/>Pfeffer<\/p>\t\t\t\t\t\t\t\t<\/div>\n\t\t\t\t<\/div>\n\t\t\t\t\t<\/div>\n\t\t<\/div>\n\t\t\t\t\t<\/div>\n\t\t<\/section>\n\t\t\t\t<section class=\"elementor-section elementor-top-section elementor-element elementor-element-d7c09b8 elementor-section-boxed elementor-section-height-default elementor-section-height-default\" data-id=\"d7c09b8\" data-element_type=\"section\" data-e-type=\"section\">\n\t\t\t\t\t\t<div class=\"elementor-container elementor-column-gap-default\">\n\t\t\t\t\t<div class=\"elementor-column elementor-col-100 elementor-top-column elementor-element elementor-element-40353d8\" data-id=\"40353d8\" data-element_type=\"column\" data-e-type=\"column\">\n\t\t\t<div class=\"elementor-widget-wrap elementor-element-populated\">\n\t\t\t\t\t\t<div class=\"elementor-element elementor-element-d2a7646 elementor-widget elementor-widget-text-editor\" data-id=\"d2a7646\" data-element_type=\"widget\" data-e-type=\"widget\" data-widget_type=\"text-editor.default\">\n\t\t\t\t<div class=\"elementor-widget-container\">\n\t\t\t\t\t\t\t\t\t<p><strong>Zubereitung: <\/strong><\/p><p>Die Putenschnitzel plattieren, salzen und pfeffern, die Karotten- und gelbe R\u00fcbenstifte sowie Streifen des gekochten Landschinkens draufgeben und zu einer Rolle formen.<\/p><p>Die Schnitzelrollen auf ein ungelochtes Garblech setzen und im Dampfgarer bei 100\u00b0 C 18 Minuten d\u00e4mpfen.<\/p><p>Die Milch, die Butter mit Salz in ein ungelochtes Garblech geben die Polenta mit dem Hanfmehl mischen und in die Milch einr\u00fchren. Im Dampfgarer bei 100\u00b0 C 15 Minuten d\u00e4mpfen. In die hei\u00dfe Polenta den Sauerrahm einr\u00fchren.<\/p><p>Das Gem\u00fcse putzen, waschen im Dampfgarer bei 100\u00b0 C 8 Minuten d\u00e4mpfen, es sollte innen noch kernig sein.<\/p><p>Die Paprika in kleine W\u00fcrfel schneiden, in Butter anschwitzen, mit der Basissauce aufgie\u00dfen und im Mixglas fein p\u00fcrieren, abschmecken.<\/p><p>Das Gem\u00fcse in Butter schwenken, salzen und auf dem Teller seitlich platzieren. Die Paprikasauce in die Mitte geben und das zweimal schr\u00e4g durchgeschnittene Putenr\u00f6llchen drauflegen. Mit einem Eisportionierer Nockerln von der Hanfpolenta ausstechen und dazugeben.<\/p>\t\t\t\t\t\t\t\t<\/div>\n\t\t\t\t<\/div>\n\t\t\t\t\t<\/div>\n\t\t<\/div>\n\t\t\t\t\t<\/div>\n\t\t<\/section>\n\t\t\t\t<section class=\"elementor-section elementor-top-section elementor-element elementor-element-9c54135 elementor-section-boxed elementor-section-height-default elementor-section-height-default\" data-id=\"9c54135\" data-element_type=\"section\" data-e-type=\"section\">\n\t\t\t\t\t\t<div class=\"elementor-container elementor-column-gap-default\">\n\t\t\t\t\t<div class=\"elementor-column elementor-col-100 elementor-top-column elementor-element elementor-element-8178c5c\" data-id=\"8178c5c\" data-element_type=\"column\" data-e-type=\"column\">\n\t\t\t<div class=\"elementor-widget-wrap elementor-element-populated\">\n\t\t\t\t\t\t<div class=\"elementor-element elementor-element-b922bf0 elementor-widget elementor-widget-text-editor\" data-id=\"b922bf0\" data-element_type=\"widget\" data-e-type=\"widget\" data-widget_type=\"text-editor.default\">\n\t\t\t\t<div class=\"elementor-widget-container\">\n\t\t\t\t\t\t\t\t\t<p><a href=\"https:\/\/www.hanfcooking.at\/?page_id=1508\">\u21d0 zur\u00fcck Hanfrezepte<\/a><\/p>\t\t\t\t\t\t\t\t<\/div>\n\t\t\t\t<\/div>\n\t\t\t\t\t<\/div>\n\t\t<\/div>\n\t\t\t\t\t<\/div>\n\t\t<\/section>\n\t\t\t\t<\/div>\n\t\t","protected":false},"excerpt":{"rendered":"<p>Gef\u00fclltes Putenr\u00f6llchen Zutaten: 4 Putenschnitzel4 Karottenstifte4 Stifte von der gelben R\u00fcbe80 g gekochter Landschinken280 g Gem\u00fcse der Saison50 g Zwiebeln100 g Paprika, rot 300 g Polenta100 g Hanfmehl600 ml Milch100 g Butter2 EL Sauerrahm400 ml Basissauce100 g ButterSalz,Pfeffer Zubereitung: Die Putenschnitzel plattieren, salzen und pfeffern, die Karotten- und gelbe R\u00fcbenstifte sowie Streifen des gekochten Landschinkens [&hellip;]<\/p>\n","protected":false},"author":1,"featured_media":0,"parent":0,"menu_order":0,"comment_status":"closed","ping_status":"closed","template":"","meta":{"footnotes":""},"class_list":["post-1605","page","type-page","status-publish","hentry"],"yoast_head":"<!-- This site is optimized with the Yoast SEO plugin v27.4 - https:\/\/yoast.com\/product\/yoast-seo-wordpress\/ -->\n<title>Gef\u00fclltes Putenr\u00f6llchen - hanfcooking<\/title>\n<meta name=\"robots\" content=\"index, follow, max-snippet:-1, max-image-preview:large, max-video-preview:-1\" \/>\n<link rel=\"canonical\" href=\"https:\/\/www.hanfcooking.at\/?page_id=1605\" \/>\n<meta property=\"og:locale\" content=\"de_DE\" \/>\n<meta property=\"og:type\" content=\"article\" \/>\n<meta property=\"og:title\" content=\"Gef\u00fclltes Putenr\u00f6llchen - hanfcooking\" \/>\n<meta property=\"og:description\" content=\"Gef\u00fclltes Putenr\u00f6llchen Zutaten: 4 Putenschnitzel4 Karottenstifte4 Stifte von der gelben R\u00fcbe80 g gekochter Landschinken280 g Gem\u00fcse der Saison50 g Zwiebeln100 g Paprika, rot 300 g Polenta100 g Hanfmehl600 ml Milch100 g Butter2 EL Sauerrahm400 ml Basissauce100 g ButterSalz,Pfeffer Zubereitung: Die Putenschnitzel plattieren, salzen und pfeffern, die Karotten- und gelbe R\u00fcbenstifte sowie Streifen des gekochten Landschinkens [&hellip;]\" \/>\n<meta property=\"og:url\" content=\"https:\/\/www.hanfcooking.at\/?page_id=1605\" \/>\n<meta property=\"og:site_name\" content=\"hanfcooking\" \/>\n<meta property=\"article:publisher\" content=\"https:\/\/www.facebook.com\/hanfcooking\" \/>\n<meta property=\"article:modified_time\" content=\"2026-03-23T17:54:07+00:00\" \/>\n<meta name=\"twitter:card\" content=\"summary_large_image\" \/>\n<meta name=\"twitter:label1\" content=\"Gesch\u00e4tzte Lesezeit\" \/>\n\t<meta name=\"twitter:data1\" content=\"2\u00a0Minuten\" \/>\n<script type=\"application\/ld+json\" class=\"yoast-schema-graph\">{\"@context\":\"https:\\\/\\\/schema.org\",\"@graph\":[{\"@type\":\"WebPage\",\"@id\":\"https:\\\/\\\/www.hanfcooking.at\\\/?page_id=1605\",\"url\":\"https:\\\/\\\/www.hanfcooking.at\\\/?page_id=1605\",\"name\":\"Gef\u00fclltes Putenr\u00f6llchen - hanfcooking\",\"isPartOf\":{\"@id\":\"https:\\\/\\\/www.hanfcooking.at\\\/#website\"},\"datePublished\":\"2017-11-26T11:02:51+00:00\",\"dateModified\":\"2026-03-23T17:54:07+00:00\",\"breadcrumb\":{\"@id\":\"https:\\\/\\\/www.hanfcooking.at\\\/?page_id=1605#breadcrumb\"},\"inLanguage\":\"de\",\"potentialAction\":[{\"@type\":\"ReadAction\",\"target\":[\"https:\\\/\\\/www.hanfcooking.at\\\/?page_id=1605\"]}]},{\"@type\":\"BreadcrumbList\",\"@id\":\"https:\\\/\\\/www.hanfcooking.at\\\/?page_id=1605#breadcrumb\",\"itemListElement\":[{\"@type\":\"ListItem\",\"position\":1,\"name\":\"Startseite\",\"item\":\"https:\\\/\\\/www.hanfcooking.at\\\/\"},{\"@type\":\"ListItem\",\"position\":2,\"name\":\"Gef\u00fclltes Putenr\u00f6llchen\"}]},{\"@type\":\"WebSite\",\"@id\":\"https:\\\/\\\/www.hanfcooking.at\\\/#website\",\"url\":\"https:\\\/\\\/www.hanfcooking.at\\\/\",\"name\":\"www.hanfcooking.at\",\"description\":\"kochen mit Hanf\",\"publisher\":{\"@id\":\"https:\\\/\\\/www.hanfcooking.at\\\/#\\\/schema\\\/person\\\/da89f7747a1d1384549251d16488c1fc\"},\"alternateName\":\"Hanfkueche\",\"potentialAction\":[{\"@type\":\"SearchAction\",\"target\":{\"@type\":\"EntryPoint\",\"urlTemplate\":\"https:\\\/\\\/www.hanfcooking.at\\\/?s={search_term_string}\"},\"query-input\":{\"@type\":\"PropertyValueSpecification\",\"valueRequired\":true,\"valueName\":\"search_term_string\"}}],\"inLanguage\":\"de\"},{\"@type\":[\"Person\",\"Organization\"],\"@id\":\"https:\\\/\\\/www.hanfcooking.at\\\/#\\\/schema\\\/person\\\/da89f7747a1d1384549251d16488c1fc\",\"name\":\"Friedrich Pinteritsch\",\"image\":{\"@type\":\"ImageObject\",\"inLanguage\":\"de\",\"@id\":\"https:\\\/\\\/www.hanfcooking.at\\\/wp-content\\\/uploads\\\/2022\\\/10\\\/HP-logo-e1665761885673.jpg\",\"url\":\"https:\\\/\\\/www.hanfcooking.at\\\/wp-content\\\/uploads\\\/2022\\\/10\\\/HP-logo-e1665761885673.jpg\",\"contentUrl\":\"https:\\\/\\\/www.hanfcooking.at\\\/wp-content\\\/uploads\\\/2022\\\/10\\\/HP-logo-e1665761885673.jpg\",\"width\":300,\"height\":240,\"caption\":\"Friedrich Pinteritsch\"},\"logo\":{\"@id\":\"https:\\\/\\\/www.hanfcooking.at\\\/wp-content\\\/uploads\\\/2022\\\/10\\\/HP-logo-e1665761885673.jpg\"},\"sameAs\":[\"http:\\\/\\\/hanfcooking.at\",\"https:\\\/\\\/www.facebook.com\\\/hanfcooking\"]}]}<\/script>\n<!-- \/ Yoast SEO plugin. -->","yoast_head_json":{"title":"Gef\u00fclltes Putenr\u00f6llchen - hanfcooking","robots":{"index":"index","follow":"follow","max-snippet":"max-snippet:-1","max-image-preview":"max-image-preview:large","max-video-preview":"max-video-preview:-1"},"canonical":"https:\/\/www.hanfcooking.at\/?page_id=1605","og_locale":"de_DE","og_type":"article","og_title":"Gef\u00fclltes Putenr\u00f6llchen - hanfcooking","og_description":"Gef\u00fclltes Putenr\u00f6llchen Zutaten: 4 Putenschnitzel4 Karottenstifte4 Stifte von der gelben R\u00fcbe80 g gekochter Landschinken280 g Gem\u00fcse der Saison50 g Zwiebeln100 g Paprika, rot 300 g Polenta100 g Hanfmehl600 ml Milch100 g Butter2 EL Sauerrahm400 ml Basissauce100 g ButterSalz,Pfeffer Zubereitung: Die Putenschnitzel plattieren, salzen und pfeffern, die Karotten- und gelbe R\u00fcbenstifte sowie Streifen des gekochten Landschinkens [&hellip;]","og_url":"https:\/\/www.hanfcooking.at\/?page_id=1605","og_site_name":"hanfcooking","article_publisher":"https:\/\/www.facebook.com\/hanfcooking","article_modified_time":"2026-03-23T17:54:07+00:00","twitter_card":"summary_large_image","twitter_misc":{"Gesch\u00e4tzte Lesezeit":"2\u00a0Minuten"},"schema":{"@context":"https:\/\/schema.org","@graph":[{"@type":"WebPage","@id":"https:\/\/www.hanfcooking.at\/?page_id=1605","url":"https:\/\/www.hanfcooking.at\/?page_id=1605","name":"Gef\u00fclltes Putenr\u00f6llchen - hanfcooking","isPartOf":{"@id":"https:\/\/www.hanfcooking.at\/#website"},"datePublished":"2017-11-26T11:02:51+00:00","dateModified":"2026-03-23T17:54:07+00:00","breadcrumb":{"@id":"https:\/\/www.hanfcooking.at\/?page_id=1605#breadcrumb"},"inLanguage":"de","potentialAction":[{"@type":"ReadAction","target":["https:\/\/www.hanfcooking.at\/?page_id=1605"]}]},{"@type":"BreadcrumbList","@id":"https:\/\/www.hanfcooking.at\/?page_id=1605#breadcrumb","itemListElement":[{"@type":"ListItem","position":1,"name":"Startseite","item":"https:\/\/www.hanfcooking.at\/"},{"@type":"ListItem","position":2,"name":"Gef\u00fclltes Putenr\u00f6llchen"}]},{"@type":"WebSite","@id":"https:\/\/www.hanfcooking.at\/#website","url":"https:\/\/www.hanfcooking.at\/","name":"www.hanfcooking.at","description":"kochen mit Hanf","publisher":{"@id":"https:\/\/www.hanfcooking.at\/#\/schema\/person\/da89f7747a1d1384549251d16488c1fc"},"alternateName":"Hanfkueche","potentialAction":[{"@type":"SearchAction","target":{"@type":"EntryPoint","urlTemplate":"https:\/\/www.hanfcooking.at\/?s={search_term_string}"},"query-input":{"@type":"PropertyValueSpecification","valueRequired":true,"valueName":"search_term_string"}}],"inLanguage":"de"},{"@type":["Person","Organization"],"@id":"https:\/\/www.hanfcooking.at\/#\/schema\/person\/da89f7747a1d1384549251d16488c1fc","name":"Friedrich Pinteritsch","image":{"@type":"ImageObject","inLanguage":"de","@id":"https:\/\/www.hanfcooking.at\/wp-content\/uploads\/2022\/10\/HP-logo-e1665761885673.jpg","url":"https:\/\/www.hanfcooking.at\/wp-content\/uploads\/2022\/10\/HP-logo-e1665761885673.jpg","contentUrl":"https:\/\/www.hanfcooking.at\/wp-content\/uploads\/2022\/10\/HP-logo-e1665761885673.jpg","width":300,"height":240,"caption":"Friedrich Pinteritsch"},"logo":{"@id":"https:\/\/www.hanfcooking.at\/wp-content\/uploads\/2022\/10\/HP-logo-e1665761885673.jpg"},"sameAs":["http:\/\/hanfcooking.at","https:\/\/www.facebook.com\/hanfcooking"]}]}},"_links":{"self":[{"href":"https:\/\/www.hanfcooking.at\/index.php?rest_route=\/wp\/v2\/pages\/1605","targetHints":{"allow":["GET"]}}],"collection":[{"href":"https:\/\/www.hanfcooking.at\/index.php?rest_route=\/wp\/v2\/pages"}],"about":[{"href":"https:\/\/www.hanfcooking.at\/index.php?rest_route=\/wp\/v2\/types\/page"}],"author":[{"embeddable":true,"href":"https:\/\/www.hanfcooking.at\/index.php?rest_route=\/wp\/v2\/users\/1"}],"replies":[{"embeddable":true,"href":"https:\/\/www.hanfcooking.at\/index.php?rest_route=%2Fwp%2Fv2%2Fcomments&post=1605"}],"version-history":[{"count":10,"href":"https:\/\/www.hanfcooking.at\/index.php?rest_route=\/wp\/v2\/pages\/1605\/revisions"}],"predecessor-version":[{"id":5039,"href":"https:\/\/www.hanfcooking.at\/index.php?rest_route=\/wp\/v2\/pages\/1605\/revisions\/5039"}],"wp:attachment":[{"href":"https:\/\/www.hanfcooking.at\/index.php?rest_route=%2Fwp%2Fv2%2Fmedia&parent=1605"}],"curies":[{"name":"wp","href":"https:\/\/api.w.org\/{rel}","templated":true}]}}