{"id":1442,"date":"2017-09-20T10:07:36","date_gmt":"2017-09-20T08:07:36","guid":{"rendered":"http:\/\/www.hanfcooking.at\/?page_id=1442"},"modified":"2026-03-24T09:56:29","modified_gmt":"2026-03-24T08:56:29","slug":"hanf-dinkelbuchteln","status":"publish","type":"page","link":"https:\/\/www.hanfcooking.at\/?page_id=1442","title":{"rendered":"Hanf-Dinkelbuchteln"},"content":{"rendered":"\t\t<div data-elementor-type=\"wp-post\" data-elementor-id=\"1442\" class=\"elementor elementor-1442\">\n\t\t\t\t\t\t<section class=\"elementor-section elementor-top-section elementor-element elementor-element-0def63b elementor-section-boxed elementor-section-height-default elementor-section-height-default\" data-id=\"0def63b\" data-element_type=\"section\" data-e-type=\"section\">\n\t\t\t\t\t\t<div class=\"elementor-container elementor-column-gap-default\">\n\t\t\t\t\t<div class=\"elementor-column elementor-col-100 elementor-top-column elementor-element elementor-element-7c47094\" data-id=\"7c47094\" data-element_type=\"column\" data-e-type=\"column\">\n\t\t\t<div class=\"elementor-widget-wrap elementor-element-populated\">\n\t\t\t\t\t\t<div class=\"elementor-element elementor-element-d7f8d41 elementor-widget elementor-widget-text-editor\" data-id=\"d7f8d41\" data-element_type=\"widget\" data-e-type=\"widget\" data-widget_type=\"text-editor.default\">\n\t\t\t\t<div class=\"elementor-widget-container\">\n\t\t\t\t\t\t\t\t\t<h1>Hanf-Dinkelbuchteln<\/h1>\t\t\t\t\t\t\t\t<\/div>\n\t\t\t\t<\/div>\n\t\t\t\t\t<\/div>\n\t\t<\/div>\n\t\t\t\t\t<\/div>\n\t\t<\/section>\n\t\t\t\t<section class=\"elementor-section elementor-top-section elementor-element elementor-element-0akn9b8 elementor-section-boxed elementor-section-height-default elementor-section-height-default\" data-id=\"0akn9b8\" data-element_type=\"section\" data-e-type=\"section\">\n\t\t\t\t\t\t<div class=\"elementor-container elementor-column-gap-default\">\n\t\t\t\t\t<div class=\"elementor-column elementor-col-33 elementor-top-column elementor-element elementor-element-8u3njc8\" data-id=\"8u3njc8\" data-element_type=\"column\" data-e-type=\"column\">\n\t\t\t<div class=\"elementor-widget-wrap elementor-element-populated\">\n\t\t\t\t\t\t<div class=\"elementor-element elementor-element-660ljgn elementor-widget elementor-widget-image\" data-id=\"660ljgn\" data-element_type=\"widget\" data-e-type=\"widget\" data-widget_type=\"image.default\">\n\t\t\t\t<div class=\"elementor-widget-container\">\n\t\t\t\t\t\t\t\t\t\t\t\t\t\t\t\t<a href=\"http:\/\/www.hanfcooking.at\/wp-content\/uploads\/2017\/09\/Buchtel.jpg\" data-elementor-open-lightbox=\"yes\" data-elementor-lightbox-title=\"Buchtel\" data-e-action-hash=\"#elementor-action%3Aaction%3Dlightbox%26settings%3DeyJpZCI6MTQ0MSwidXJsIjoiaHR0cHM6XC9cL3d3dy5oYW5mY29va2luZy5hdFwvd3AtY29udGVudFwvdXBsb2Fkc1wvMjAxN1wvMDlcL0J1Y2h0ZWwuanBnIn0%3D\">\n\t\t\t\t\t\t\t<img fetchpriority=\"high\" decoding=\"async\" width=\"600\" height=\"390\" src=\"https:\/\/www.hanfcooking.at\/wp-content\/uploads\/2017\/09\/Buchtel.jpg\" class=\"attachment-large size-large wp-image-1441\" alt=\"\" srcset=\"https:\/\/www.hanfcooking.at\/wp-content\/uploads\/2017\/09\/Buchtel.jpg 600w, https:\/\/www.hanfcooking.at\/wp-content\/uploads\/2017\/09\/Buchtel-300x195.jpg 300w, https:\/\/www.hanfcooking.at\/wp-content\/uploads\/2017\/09\/Buchtel-230x150.jpg 230w, https:\/\/www.hanfcooking.at\/wp-content\/uploads\/2017\/09\/Buchtel-350x228.jpg 350w, https:\/\/www.hanfcooking.at\/wp-content\/uploads\/2017\/09\/Buchtel-480x312.jpg 480w\" sizes=\"(max-width: 600px) 100vw, 600px\" \/>\t\t\t\t\t\t\t\t<\/a>\n\t\t\t\t\t\t\t\t\t\t\t\t\t\t\t<\/div>\n\t\t\t\t<\/div>\n\t\t\t\t\t<\/div>\n\t\t<\/div>\n\t\t\t\t<div class=\"elementor-column elementor-col-33 elementor-top-column elementor-element elementor-element-a4ih4ny\" data-id=\"a4ih4ny\" data-element_type=\"column\" data-e-type=\"column\">\n\t\t\t<div class=\"elementor-widget-wrap elementor-element-populated\">\n\t\t\t\t\t\t<div class=\"elementor-element elementor-element-efs7olh elementor-widget elementor-widget-text-editor\" data-id=\"efs7olh\" data-element_type=\"widget\" data-e-type=\"widget\" data-widget_type=\"text-editor.default\">\n\t\t\t\t<div class=\"elementor-widget-container\">\n\t\t\t\t\t\t\t\t\t<p><strong>Zutaten:<\/strong><\/p><p>420 g \u00a0Dinkelmehl<br \/> 80 g Hanfmehl<br \/> 20 g Trockengerm<br \/> 80 g brauner Zucker<br \/> 1\/8 l Milch<br \/> 80 g Butter<br \/> 4 Eidotter<br \/> 1 Messerspitze Salz<br \/> \u00bd Biozitrone abgerieben<br \/> \u00bd Vanilleschote (Mark)<br \/> Butter zum Backen<\/p><p>\u00a0<\/p>\t\t\t\t\t\t\t\t<\/div>\n\t\t\t\t<\/div>\n\t\t\t\t\t<\/div>\n\t\t<\/div>\n\t\t\t\t<div class=\"elementor-column elementor-col-33 elementor-top-column elementor-element elementor-element-qkfyvwt\" data-id=\"qkfyvwt\" data-element_type=\"column\" data-e-type=\"column\">\n\t\t\t<div class=\"elementor-widget-wrap\">\n\t\t\t\t\t\t\t<\/div>\n\t\t<\/div>\n\t\t\t\t\t<\/div>\n\t\t<\/section>\n\t\t\t\t<section class=\"elementor-section elementor-top-section elementor-element elementor-element-ca3318b elementor-section-boxed elementor-section-height-default elementor-section-height-default\" data-id=\"ca3318b\" data-element_type=\"section\" data-e-type=\"section\">\n\t\t\t\t\t\t<div class=\"elementor-container elementor-column-gap-default\">\n\t\t\t\t\t<div class=\"elementor-column elementor-col-100 elementor-top-column elementor-element elementor-element-41f0ca5\" data-id=\"41f0ca5\" data-element_type=\"column\" data-e-type=\"column\">\n\t\t\t<div class=\"elementor-widget-wrap elementor-element-populated\">\n\t\t\t\t\t\t<div class=\"elementor-element elementor-element-ggm0yzk elementor-widget elementor-widget-text-editor\" data-id=\"ggm0yzk\" data-element_type=\"widget\" data-e-type=\"widget\" data-widget_type=\"text-editor.default\">\n\t\t\t\t<div class=\"elementor-widget-container\">\n\t\t\t\t\t\t\t\t\t<p><strong>Zubereitung:<\/strong><\/p><p><strong>\u00a0<\/strong>Die Milch mit dem Zucker, Vanille, Butter, Salz, erw\u00e4rmen, das Mehl mit dem Hanfmehl mischen. Die Zitronenschale dazugeben und mit der Trockengerm vermischen. Das Milchgemisch langsam in das Mehl einr\u00fchren und zu einem feinem Teig schlagen (bis sich der Teig vom Rand l\u00f6st).<\/p><p>Teig zugedeckt ca. \u00bd Stunde rasten lassen,* danach ausrollen in kleine St\u00fccke schneiden (6x6cm) in der Mitte einen kleinen L\u00f6ffel Marillenmarmelade setzen und den Teig dar\u00fcber klappen. Mit der Naht nach unten in eine gut befettete Auflaufform geben. Bei 170 ca. 35- 40 Minuten backen.*<\/p><p>Dazu passt Vanillesauce.<\/p><p>*Oder im Dampfgarer bei 40\u00b0C gehen lassen.<\/p><p>*Oder im Combid\u00e4mpfer bei 180\u00b0C 20% Feuchte 35 Minuten goldgelb backen<\/p>\t\t\t\t\t\t\t\t<\/div>\n\t\t\t\t<\/div>\n\t\t\t\t\t<\/div>\n\t\t<\/div>\n\t\t\t\t\t<\/div>\n\t\t<\/section>\n\t\t\t\t<section class=\"elementor-section elementor-top-section elementor-element elementor-element-588b9fb elementor-section-boxed elementor-section-height-default elementor-section-height-default\" data-id=\"588b9fb\" data-element_type=\"section\" data-e-type=\"section\">\n\t\t\t\t\t\t<div class=\"elementor-container elementor-column-gap-default\">\n\t\t\t\t\t<div class=\"elementor-column elementor-col-100 elementor-top-column elementor-element elementor-element-ad62dfe\" data-id=\"ad62dfe\" data-element_type=\"column\" data-e-type=\"column\">\n\t\t\t<div class=\"elementor-widget-wrap elementor-element-populated\">\n\t\t\t\t\t\t<div class=\"elementor-element elementor-element-ef66ba4 elementor-widget elementor-widget-text-editor\" data-id=\"ef66ba4\" data-element_type=\"widget\" data-e-type=\"widget\" data-widget_type=\"text-editor.default\">\n\t\t\t\t<div class=\"elementor-widget-container\">\n\t\t\t\t\t\t\t\t\t<p><a href=\"https:\/\/www.hanfcooking.at\/?page_id=1508\">\u21d0 z<\/a><a href=\"https:\/\/www.hanfcooking.at\/?page_id=1508\">ur\u00fcck Hanfrezepte<\/a><\/p>\t\t\t\t\t\t\t\t<\/div>\n\t\t\t\t<\/div>\n\t\t\t\t\t<\/div>\n\t\t<\/div>\n\t\t\t\t\t<\/div>\n\t\t<\/section>\n\t\t\t\t<\/div>\n\t\t","protected":false},"excerpt":{"rendered":"<p>Hanf-Dinkelbuchteln Zutaten: 420 g \u00a0Dinkelmehl 80 g Hanfmehl 20 g Trockengerm 80 g brauner Zucker 1\/8 l Milch 80 g Butter 4 Eidotter 1 Messerspitze Salz \u00bd Biozitrone abgerieben \u00bd Vanilleschote (Mark) Butter zum Backen \u00a0 Zubereitung: \u00a0Die Milch mit dem Zucker, Vanille, Butter, Salz, erw\u00e4rmen, das Mehl mit dem Hanfmehl mischen. Die Zitronenschale dazugeben [&hellip;]<\/p>\n","protected":false},"author":1,"featured_media":0,"parent":0,"menu_order":0,"comment_status":"closed","ping_status":"closed","template":"","meta":{"footnotes":""},"class_list":["post-1442","page","type-page","status-publish","hentry"],"yoast_head":"<!-- This site is optimized with the Yoast SEO plugin v27.3 - https:\/\/yoast.com\/product\/yoast-seo-wordpress\/ -->\n<title>Hanf-Dinkelbuchteln - hanfcooking<\/title>\n<meta name=\"robots\" content=\"index, follow, max-snippet:-1, max-image-preview:large, max-video-preview:-1\" \/>\n<link rel=\"canonical\" href=\"https:\/\/www.hanfcooking.at\/?page_id=1442\" \/>\n<meta property=\"og:locale\" content=\"de_DE\" \/>\n<meta property=\"og:type\" content=\"article\" \/>\n<meta property=\"og:title\" content=\"Hanf-Dinkelbuchteln - hanfcooking\" \/>\n<meta property=\"og:description\" content=\"Hanf-Dinkelbuchteln Zutaten: 420 g \u00a0Dinkelmehl 80 g Hanfmehl 20 g Trockengerm 80 g brauner Zucker 1\/8 l Milch 80 g Butter 4 Eidotter 1 Messerspitze Salz \u00bd Biozitrone abgerieben \u00bd Vanilleschote (Mark) Butter zum Backen \u00a0 Zubereitung: \u00a0Die Milch mit dem Zucker, Vanille, Butter, Salz, erw\u00e4rmen, das Mehl mit dem Hanfmehl mischen. Die Zitronenschale dazugeben [&hellip;]\" \/>\n<meta property=\"og:url\" content=\"https:\/\/www.hanfcooking.at\/?page_id=1442\" \/>\n<meta property=\"og:site_name\" content=\"hanfcooking\" \/>\n<meta property=\"article:publisher\" content=\"https:\/\/www.facebook.com\/hanfcooking\" \/>\n<meta property=\"article:modified_time\" content=\"2026-03-24T08:56:29+00:00\" \/>\n<meta property=\"og:image\" content=\"https:\/\/www.hanfcooking.at\/wp-content\/uploads\/2017\/09\/Buchtel.jpg\" \/>\n\t<meta property=\"og:image:width\" content=\"600\" \/>\n\t<meta property=\"og:image:height\" content=\"390\" \/>\n\t<meta property=\"og:image:type\" content=\"image\/jpeg\" \/>\n<meta name=\"twitter:card\" content=\"summary_large_image\" \/>\n<meta name=\"twitter:label1\" content=\"Gesch\u00e4tzte Lesezeit\" \/>\n\t<meta name=\"twitter:data1\" content=\"2\u00a0Minuten\" \/>\n<script type=\"application\/ld+json\" class=\"yoast-schema-graph\">{\"@context\":\"https:\\\/\\\/schema.org\",\"@graph\":[{\"@type\":\"WebPage\",\"@id\":\"https:\\\/\\\/www.hanfcooking.at\\\/?page_id=1442\",\"url\":\"https:\\\/\\\/www.hanfcooking.at\\\/?page_id=1442\",\"name\":\"Hanf-Dinkelbuchteln - hanfcooking\",\"isPartOf\":{\"@id\":\"https:\\\/\\\/www.hanfcooking.at\\\/#website\"},\"primaryImageOfPage\":{\"@id\":\"https:\\\/\\\/www.hanfcooking.at\\\/?page_id=1442#primaryimage\"},\"image\":{\"@id\":\"https:\\\/\\\/www.hanfcooking.at\\\/?page_id=1442#primaryimage\"},\"thumbnailUrl\":\"http:\\\/\\\/www.hanfcooking.at\\\/wp-content\\\/uploads\\\/2017\\\/09\\\/Buchtel.jpg\",\"datePublished\":\"2017-09-20T08:07:36+00:00\",\"dateModified\":\"2026-03-24T08:56:29+00:00\",\"breadcrumb\":{\"@id\":\"https:\\\/\\\/www.hanfcooking.at\\\/?page_id=1442#breadcrumb\"},\"inLanguage\":\"de\",\"potentialAction\":[{\"@type\":\"ReadAction\",\"target\":[\"https:\\\/\\\/www.hanfcooking.at\\\/?page_id=1442\"]}]},{\"@type\":\"ImageObject\",\"inLanguage\":\"de\",\"@id\":\"https:\\\/\\\/www.hanfcooking.at\\\/?page_id=1442#primaryimage\",\"url\":\"http:\\\/\\\/www.hanfcooking.at\\\/wp-content\\\/uploads\\\/2017\\\/09\\\/Buchtel.jpg\",\"contentUrl\":\"http:\\\/\\\/www.hanfcooking.at\\\/wp-content\\\/uploads\\\/2017\\\/09\\\/Buchtel.jpg\"},{\"@type\":\"BreadcrumbList\",\"@id\":\"https:\\\/\\\/www.hanfcooking.at\\\/?page_id=1442#breadcrumb\",\"itemListElement\":[{\"@type\":\"ListItem\",\"position\":1,\"name\":\"Startseite\",\"item\":\"https:\\\/\\\/www.hanfcooking.at\\\/\"},{\"@type\":\"ListItem\",\"position\":2,\"name\":\"Hanf-Dinkelbuchteln\"}]},{\"@type\":\"WebSite\",\"@id\":\"https:\\\/\\\/www.hanfcooking.at\\\/#website\",\"url\":\"https:\\\/\\\/www.hanfcooking.at\\\/\",\"name\":\"www.hanfcooking.at\",\"description\":\"kochen mit Hanf\",\"publisher\":{\"@id\":\"https:\\\/\\\/www.hanfcooking.at\\\/#\\\/schema\\\/person\\\/da89f7747a1d1384549251d16488c1fc\"},\"alternateName\":\"Hanfkueche\",\"potentialAction\":[{\"@type\":\"SearchAction\",\"target\":{\"@type\":\"EntryPoint\",\"urlTemplate\":\"https:\\\/\\\/www.hanfcooking.at\\\/?s={search_term_string}\"},\"query-input\":{\"@type\":\"PropertyValueSpecification\",\"valueRequired\":true,\"valueName\":\"search_term_string\"}}],\"inLanguage\":\"de\"},{\"@type\":[\"Person\",\"Organization\"],\"@id\":\"https:\\\/\\\/www.hanfcooking.at\\\/#\\\/schema\\\/person\\\/da89f7747a1d1384549251d16488c1fc\",\"name\":\"Friedrich Pinteritsch\",\"image\":{\"@type\":\"ImageObject\",\"inLanguage\":\"de\",\"@id\":\"https:\\\/\\\/www.hanfcooking.at\\\/wp-content\\\/uploads\\\/2022\\\/10\\\/HP-logo-e1665761885673.jpg\",\"url\":\"https:\\\/\\\/www.hanfcooking.at\\\/wp-content\\\/uploads\\\/2022\\\/10\\\/HP-logo-e1665761885673.jpg\",\"contentUrl\":\"https:\\\/\\\/www.hanfcooking.at\\\/wp-content\\\/uploads\\\/2022\\\/10\\\/HP-logo-e1665761885673.jpg\",\"width\":300,\"height\":240,\"caption\":\"Friedrich Pinteritsch\"},\"logo\":{\"@id\":\"https:\\\/\\\/www.hanfcooking.at\\\/wp-content\\\/uploads\\\/2022\\\/10\\\/HP-logo-e1665761885673.jpg\"},\"sameAs\":[\"http:\\\/\\\/hanfcooking.at\",\"https:\\\/\\\/www.facebook.com\\\/hanfcooking\"]}]}<\/script>\n<!-- \/ Yoast SEO plugin. -->","yoast_head_json":{"title":"Hanf-Dinkelbuchteln - hanfcooking","robots":{"index":"index","follow":"follow","max-snippet":"max-snippet:-1","max-image-preview":"max-image-preview:large","max-video-preview":"max-video-preview:-1"},"canonical":"https:\/\/www.hanfcooking.at\/?page_id=1442","og_locale":"de_DE","og_type":"article","og_title":"Hanf-Dinkelbuchteln - hanfcooking","og_description":"Hanf-Dinkelbuchteln Zutaten: 420 g \u00a0Dinkelmehl 80 g Hanfmehl 20 g Trockengerm 80 g brauner Zucker 1\/8 l Milch 80 g Butter 4 Eidotter 1 Messerspitze Salz \u00bd Biozitrone abgerieben \u00bd Vanilleschote (Mark) Butter zum Backen \u00a0 Zubereitung: \u00a0Die Milch mit dem Zucker, Vanille, Butter, Salz, erw\u00e4rmen, das Mehl mit dem Hanfmehl mischen. Die Zitronenschale dazugeben [&hellip;]","og_url":"https:\/\/www.hanfcooking.at\/?page_id=1442","og_site_name":"hanfcooking","article_publisher":"https:\/\/www.facebook.com\/hanfcooking","article_modified_time":"2026-03-24T08:56:29+00:00","og_image":[{"width":600,"height":390,"url":"https:\/\/www.hanfcooking.at\/wp-content\/uploads\/2017\/09\/Buchtel.jpg","type":"image\/jpeg"}],"twitter_card":"summary_large_image","twitter_misc":{"Gesch\u00e4tzte Lesezeit":"2\u00a0Minuten"},"schema":{"@context":"https:\/\/schema.org","@graph":[{"@type":"WebPage","@id":"https:\/\/www.hanfcooking.at\/?page_id=1442","url":"https:\/\/www.hanfcooking.at\/?page_id=1442","name":"Hanf-Dinkelbuchteln - hanfcooking","isPartOf":{"@id":"https:\/\/www.hanfcooking.at\/#website"},"primaryImageOfPage":{"@id":"https:\/\/www.hanfcooking.at\/?page_id=1442#primaryimage"},"image":{"@id":"https:\/\/www.hanfcooking.at\/?page_id=1442#primaryimage"},"thumbnailUrl":"http:\/\/www.hanfcooking.at\/wp-content\/uploads\/2017\/09\/Buchtel.jpg","datePublished":"2017-09-20T08:07:36+00:00","dateModified":"2026-03-24T08:56:29+00:00","breadcrumb":{"@id":"https:\/\/www.hanfcooking.at\/?page_id=1442#breadcrumb"},"inLanguage":"de","potentialAction":[{"@type":"ReadAction","target":["https:\/\/www.hanfcooking.at\/?page_id=1442"]}]},{"@type":"ImageObject","inLanguage":"de","@id":"https:\/\/www.hanfcooking.at\/?page_id=1442#primaryimage","url":"http:\/\/www.hanfcooking.at\/wp-content\/uploads\/2017\/09\/Buchtel.jpg","contentUrl":"http:\/\/www.hanfcooking.at\/wp-content\/uploads\/2017\/09\/Buchtel.jpg"},{"@type":"BreadcrumbList","@id":"https:\/\/www.hanfcooking.at\/?page_id=1442#breadcrumb","itemListElement":[{"@type":"ListItem","position":1,"name":"Startseite","item":"https:\/\/www.hanfcooking.at\/"},{"@type":"ListItem","position":2,"name":"Hanf-Dinkelbuchteln"}]},{"@type":"WebSite","@id":"https:\/\/www.hanfcooking.at\/#website","url":"https:\/\/www.hanfcooking.at\/","name":"www.hanfcooking.at","description":"kochen mit Hanf","publisher":{"@id":"https:\/\/www.hanfcooking.at\/#\/schema\/person\/da89f7747a1d1384549251d16488c1fc"},"alternateName":"Hanfkueche","potentialAction":[{"@type":"SearchAction","target":{"@type":"EntryPoint","urlTemplate":"https:\/\/www.hanfcooking.at\/?s={search_term_string}"},"query-input":{"@type":"PropertyValueSpecification","valueRequired":true,"valueName":"search_term_string"}}],"inLanguage":"de"},{"@type":["Person","Organization"],"@id":"https:\/\/www.hanfcooking.at\/#\/schema\/person\/da89f7747a1d1384549251d16488c1fc","name":"Friedrich Pinteritsch","image":{"@type":"ImageObject","inLanguage":"de","@id":"https:\/\/www.hanfcooking.at\/wp-content\/uploads\/2022\/10\/HP-logo-e1665761885673.jpg","url":"https:\/\/www.hanfcooking.at\/wp-content\/uploads\/2022\/10\/HP-logo-e1665761885673.jpg","contentUrl":"https:\/\/www.hanfcooking.at\/wp-content\/uploads\/2022\/10\/HP-logo-e1665761885673.jpg","width":300,"height":240,"caption":"Friedrich Pinteritsch"},"logo":{"@id":"https:\/\/www.hanfcooking.at\/wp-content\/uploads\/2022\/10\/HP-logo-e1665761885673.jpg"},"sameAs":["http:\/\/hanfcooking.at","https:\/\/www.facebook.com\/hanfcooking"]}]}},"_links":{"self":[{"href":"https:\/\/www.hanfcooking.at\/index.php?rest_route=\/wp\/v2\/pages\/1442","targetHints":{"allow":["GET"]}}],"collection":[{"href":"https:\/\/www.hanfcooking.at\/index.php?rest_route=\/wp\/v2\/pages"}],"about":[{"href":"https:\/\/www.hanfcooking.at\/index.php?rest_route=\/wp\/v2\/types\/page"}],"author":[{"embeddable":true,"href":"https:\/\/www.hanfcooking.at\/index.php?rest_route=\/wp\/v2\/users\/1"}],"replies":[{"embeddable":true,"href":"https:\/\/www.hanfcooking.at\/index.php?rest_route=%2Fwp%2Fv2%2Fcomments&post=1442"}],"version-history":[{"count":7,"href":"https:\/\/www.hanfcooking.at\/index.php?rest_route=\/wp\/v2\/pages\/1442\/revisions"}],"predecessor-version":[{"id":5137,"href":"https:\/\/www.hanfcooking.at\/index.php?rest_route=\/wp\/v2\/pages\/1442\/revisions\/5137"}],"wp:attachment":[{"href":"https:\/\/www.hanfcooking.at\/index.php?rest_route=%2Fwp%2Fv2%2Fmedia&parent=1442"}],"curies":[{"name":"wp","href":"https:\/\/api.w.org\/{rel}","templated":true}]}}