{"id":1140,"date":"2017-09-14T15:24:51","date_gmt":"2017-09-14T13:24:51","guid":{"rendered":"http:\/\/www.hanfcooking.at\/blog\/?page_id=1140"},"modified":"2026-03-24T10:39:22","modified_gmt":"2026-03-24T09:39:22","slug":"neue-rezepte","status":"publish","type":"page","link":"https:\/\/www.hanfcooking.at\/?page_id=1140","title":{"rendered":"Hanfbiergulasch"},"content":{"rendered":"\t\t<div data-elementor-type=\"wp-post\" data-elementor-id=\"1140\" class=\"elementor elementor-1140\">\n\t\t\t\t\t\t<section class=\"elementor-section elementor-top-section elementor-element elementor-element-d687563 elementor-section-boxed elementor-section-height-default elementor-section-height-default\" data-id=\"d687563\" data-element_type=\"section\" data-e-type=\"section\">\n\t\t\t\t\t\t<div class=\"elementor-container elementor-column-gap-default\">\n\t\t\t\t\t<div class=\"elementor-column elementor-col-100 elementor-top-column elementor-element elementor-element-c94d253\" data-id=\"c94d253\" data-element_type=\"column\" data-e-type=\"column\">\n\t\t\t<div class=\"elementor-widget-wrap elementor-element-populated\">\n\t\t\t\t\t\t<div class=\"elementor-element elementor-element-1325207 elementor-widget elementor-widget-text-editor\" data-id=\"1325207\" data-element_type=\"widget\" data-e-type=\"widget\" data-widget_type=\"text-editor.default\">\n\t\t\t\t<div class=\"elementor-widget-container\">\n\t\t\t\t\t\t\t\t\t<h1>Hanfbiergulasch<\/h1>\t\t\t\t\t\t\t\t<\/div>\n\t\t\t\t<\/div>\n\t\t\t\t\t<\/div>\n\t\t<\/div>\n\t\t\t\t\t<\/div>\n\t\t<\/section>\n\t\t\t\t<section class=\"elementor-section elementor-top-section elementor-element elementor-element-pgz7uus elementor-section-boxed elementor-section-height-default elementor-section-height-default\" data-id=\"pgz7uus\" data-element_type=\"section\" data-e-type=\"section\">\n\t\t\t\t\t\t<div class=\"elementor-container elementor-column-gap-default\">\n\t\t\t\t\t<div class=\"elementor-column elementor-col-33 elementor-top-column elementor-element elementor-element-4qc9ook\" data-id=\"4qc9ook\" data-element_type=\"column\" data-e-type=\"column\">\n\t\t\t<div class=\"elementor-widget-wrap elementor-element-populated\">\n\t\t\t\t\t\t<div class=\"elementor-element elementor-element-90ty2m0 elementor-widget elementor-widget-image\" data-id=\"90ty2m0\" data-element_type=\"widget\" data-e-type=\"widget\" data-widget_type=\"image.default\">\n\t\t\t\t<div class=\"elementor-widget-container\">\n\t\t\t\t\t\t\t\t\t\t\t\t\t\t\t\t<a href=\"http:\/\/www.hanfcooking.at\/blog\/wp-content\/uploads\/2017\/09\/IMG_7711.jpg\" data-elementor-open-lightbox=\"yes\" data-elementor-lightbox-title=\"IMG_7711\" data-e-action-hash=\"#elementor-action%3Aaction%3Dlightbox%26settings%3DeyJpZCI6MTE1MSwidXJsIjoiaHR0cHM6XC9cL3d3dy5oYW5mY29va2luZy5hdFwvd3AtY29udGVudFwvdXBsb2Fkc1wvMjAxN1wvMDlcL0lNR183NzExLmpwZyJ9\">\n\t\t\t\t\t\t\t<img fetchpriority=\"high\" decoding=\"async\" width=\"750\" height=\"500\" src=\"https:\/\/www.hanfcooking.at\/wp-content\/uploads\/2017\/09\/IMG_7711-1024x683.jpg\" class=\"attachment-large size-large wp-image-1151\" alt=\"\" srcset=\"https:\/\/www.hanfcooking.at\/wp-content\/uploads\/2017\/09\/IMG_7711-1024x683.jpg 1024w, https:\/\/www.hanfcooking.at\/wp-content\/uploads\/2017\/09\/IMG_7711-300x200.jpg 300w, https:\/\/www.hanfcooking.at\/wp-content\/uploads\/2017\/09\/IMG_7711-768x512.jpg 768w, https:\/\/www.hanfcooking.at\/wp-content\/uploads\/2017\/09\/IMG_7711-830x553.jpg 830w, https:\/\/www.hanfcooking.at\/wp-content\/uploads\/2017\/09\/IMG_7711-230x153.jpg 230w, https:\/\/www.hanfcooking.at\/wp-content\/uploads\/2017\/09\/IMG_7711-350x233.jpg 350w, https:\/\/www.hanfcooking.at\/wp-content\/uploads\/2017\/09\/IMG_7711-480x320.jpg 480w\" sizes=\"(max-width: 750px) 100vw, 750px\" \/>\t\t\t\t\t\t\t\t<\/a>\n\t\t\t\t\t\t\t\t\t\t\t\t\t\t\t<\/div>\n\t\t\t\t<\/div>\n\t\t\t\t\t<\/div>\n\t\t<\/div>\n\t\t\t\t<div class=\"elementor-column elementor-col-33 elementor-top-column elementor-element elementor-element-72r2i81\" data-id=\"72r2i81\" data-element_type=\"column\" data-e-type=\"column\">\n\t\t\t<div class=\"elementor-widget-wrap elementor-element-populated\">\n\t\t\t\t\t\t<div class=\"elementor-element elementor-element-qko4mlt elementor-widget elementor-widget-text-editor\" data-id=\"qko4mlt\" data-element_type=\"widget\" data-e-type=\"widget\" data-widget_type=\"text-editor.default\">\n\t\t\t\t<div class=\"elementor-widget-container\">\n\t\t\t\t\t\t\t\t\t<p>Zutaten:<br \/> 750 g Wadschinken<br \/> 750 g Zwiebeln<br \/> 1 TL K\u00fcmmel<br \/> Thymian, Salz<br \/> \u00bd ltr. Biohanfbier<br \/> \u00bc ltr. Tomatensaft<br \/> 150 g trockenes Hanfbrot (am besten ein Scherzl)<br \/> 100 g Schmalz<br \/> 2 EL s\u00fc\u00dfer Paprika<br \/> 1\/2 TL Scharfer Paprika<br \/> 300 g Tomaten<br \/> 2 Zehen Knoblauch<\/p>\t\t\t\t\t\t\t\t<\/div>\n\t\t\t\t<\/div>\n\t\t\t\t\t<\/div>\n\t\t<\/div>\n\t\t\t\t<div class=\"elementor-column elementor-col-33 elementor-top-column elementor-element elementor-element-hd7ni8c\" data-id=\"hd7ni8c\" data-element_type=\"column\" data-e-type=\"column\">\n\t\t\t<div class=\"elementor-widget-wrap\">\n\t\t\t\t\t\t\t<\/div>\n\t\t<\/div>\n\t\t\t\t\t<\/div>\n\t\t<\/section>\n\t\t\t\t<section class=\"elementor-section elementor-top-section elementor-element elementor-element-7b31dbe elementor-section-boxed elementor-section-height-default elementor-section-height-default\" data-id=\"7b31dbe\" data-element_type=\"section\" data-e-type=\"section\">\n\t\t\t\t\t\t<div class=\"elementor-container elementor-column-gap-default\">\n\t\t\t\t\t<div class=\"elementor-column elementor-col-100 elementor-top-column elementor-element elementor-element-2e25d5f\" data-id=\"2e25d5f\" data-element_type=\"column\" data-e-type=\"column\">\n\t\t\t<div class=\"elementor-widget-wrap elementor-element-populated\">\n\t\t\t\t\t\t<div class=\"elementor-element elementor-element-offgx7w elementor-widget elementor-widget-text-editor\" data-id=\"offgx7w\" data-element_type=\"widget\" data-e-type=\"widget\" data-widget_type=\"text-editor.default\">\n\t\t\t\t<div class=\"elementor-widget-container\">\n\t\t\t\t\t\t\t\t\t<p><strong>Zubereitung:<\/strong><\/p><p><strong>\u00a0<\/strong>Fleisch in Daumengro\u00dfe St\u00fccke, und Zwiebeln in Scheiben schneiden. Zuerst die Zwiebel im Fett glasig d\u00fcnsten, den fein gehackten Knoblauch kurz mitr\u00f6sten Fleisch dazu zugeben und anbraten. Dann den Paprika kurz mitr\u00f6sten und sofort mit dem Biohanfbier und dem Tomatensaft abl\u00f6schen. Die \u00fcbrigen Gew\u00fcrze und das Hanfbrot beif\u00fcgen. Zugedeckt \u00fcber mittlerem Feuer in etwa 1 \u00bd Std. gar d\u00fcnsten. Das Fleisch aus dem Saft ausstechen und mit einem Stabmixer den Saft mit dem Zwiebel und dem Brot s\u00e4mig mixen. Das Fleisch wieder zur\u00fcckgeben und nochmals abschmecken.<\/p>\t\t\t\t\t\t\t\t<\/div>\n\t\t\t\t<\/div>\n\t\t\t\t\t<\/div>\n\t\t<\/div>\n\t\t\t\t\t<\/div>\n\t\t<\/section>\n\t\t\t\t<section class=\"elementor-section elementor-top-section elementor-element elementor-element-6f4c7f4 elementor-section-boxed elementor-section-height-default elementor-section-height-default\" data-id=\"6f4c7f4\" data-element_type=\"section\" data-e-type=\"section\">\n\t\t\t\t\t\t<div class=\"elementor-container elementor-column-gap-default\">\n\t\t\t\t\t<div class=\"elementor-column elementor-col-100 elementor-top-column elementor-element elementor-element-31b6221\" data-id=\"31b6221\" data-element_type=\"column\" data-e-type=\"column\">\n\t\t\t<div class=\"elementor-widget-wrap elementor-element-populated\">\n\t\t\t\t\t\t<div class=\"elementor-element elementor-element-537130b elementor-widget elementor-widget-text-editor\" data-id=\"537130b\" data-element_type=\"widget\" data-e-type=\"widget\" data-widget_type=\"text-editor.default\">\n\t\t\t\t<div class=\"elementor-widget-container\">\n\t\t\t\t\t\t\t\t\t<p><a href=\"https:\/\/www.hanfcooking.at\/?page_id=1508\">\u21d0 z<\/a><a href=\"https:\/\/www.hanfcooking.at\/?page_id=1508\">ur\u00fcck Hanfrezepte<\/a><\/p>\t\t\t\t\t\t\t\t<\/div>\n\t\t\t\t<\/div>\n\t\t\t\t\t<\/div>\n\t\t<\/div>\n\t\t\t\t\t<\/div>\n\t\t<\/section>\n\t\t\t\t<\/div>\n\t\t","protected":false},"excerpt":{"rendered":"<p>Hanfbiergulasch Zutaten: 750 g Wadschinken 750 g Zwiebeln 1 TL K\u00fcmmel Thymian, Salz \u00bd ltr. Biohanfbier \u00bc ltr. Tomatensaft 150 g trockenes Hanfbrot (am besten ein Scherzl) 100 g Schmalz 2 EL s\u00fc\u00dfer Paprika 1\/2 TL Scharfer Paprika 300 g Tomaten 2 Zehen Knoblauch Zubereitung: \u00a0Fleisch in Daumengro\u00dfe St\u00fccke, und Zwiebeln in Scheiben schneiden. Zuerst [&hellip;]<\/p>\n","protected":false},"author":1,"featured_media":0,"parent":0,"menu_order":0,"comment_status":"closed","ping_status":"closed","template":"","meta":{"footnotes":""},"class_list":["post-1140","page","type-page","status-publish","hentry"],"yoast_head":"<!-- This site is optimized with the Yoast SEO plugin v27.5 - https:\/\/yoast.com\/product\/yoast-seo-wordpress\/ -->\n<title>Hanfbiergulasch - hanfcooking<\/title>\n<meta name=\"robots\" content=\"index, follow, max-snippet:-1, max-image-preview:large, max-video-preview:-1\" \/>\n<link rel=\"canonical\" href=\"https:\/\/www.hanfcooking.at\/?page_id=1140\" \/>\n<meta property=\"og:locale\" content=\"de_DE\" \/>\n<meta property=\"og:type\" content=\"article\" \/>\n<meta property=\"og:title\" content=\"Hanfbiergulasch - hanfcooking\" \/>\n<meta property=\"og:description\" content=\"Hanfbiergulasch Zutaten: 750 g Wadschinken 750 g Zwiebeln 1 TL K\u00fcmmel Thymian, Salz \u00bd ltr. Biohanfbier \u00bc ltr. Tomatensaft 150 g trockenes Hanfbrot (am besten ein Scherzl) 100 g Schmalz 2 EL s\u00fc\u00dfer Paprika 1\/2 TL Scharfer Paprika 300 g Tomaten 2 Zehen Knoblauch Zubereitung: \u00a0Fleisch in Daumengro\u00dfe St\u00fccke, und Zwiebeln in Scheiben schneiden. Zuerst [&hellip;]\" \/>\n<meta property=\"og:url\" content=\"https:\/\/www.hanfcooking.at\/?page_id=1140\" \/>\n<meta property=\"og:site_name\" content=\"hanfcooking\" \/>\n<meta property=\"article:publisher\" content=\"https:\/\/www.facebook.com\/hanfcooking\" \/>\n<meta property=\"article:modified_time\" content=\"2026-03-24T09:39:22+00:00\" \/>\n<meta property=\"og:image\" content=\"https:\/\/www.hanfcooking.at\/wp-content\/uploads\/2017\/09\/IMG_7711-1024x683.jpg\" \/>\n\t<meta property=\"og:image:width\" content=\"1024\" \/>\n\t<meta property=\"og:image:height\" content=\"683\" \/>\n\t<meta property=\"og:image:type\" content=\"image\/jpeg\" \/>\n<meta name=\"twitter:card\" content=\"summary_large_image\" \/>\n<meta name=\"twitter:label1\" content=\"Gesch\u00e4tzte Lesezeit\" \/>\n\t<meta name=\"twitter:data1\" content=\"1\u00a0Minute\" \/>\n<script type=\"application\/ld+json\" class=\"yoast-schema-graph\">{\"@context\":\"https:\\\/\\\/schema.org\",\"@graph\":[{\"@type\":\"WebPage\",\"@id\":\"https:\\\/\\\/www.hanfcooking.at\\\/?page_id=1140\",\"url\":\"https:\\\/\\\/www.hanfcooking.at\\\/?page_id=1140\",\"name\":\"Hanfbiergulasch - hanfcooking\",\"isPartOf\":{\"@id\":\"https:\\\/\\\/www.hanfcooking.at\\\/#website\"},\"primaryImageOfPage\":{\"@id\":\"https:\\\/\\\/www.hanfcooking.at\\\/?page_id=1140#primaryimage\"},\"image\":{\"@id\":\"https:\\\/\\\/www.hanfcooking.at\\\/?page_id=1140#primaryimage\"},\"thumbnailUrl\":\"http:\\\/\\\/www.hanfcooking.at\\\/wp-content\\\/uploads\\\/2017\\\/09\\\/IMG_7711-1024x683.jpg\",\"datePublished\":\"2017-09-14T13:24:51+00:00\",\"dateModified\":\"2026-03-24T09:39:22+00:00\",\"breadcrumb\":{\"@id\":\"https:\\\/\\\/www.hanfcooking.at\\\/?page_id=1140#breadcrumb\"},\"inLanguage\":\"de\",\"potentialAction\":[{\"@type\":\"ReadAction\",\"target\":[\"https:\\\/\\\/www.hanfcooking.at\\\/?page_id=1140\"]}]},{\"@type\":\"ImageObject\",\"inLanguage\":\"de\",\"@id\":\"https:\\\/\\\/www.hanfcooking.at\\\/?page_id=1140#primaryimage\",\"url\":\"https:\\\/\\\/www.hanfcooking.at\\\/wp-content\\\/uploads\\\/2017\\\/09\\\/IMG_7711.jpg\",\"contentUrl\":\"https:\\\/\\\/www.hanfcooking.at\\\/wp-content\\\/uploads\\\/2017\\\/09\\\/IMG_7711.jpg\",\"width\":3072,\"height\":2048},{\"@type\":\"BreadcrumbList\",\"@id\":\"https:\\\/\\\/www.hanfcooking.at\\\/?page_id=1140#breadcrumb\",\"itemListElement\":[{\"@type\":\"ListItem\",\"position\":1,\"name\":\"Startseite\",\"item\":\"https:\\\/\\\/www.hanfcooking.at\\\/\"},{\"@type\":\"ListItem\",\"position\":2,\"name\":\"Hanfbiergulasch\"}]},{\"@type\":\"WebSite\",\"@id\":\"https:\\\/\\\/www.hanfcooking.at\\\/#website\",\"url\":\"https:\\\/\\\/www.hanfcooking.at\\\/\",\"name\":\"www.hanfcooking.at\",\"description\":\"kochen mit Hanf\",\"publisher\":{\"@id\":\"https:\\\/\\\/www.hanfcooking.at\\\/#\\\/schema\\\/person\\\/da89f7747a1d1384549251d16488c1fc\"},\"alternateName\":\"Hanfkueche\",\"potentialAction\":[{\"@type\":\"SearchAction\",\"target\":{\"@type\":\"EntryPoint\",\"urlTemplate\":\"https:\\\/\\\/www.hanfcooking.at\\\/?s={search_term_string}\"},\"query-input\":{\"@type\":\"PropertyValueSpecification\",\"valueRequired\":true,\"valueName\":\"search_term_string\"}}],\"inLanguage\":\"de\"},{\"@type\":[\"Person\",\"Organization\"],\"@id\":\"https:\\\/\\\/www.hanfcooking.at\\\/#\\\/schema\\\/person\\\/da89f7747a1d1384549251d16488c1fc\",\"name\":\"Friedrich Pinteritsch\",\"image\":{\"@type\":\"ImageObject\",\"inLanguage\":\"de\",\"@id\":\"https:\\\/\\\/www.hanfcooking.at\\\/wp-content\\\/uploads\\\/2022\\\/10\\\/HP-logo-e1665761885673.jpg\",\"url\":\"https:\\\/\\\/www.hanfcooking.at\\\/wp-content\\\/uploads\\\/2022\\\/10\\\/HP-logo-e1665761885673.jpg\",\"contentUrl\":\"https:\\\/\\\/www.hanfcooking.at\\\/wp-content\\\/uploads\\\/2022\\\/10\\\/HP-logo-e1665761885673.jpg\",\"width\":300,\"height\":240,\"caption\":\"Friedrich Pinteritsch\"},\"logo\":{\"@id\":\"https:\\\/\\\/www.hanfcooking.at\\\/wp-content\\\/uploads\\\/2022\\\/10\\\/HP-logo-e1665761885673.jpg\"},\"sameAs\":[\"http:\\\/\\\/hanfcooking.at\",\"https:\\\/\\\/www.facebook.com\\\/hanfcooking\"]}]}<\/script>\n<!-- \/ Yoast SEO plugin. -->","yoast_head_json":{"title":"Hanfbiergulasch - hanfcooking","robots":{"index":"index","follow":"follow","max-snippet":"max-snippet:-1","max-image-preview":"max-image-preview:large","max-video-preview":"max-video-preview:-1"},"canonical":"https:\/\/www.hanfcooking.at\/?page_id=1140","og_locale":"de_DE","og_type":"article","og_title":"Hanfbiergulasch - hanfcooking","og_description":"Hanfbiergulasch Zutaten: 750 g Wadschinken 750 g Zwiebeln 1 TL K\u00fcmmel Thymian, Salz \u00bd ltr. Biohanfbier \u00bc ltr. Tomatensaft 150 g trockenes Hanfbrot (am besten ein Scherzl) 100 g Schmalz 2 EL s\u00fc\u00dfer Paprika 1\/2 TL Scharfer Paprika 300 g Tomaten 2 Zehen Knoblauch Zubereitung: \u00a0Fleisch in Daumengro\u00dfe St\u00fccke, und Zwiebeln in Scheiben schneiden. Zuerst [&hellip;]","og_url":"https:\/\/www.hanfcooking.at\/?page_id=1140","og_site_name":"hanfcooking","article_publisher":"https:\/\/www.facebook.com\/hanfcooking","article_modified_time":"2026-03-24T09:39:22+00:00","og_image":[{"width":1024,"height":683,"url":"https:\/\/www.hanfcooking.at\/wp-content\/uploads\/2017\/09\/IMG_7711-1024x683.jpg","type":"image\/jpeg"}],"twitter_card":"summary_large_image","twitter_misc":{"Gesch\u00e4tzte Lesezeit":"1\u00a0Minute"},"schema":{"@context":"https:\/\/schema.org","@graph":[{"@type":"WebPage","@id":"https:\/\/www.hanfcooking.at\/?page_id=1140","url":"https:\/\/www.hanfcooking.at\/?page_id=1140","name":"Hanfbiergulasch - hanfcooking","isPartOf":{"@id":"https:\/\/www.hanfcooking.at\/#website"},"primaryImageOfPage":{"@id":"https:\/\/www.hanfcooking.at\/?page_id=1140#primaryimage"},"image":{"@id":"https:\/\/www.hanfcooking.at\/?page_id=1140#primaryimage"},"thumbnailUrl":"http:\/\/www.hanfcooking.at\/wp-content\/uploads\/2017\/09\/IMG_7711-1024x683.jpg","datePublished":"2017-09-14T13:24:51+00:00","dateModified":"2026-03-24T09:39:22+00:00","breadcrumb":{"@id":"https:\/\/www.hanfcooking.at\/?page_id=1140#breadcrumb"},"inLanguage":"de","potentialAction":[{"@type":"ReadAction","target":["https:\/\/www.hanfcooking.at\/?page_id=1140"]}]},{"@type":"ImageObject","inLanguage":"de","@id":"https:\/\/www.hanfcooking.at\/?page_id=1140#primaryimage","url":"https:\/\/www.hanfcooking.at\/wp-content\/uploads\/2017\/09\/IMG_7711.jpg","contentUrl":"https:\/\/www.hanfcooking.at\/wp-content\/uploads\/2017\/09\/IMG_7711.jpg","width":3072,"height":2048},{"@type":"BreadcrumbList","@id":"https:\/\/www.hanfcooking.at\/?page_id=1140#breadcrumb","itemListElement":[{"@type":"ListItem","position":1,"name":"Startseite","item":"https:\/\/www.hanfcooking.at\/"},{"@type":"ListItem","position":2,"name":"Hanfbiergulasch"}]},{"@type":"WebSite","@id":"https:\/\/www.hanfcooking.at\/#website","url":"https:\/\/www.hanfcooking.at\/","name":"www.hanfcooking.at","description":"kochen mit Hanf","publisher":{"@id":"https:\/\/www.hanfcooking.at\/#\/schema\/person\/da89f7747a1d1384549251d16488c1fc"},"alternateName":"Hanfkueche","potentialAction":[{"@type":"SearchAction","target":{"@type":"EntryPoint","urlTemplate":"https:\/\/www.hanfcooking.at\/?s={search_term_string}"},"query-input":{"@type":"PropertyValueSpecification","valueRequired":true,"valueName":"search_term_string"}}],"inLanguage":"de"},{"@type":["Person","Organization"],"@id":"https:\/\/www.hanfcooking.at\/#\/schema\/person\/da89f7747a1d1384549251d16488c1fc","name":"Friedrich Pinteritsch","image":{"@type":"ImageObject","inLanguage":"de","@id":"https:\/\/www.hanfcooking.at\/wp-content\/uploads\/2022\/10\/HP-logo-e1665761885673.jpg","url":"https:\/\/www.hanfcooking.at\/wp-content\/uploads\/2022\/10\/HP-logo-e1665761885673.jpg","contentUrl":"https:\/\/www.hanfcooking.at\/wp-content\/uploads\/2022\/10\/HP-logo-e1665761885673.jpg","width":300,"height":240,"caption":"Friedrich Pinteritsch"},"logo":{"@id":"https:\/\/www.hanfcooking.at\/wp-content\/uploads\/2022\/10\/HP-logo-e1665761885673.jpg"},"sameAs":["http:\/\/hanfcooking.at","https:\/\/www.facebook.com\/hanfcooking"]}]}},"_links":{"self":[{"href":"https:\/\/www.hanfcooking.at\/index.php?rest_route=\/wp\/v2\/pages\/1140","targetHints":{"allow":["GET"]}}],"collection":[{"href":"https:\/\/www.hanfcooking.at\/index.php?rest_route=\/wp\/v2\/pages"}],"about":[{"href":"https:\/\/www.hanfcooking.at\/index.php?rest_route=\/wp\/v2\/types\/page"}],"author":[{"embeddable":true,"href":"https:\/\/www.hanfcooking.at\/index.php?rest_route=\/wp\/v2\/users\/1"}],"replies":[{"embeddable":true,"href":"https:\/\/www.hanfcooking.at\/index.php?rest_route=%2Fwp%2Fv2%2Fcomments&post=1140"}],"version-history":[{"count":14,"href":"https:\/\/www.hanfcooking.at\/index.php?rest_route=\/wp\/v2\/pages\/1140\/revisions"}],"predecessor-version":[{"id":5161,"href":"https:\/\/www.hanfcooking.at\/index.php?rest_route=\/wp\/v2\/pages\/1140\/revisions\/5161"}],"wp:attachment":[{"href":"https:\/\/www.hanfcooking.at\/index.php?rest_route=%2Fwp%2Fv2%2Fmedia&parent=1140"}],"curies":[{"name":"wp","href":"https:\/\/api.w.org\/{rel}","templated":true}]}}